{"id":178566,"date":"2025-10-20T07:35:01","date_gmt":"2025-10-20T07:35:01","guid":{"rendered":"https:\/\/www.otiumhome.fi\/?p=178566"},"modified":"2025-12-14T17:54:25","modified_gmt":"2025-12-14T17:54:25","slug":"tv-tasosetti-2-pcs-musta-200-x-35-x-40-cm-tekninen-puu","status":"publish","type":"product","link":"https:\/\/www.otiumhome.fi\/index.php\/tuote\/tv-tasosetti-2-pcs-musta-200-x-35-x-40-cm-tekninen-puu\/","title":{"rendered":"TV-tasosetti 2 pcs Musta 200 x 35 x 40 cm Tekninen puu"},"content":{"rendered":"<p>T\u00e4m\u00e4 sein\u00e4lle asennettava TV-kaappi on tyylik\u00e4s ja moderni ratkaisu, joka sopii mihin tahansa olohuoneeseen. Minimalistinen muotoilu sulautuu nykyaikaisiin ymp\u00e4rist\u00f6ihin, tuoden mukanaan sek\u00e4 k\u00e4yt\u00e4nn\u00f6llisyytt\u00e4 ett\u00e4 tyyli\u00e4. Se on t\u00e4ydellinen valinta elektroniikan ja median s\u00e4ilytt\u00e4miseen, ja kaapin selke\u00e4t linjat yhdess\u00e4 teknisest\u00e4 puusta tehdyn rakenteen kanssa tekev\u00e4t siit\u00e4 ihanteellisen niille, jotka etsiv\u00e4t toimivia ja tyylikk\u00e4it\u00e4 kalusteita.<\/p>\n<ul>\n<li><b>Tekninen puu<\/b> T\u00e4m\u00e4 kaappi on kokonaan teknisest\u00e4 puusta, mik\u00e4 takaa kest\u00e4v\u00e4n ja vakauden rakenteen. Materiaali on luja, ja se s\u00e4ilytt\u00e4\u00e4 muotonsa ajan my\u00f6t\u00e4. Se on tarpeeksi vahva tukemaan useita esineit\u00e4 ja antaa sinulle mielenrauhan kest\u00e4v\u00e4st\u00e4 s\u00e4ilytysratkaisusta.<\/li>\n<li><b>Flush-ovet<\/b> Kaapin ovet tarjoavat sile\u00e4n pinnan, joka tuo tyylikkyytt\u00e4. Niiden avulla p\u00e4\u00e4set helposti k\u00e4siksi varastoituun tavaraan ja kaapin virtaviivaisuus s\u00e4ilyy. T\u00e4m\u00e4 ominaisuus tekee kaapista t\u00e4ydellisen niille, jotka haluavat huomaamattoman mutta tyylikk\u00e4\u00e4n ratkaisun kotiinsa.<\/li>\n<li><b>Moniv\u00e4rinen LED-valaistus<\/b> T\u00e4m\u00e4 kaappi sis\u00e4lt\u00e4\u00e4USB-virtalla toimivia moniv\u00e4risi\u00e4 LED-nauhoja, jotka parantavat olohuoneesi tunnelmaa. Ne sopeutuvat kaikkiin tilaisuuksiin ja ovat energiatehokkaita, lis\u00e4\u00e4m\u00e4ll\u00e4 samalla kaapin kauneutta.<\/li>\n<li><b>Helppo kokoaminen<\/b> T\u00e4m\u00e4 kaappi on helppo koota; tarvitset vain kaksi henkil\u00f6\u00e4 ja ruuvimeisselin. Noudata ohjeita kaapin kokoamiseksi, niin saat sen nopeasti k\u00e4ytt\u00f6\u00f6n.<\/li>\n<li><b>Sein\u00e4kiinnitett\u00e4v\u00e4 muotoilu<\/b> Kaappi asennetaan suoraan sein\u00e4lle, jolloin lattiatila j\u00e4\u00e4 vapaaksi mutta p\u00e4\u00e4sy kaapin sis\u00e4lle on helppoa. T\u00e4m\u00e4 ominaisuus tekee siit\u00e4 loistavan valinnan ahtaisiin tiloihin.<\/li>\n<\/ul>\n<ul>\n<li>V\u00e4ri: Musta<\/li>\n<li>Materiaali: Tekninen puu<\/li>\n<li>Yleiset mitat: 200 x 35 x 40 cm (P x L x K)<\/li>\n<li>2 ovien kanssa<\/li>\n<li>Hyllyll\u00e4<\/li>\n<li>Valotyyppi: Led-valonauhat<\/li>\n<li>Kokoonpano vaaditaan: Kyll\u00e4<\/li>\n<li>Toimitus-:<\/li>\n<li>2 x TV-kaappi<\/li>\n<\/ul>\n","protected":false},"excerpt":{"rendered":"<ul>\n<li>V\u00e4ri: Musta<\/li>\n<li>Materiaali: Tekninen puu<\/li>\n<li>Yleiset mitat: 200 x 35 x 40 cm (P x L x K)<\/li>\n<li>2 ovien kanssa<\/li>\n<li>Hyllyll\u00e4<\/li>\n<li>Valotyyppi: Led-valonauhat<\/li>\n<li>Kokoonpano vaaditaan: Kyll\u00e4<\/li>\n<li>Toimitus-:<\/li>\n<li>2 x TV-kaappi<\/li>\n<\/ul>\n","protected":false},"featured_media":100000178566,"comment_status":"closed","ping_status":"closed","template":"","meta":[],"product_brand":[],"product_cat":[84],"product_tag":[],"class_list":{"0":"post-178566","1":"product","2":"type-product","3":"status-publish","4":"has-post-thumbnail","6":"product_cat-huonekalut","8":"first","9":"outofstock","10":"taxable","11":"shipping-taxable","12":"purchasable","13":"product-type-simple"},"_links":{"self":[{"href":"https:\/\/www.otiumhome.fi\/index.php\/wp-json\/wp\/v2\/product\/178566","targetHints":{"allow":["GET"]}}],"collection":[{"href":"https:\/\/www.otiumhome.fi\/index.php\/wp-json\/wp\/v2\/product"}],"about":[{"href":"https:\/\/www.otiumhome.fi\/index.php\/wp-json\/wp\/v2\/types\/product"}],"replies":[{"embeddable":true,"href":"https:\/\/www.otiumhome.fi\/index.php\/wp-json\/wp\/v2\/comments?post=178566"}],"wp:featuredmedia":[{"embeddable":true,"href":"https:\/\/www.otiumhome.fi\/index.php\/wp-json\/"}],"wp:attachment":[{"href":"https:\/\/www.otiumhome.fi\/index.php\/wp-json\/wp\/v2\/media?parent=178566"}],"wp:term":[{"taxonomy":"product_brand","embeddable":true,"href":"https:\/\/www.otiumhome.fi\/index.php\/wp-json\/wp\/v2\/product_brand?post=178566"},{"taxonomy":"product_cat","embeddable":true,"href":"https:\/\/www.otiumhome.fi\/index.php\/wp-json\/wp\/v2\/product_cat?post=178566"},{"taxonomy":"product_tag","embeddable":true,"href":"https:\/\/www.otiumhome.fi\/index.php\/wp-json\/wp\/v2\/product_tag?post=178566"}],"curies":[{"name":"wp","href":"https:\/\/api.w.org\/{rel}","templated":true}]}}