{"id":178565,"date":"2025-10-20T07:35:00","date_gmt":"2025-10-20T07:35:00","guid":{"rendered":"https:\/\/www.otiumhome.fi\/?p=178565"},"modified":"2025-12-14T17:54:24","modified_gmt":"2025-12-14T17:54:24","slug":"tv-tasosetti-2-pcs-musta-180-x-35-x-40-cm-tekninen-puu","status":"publish","type":"product","link":"https:\/\/www.otiumhome.fi\/index.php\/tuote\/tv-tasosetti-2-pcs-musta-180-x-35-x-40-cm-tekninen-puu\/","title":{"rendered":"TV-tasosetti 2 pcs Musta 180 x 35 x 40 cm Tekninen puu"},"content":{"rendered":"<p>T\u00e4\u00e4 sein\u00e4lle asennettava televisiokaappi on t\u00e4ydellinen lis\u00e4 nykyaikaiseen olohuoneeseen. Se tuo sek\u00e4 tyylikkyytt\u00e4 ett\u00e4 k\u00e4yt\u00e4nn\u00f6llisyytt\u00e4 kotiisi. Settiin kuuluu kaksi kaappia, jotka on loistavia viihdevarusteiden j\u00e4rjest\u00e4miseen. Moderni suorakaiteinen muotoilu tuo esiin siistit linjat ja hienot yksityiskohdat, sopien sisustuksiin, jotka arvostavat yksinkertaisuutta ja toimivuutta. T\u00e4m\u00e4 yksikk\u00f6 tarjoaa runsaasti s\u00e4ilytystilaa, joten se on ehdoton valinta siisti\u00e4 olohuonetta arvostaville.<\/p>\n<ul>\n<li><b>Tekninen puu:<\/b> T\u00e4\u00e4 televisiokaappisetti on tehty teknisest\u00e4 puusta, joten se on tyylik\u00e4s ja kest\u00e4v\u00e4. Materiaali on sile\u00e4 ja s\u00e4ilytt\u00e4\u00e4 kauneutensa pitk\u00e4\u00e4n, eik\u00e4 se v\u00e4\u00e4nny tai vaurioidu k\u00e4yt\u00f6ss\u00e4. Tekninen puu on tosi vakaa, joten se sopii hienosti kest\u00e4viin huonekaluihin.<\/li>\n<li><b>Levyhyllyjen suunnittelu:<\/b> N\u00e4m\u00e4 k\u00e4yt\u00e4nn\u00f6lliset levyhyllyt tarjoavat helposti saavutettavaa tilaa kirjoille, koriste-esineille tai mediasovittimille. Hyllyt on tehty tukeviksi, joten tavarasi pysyy j\u00e4rjestyksess\u00e4 ja helposti k\u00e4sill\u00e4. Ne soveltuu monenlaisiin esineisiin, mukautuen sun tarpeisiin.<\/li>\n<li><b>Tulvaovet:<\/b> Tyylikk\u00e4\u00e4t tulvaovet, joissa on sile\u00e4 pinta, v\u00e4hent\u00e4v\u00e4t sekasortoa ja luovat siistin ilmeen. N\u00e4\u00e4 ovet pit\u00e4v\u00e4t kaapin esteettisen\u00e4 ja sulautuu hyvin moderneihin sis\u00e4tiloihin. Ominaisuus lis\u00e4\u00e4 k\u00e4yt\u00e4nn\u00f6llisyytt\u00e4 ja tyyli\u00e4 elintilassasi.<\/li>\n<li><b>Monik\u00e4ytt\u00f6iset LED-nauhavalaistukset:<\/b> Integroitu LED-nauhavalaistus tuo lis\u00e4\u00e4 s\u00e4ihkett\u00e4 kaapin ilmeeseen. Loistava tunnelman luomiseen tai tiettyjen alueiden korostamiseen, n\u00e4\u00e4 valot tarjoaa erilaisia valaistusvaihtoehtoja. Ne on helppo k\u00e4ytt\u00e4\u00e4 nappia painamalla ja lis\u00e4\u00e4v\u00e4t visuaalista kiinnostavuutta.<\/li>\n<li><b>USB-virtal\u00e4hde:<\/b> K\u00e4yt\u00e4nn\u00f6llisyys on avain, ja mukana tuleva USB-virtal\u00e4hde varmistaa energiatehokkuuden ja helppok\u00e4ytt\u00f6isyyden. T\u00e4m\u00e4 virtal\u00e4hde tukee LED-nauhavalaistuksia, pit\u00e4en tilasi valaistuna.<\/li>\n<\/ul>\n<ul>\n<li>V\u00e4ri: Musta<\/li>\n<li>Materiaali: Tekninen puu<\/li>\n<li>Yleiset mitat: 180 x 35 x 40 cm (P x L x K)<\/li>\n<li>2 ovien kanssa<\/li>\n<li>3 hyllyill\u00e4<\/li>\n<li>Valotyyppi: Led-valonauhat<\/li>\n<li>Kokoonpano vaaditaan: Kyll\u00e4<\/li>\n<li>Toimitus-:<\/li>\n<li>2 x TV-kaappi<\/li>\n<\/ul>\n","protected":false},"excerpt":{"rendered":"<ul>\n<li>V\u00e4ri: Musta<\/li>\n<li>Materiaali: Tekninen puu<\/li>\n<li>Yleiset mitat: 180 x 35 x 40 cm (P x L x K)<\/li>\n<li>2 ovien kanssa<\/li>\n<li>3 hyllyill\u00e4<\/li>\n<li>Valotyyppi: Led-valonauhat<\/li>\n<li>Kokoonpano vaaditaan: Kyll\u00e4<\/li>\n<li>Toimitus-:<\/li>\n<li>2 x TV-kaappi<\/li>\n<\/ul>\n","protected":false},"featured_media":100000178565,"comment_status":"closed","ping_status":"closed","template":"","meta":[],"product_brand":[],"product_cat":[84],"product_tag":[],"class_list":{"0":"post-178565","1":"product","2":"type-product","3":"status-publish","4":"has-post-thumbnail","6":"product_cat-huonekalut","8":"first","9":"outofstock","10":"taxable","11":"shipping-taxable","12":"purchasable","13":"product-type-simple"},"_links":{"self":[{"href":"https:\/\/www.otiumhome.fi\/index.php\/wp-json\/wp\/v2\/product\/178565","targetHints":{"allow":["GET"]}}],"collection":[{"href":"https:\/\/www.otiumhome.fi\/index.php\/wp-json\/wp\/v2\/product"}],"about":[{"href":"https:\/\/www.otiumhome.fi\/index.php\/wp-json\/wp\/v2\/types\/product"}],"replies":[{"embeddable":true,"href":"https:\/\/www.otiumhome.fi\/index.php\/wp-json\/wp\/v2\/comments?post=178565"}],"wp:featuredmedia":[{"embeddable":true,"href":"https:\/\/www.otiumhome.fi\/index.php\/wp-json\/"}],"wp:attachment":[{"href":"https:\/\/www.otiumhome.fi\/index.php\/wp-json\/wp\/v2\/media?parent=178565"}],"wp:term":[{"taxonomy":"product_brand","embeddable":true,"href":"https:\/\/www.otiumhome.fi\/index.php\/wp-json\/wp\/v2\/product_brand?post=178565"},{"taxonomy":"product_cat","embeddable":true,"href":"https:\/\/www.otiumhome.fi\/index.php\/wp-json\/wp\/v2\/product_cat?post=178565"},{"taxonomy":"product_tag","embeddable":true,"href":"https:\/\/www.otiumhome.fi\/index.php\/wp-json\/wp\/v2\/product_tag?post=178565"}],"curies":[{"name":"wp","href":"https:\/\/api.w.org\/{rel}","templated":true}]}}