{"id":178557,"date":"2025-10-20T07:34:58","date_gmt":"2025-10-20T07:34:58","guid":{"rendered":"https:\/\/www.otiumhome.fi\/?p=178557"},"modified":"2025-12-29T02:51:52","modified_gmt":"2025-12-29T02:51:52","slug":"tv-tasosetti-seinakiinnitettava-9-pcs-musta-tammi-tekninen-puu","status":"publish","type":"product","link":"https:\/\/www.otiumhome.fi\/index.php\/tuote\/tv-tasosetti-seinakiinnitettava-9-pcs-musta-tammi-tekninen-puu\/","title":{"rendered":"TV-tasosetti Sein\u00e4kiinnitett\u00e4v\u00e4 9 pcs Musta tammi. Tekninen puu"},"content":{"rendered":"<p>T\u00e4\u00e4 sein\u00e4lle asennettava TV-kaappisetti tuo modernia tyyli\u00e4 sun olohuoneeseen pitk\u00e4linjaisella, tilaa s\u00e4\u00e4st\u00e4v\u00e4ll\u00e4 suunnittelullaan. Ihan loistava kaupunkikoteihin tai mihin tahansa huoneeseen, jossa lattiapinta-ala on arvokasta, t\u00e4\u00e4 suorakaiteen muotoinen kaappi asennetaan k\u00e4tev\u00e4sti sein\u00e4lle, joka vapauttaa tilaa alapuolelle. Tehty teknisest\u00e4 puusta, se antaa puhtaan ja tyylikk\u00e4\u00e4n ilmeen \u2013 yksinkertaisuus ja k\u00e4yt\u00e4nn\u00f6llisyys on sen juttu, ja se sopii yhteen kaikkien modernien sisustustyylien kanssa. Suunniteltu viihdej\u00e4rjestelmille ja muille tarpeellisille tavaroille, t\u00e4\u00e4 on ehdoton valinta nykyaikaisiin elintiloihin.<\/p>\n<ul>\n<li><b>Teknisen puun rakenne:<\/b> T\u00e4\u00e4 setti on tehty laadukkaasta teknisest\u00e4 puusta, joka takaa kest\u00e4vyyden ja hyv\u00e4n ulkon\u00e4\u00f6n. Sen vankka rakenne kest\u00e4 p\u00e4ivitt\u00e4ist\u00e4 kulutusta, ja puun luonnolliset syyt tuo kivan lookin sun olohuoneeseen.<\/li>\n<li><b>Levyhyllyt:<\/b> Monipuoliset levyhyllyt tarjoaa helpon ja tehokkaan s\u00e4ilytysratkaisun. Loistava kirjojen, DVD:iden ja muiden tarpeellisten tavaroiden j\u00e4rjest\u00e4miseen, n\u00e4\u00e4 hyllyt pit\u00e4\u00e4 kaiken siistin\u00e4 ja k\u00e4tev\u00e4n\u00e4, jolloin sun tila n\u00e4ytt\u00e4\u00e4 hyv\u00e4lt\u00e4.<\/li>\n<li><b>Sein\u00e4lle asennettavan monipuolisuus:<\/b> Sein\u00e4lle asennettava muotoilu on just passeli kodeille, joissa tila on rajallista, ja se tuo virtaviivaista ilmett\u00e4, joka v\u00e4hent\u00e4\u00e4 lattian sotkua. T\u00e4\u00e4 ominaisuus parantaa huoneen ulkon\u00e4k\u00f6\u00e4 ja muuttaa sun asuintilan k\u00e4ytt\u00f6\u00e4.<\/li>\n<li><b>Modernit saranat:<\/b> Saranat mahdollistaa sujuvan avauksen ja sulkemisen, joka helpottaa p\u00e4\u00e4sy\u00e4 s\u00e4ilytettyihin esineisiin. T\u00e4\u00e4 ominaisuus varmistaa, ett\u00e4 s\u00e4ilyt\u00e4t kaapin modernit linjat ja karkoitettavan vieh\u00e4tyksen.<\/li>\n<li><b>Ty\u00f6kaluvapaat hyllymuutokset:<\/b> S\u00e4\u00e4d\u00e4 s\u00e4ilytyst\u00e4 ilman ty\u00f6kaluja, niin muokkaaminen on helppoa sun tarpeiden mukaan ja pit\u00e4\u00e4 tilan siistin\u00e4 ja j\u00e4rjestyksess\u00e4.<\/li>\n<\/ul>\n<ul>\n<li>V\u00e4ri: Musta tammi.<\/li>\n<li>Materiaali: Tekninen puu<\/li>\n<li>Yleiset mitat: 30,5 x 30 x 110 cm (P x L x K)<\/li>\n<li>Saranoitu ovi ovella<\/li>\n<li>4 hyllyill\u00e4<\/li>\n<li>Kokoonpano vaaditaan: Kyll\u00e4<\/li>\n<li>Toimitus-:<\/li>\n<li>4 x TV-kaappi: 80 x 30 x 30 cm (P x L x K)<\/li>\n<li>1 x TV-kaappi: 30,5 x 30 x 110 cm (P x L x K)<\/li>\n<li>4 x TV-kaappi: 100 x 30 x 30 cm (P x L x K)<\/li>\n<\/ul>\n","protected":false},"excerpt":{"rendered":"<ul>\n<li>V\u00e4ri: Musta tammi.<\/li>\n<li>Materiaali: Tekninen puu<\/li>\n<li>Yleiset mitat: 30,5 x 30 x 110 cm (P x L x K)<\/li>\n<li>Saranoitu ovi ovella<\/li>\n<li>4 hyllyill\u00e4<\/li>\n<li>Kokoonpano vaaditaan: Kyll\u00e4<\/li>\n<li>Toimitus-:<\/li>\n<li>4 x TV-kaappi: 80 x 30 x 30 cm (P x L x K)<\/li>\n<li>1 x TV-kaappi: 30,5 x 30 x 110 cm (P x L x K)<\/li>\n<li>4 x TV-kaappi: 100 x 30 x 30 cm (P x L x K)<\/li>\n<\/ul>\n","protected":false},"featured_media":100000178557,"comment_status":"closed","ping_status":"closed","template":"","meta":[],"product_brand":[],"product_cat":[84],"product_tag":[],"class_list":{"0":"post-178557","1":"product","2":"type-product","3":"status-publish","4":"has-post-thumbnail","6":"product_cat-huonekalut","8":"first","9":"instock","10":"taxable","11":"shipping-taxable","12":"purchasable","13":"product-type-simple"},"_links":{"self":[{"href":"https:\/\/www.otiumhome.fi\/index.php\/wp-json\/wp\/v2\/product\/178557","targetHints":{"allow":["GET"]}}],"collection":[{"href":"https:\/\/www.otiumhome.fi\/index.php\/wp-json\/wp\/v2\/product"}],"about":[{"href":"https:\/\/www.otiumhome.fi\/index.php\/wp-json\/wp\/v2\/types\/product"}],"replies":[{"embeddable":true,"href":"https:\/\/www.otiumhome.fi\/index.php\/wp-json\/wp\/v2\/comments?post=178557"}],"wp:featuredmedia":[{"embeddable":true,"href":"https:\/\/www.otiumhome.fi\/index.php\/wp-json\/"}],"wp:attachment":[{"href":"https:\/\/www.otiumhome.fi\/index.php\/wp-json\/wp\/v2\/media?parent=178557"}],"wp:term":[{"taxonomy":"product_brand","embeddable":true,"href":"https:\/\/www.otiumhome.fi\/index.php\/wp-json\/wp\/v2\/product_brand?post=178557"},{"taxonomy":"product_cat","embeddable":true,"href":"https:\/\/www.otiumhome.fi\/index.php\/wp-json\/wp\/v2\/product_cat?post=178557"},{"taxonomy":"product_tag","embeddable":true,"href":"https:\/\/www.otiumhome.fi\/index.php\/wp-json\/wp\/v2\/product_tag?post=178557"}],"curies":[{"name":"wp","href":"https:\/\/api.w.org\/{rel}","templated":true}]}}