{"id":178551,"date":"2025-10-20T07:34:56","date_gmt":"2025-10-20T07:34:56","guid":{"rendered":"https:\/\/www.otiumhome.fi\/?p=178551"},"modified":"2025-12-29T02:51:51","modified_gmt":"2025-12-29T02:51:51","slug":"tv-tasosetti-seinakiinnitettava-2-pcs-musta-tammi-tekninen-puu","status":"publish","type":"product","link":"https:\/\/www.otiumhome.fi\/index.php\/tuote\/tv-tasosetti-seinakiinnitettava-2-pcs-musta-tammi-tekninen-puu\/","title":{"rendered":"TV-tasosetti Sein\u00e4kiinnitett\u00e4v\u00e4 2 pcs Musta tammi. Tekninen puu"},"content":{"rendered":"<p>T\u00e4m\u00e4 sein\u00e4lle asennettava TV-kaappisarja on moderni ja tyylik\u00e4s tapa hallita olohuoneesi tilaa. Suoraan sein\u00e4lle asennettuna se vapauttaa lattiapintaa, jolloin voit luoda siistin ja avaran ymp\u00e4rist\u00f6n.<\/p>\n<ul>\n<li><b>Oivalliset materiaalit:<\/b> Tekninen puu takaa kest\u00e4vyyden ja laadun. Se on suunniteltu kest\u00e4m\u00e4\u00e4n ja s\u00e4ilytt\u00e4m\u00e4\u00e4n kauneutensa vuosien varrella.<\/li>\n<li><b>Mukana olevat osat:<\/b> Sarja sis\u00e4lt\u00e4\u00e4 kaksi kaappia (60 x 30 x 30 cm ja 80 x 30 x 30 cm), jotka sopivat useisiin s\u00e4ilytystarpeisiin. Saranoidut ovet helpottavat k\u00e4ytt\u00f6\u00e4 ja pit\u00e4v\u00e4t tavarat piilossa.<\/li>\n<li><b>Tilaa s\u00e4\u00e4st\u00e4v\u00e4 muotoilu:<\/b> Sein\u00e4lle asennettu rakenne vapauttaa lattiapinta-alaa ja luo tyylikk\u00e4\u00e4n ulkon\u00e4\u00f6n. N\u00e4m\u00e4 kaapit lis\u00e4\u00e4v\u00e4t tilan kauneutta ja toimivuutta.<\/li>\n<li><b>Monipuolinen k\u00e4ytt\u00f6:<\/b> Sopii erinomaisesti perhesaleihin ja viihdealueisiin. J\u00e4rjestetty s\u00e4ilytys on t\u00e4rke\u00e4\u00e4, ja t\u00e4m\u00e4 kaappi vastaa t\u00e4h\u00e4n tarpeeseen.<\/li>\n<li><b>Yll\u00e4pitovinkit:<\/b> Puhdistus on helppoa kuivalla liinalla. S\u00e4\u00e4nn\u00f6llinen huolto pit\u00e4\u00e4 kaapin hyv\u00e4ss\u00e4 kunnossa, ja varovainen kokoaminen takaa laadun.<\/li>\n<\/ul>\n<ul>\n<li>V\u00e4ri: Musta tammi.<\/li>\n<li>Materiaali: Tekninen puu<\/li>\n<li>Yleiset mitat: 100 x 30 x 30 cm (P x L x K)<\/li>\n<li>2 ovien kanssa<\/li>\n<li>Enimm\u00e4ispaino: 120 kg<\/li>\n<li>Kokoonpano vaaditaan: Kyll\u00e4<\/li>\n<li>Toimitus-:<\/li>\n<li>1 x TV-kaappi: 100 x 30 x 30 cm (P x L x K)<\/li>\n<li>1 x TV-kaappi: 80 x 30 x 30 cm (P x L x K)<\/li>\n<\/ul>\n","protected":false},"excerpt":{"rendered":"<ul>\n<li>V\u00e4ri: Musta tammi.<\/li>\n<li>Materiaali: Tekninen puu<\/li>\n<li>Yleiset mitat: 100 x 30 x 30 cm (P x L x K)<\/li>\n<li>2 ovien kanssa<\/li>\n<li>Enimm\u00e4ispaino: 120 kg<\/li>\n<li>Kokoonpano vaaditaan: Kyll\u00e4<\/li>\n<li>Toimitus-:<\/li>\n<li>1 x TV-kaappi: 100 x 30 x 30 cm (P x L x K)<\/li>\n<li>1 x TV-kaappi: 80 x 30 x 30 cm (P x L x K)<\/li>\n<\/ul>\n","protected":false},"featured_media":100000178551,"comment_status":"closed","ping_status":"closed","template":"","meta":[],"product_brand":[],"product_cat":[84],"product_tag":[],"class_list":{"0":"post-178551","1":"product","2":"type-product","3":"status-publish","4":"has-post-thumbnail","6":"product_cat-huonekalut","8":"first","9":"instock","10":"taxable","11":"shipping-taxable","12":"purchasable","13":"product-type-simple"},"_links":{"self":[{"href":"https:\/\/www.otiumhome.fi\/index.php\/wp-json\/wp\/v2\/product\/178551","targetHints":{"allow":["GET"]}}],"collection":[{"href":"https:\/\/www.otiumhome.fi\/index.php\/wp-json\/wp\/v2\/product"}],"about":[{"href":"https:\/\/www.otiumhome.fi\/index.php\/wp-json\/wp\/v2\/types\/product"}],"replies":[{"embeddable":true,"href":"https:\/\/www.otiumhome.fi\/index.php\/wp-json\/wp\/v2\/comments?post=178551"}],"wp:featuredmedia":[{"embeddable":true,"href":"https:\/\/www.otiumhome.fi\/index.php\/wp-json\/"}],"wp:attachment":[{"href":"https:\/\/www.otiumhome.fi\/index.php\/wp-json\/wp\/v2\/media?parent=178551"}],"wp:term":[{"taxonomy":"product_brand","embeddable":true,"href":"https:\/\/www.otiumhome.fi\/index.php\/wp-json\/wp\/v2\/product_brand?post=178551"},{"taxonomy":"product_cat","embeddable":true,"href":"https:\/\/www.otiumhome.fi\/index.php\/wp-json\/wp\/v2\/product_cat?post=178551"},{"taxonomy":"product_tag","embeddable":true,"href":"https:\/\/www.otiumhome.fi\/index.php\/wp-json\/wp\/v2\/product_tag?post=178551"}],"curies":[{"name":"wp","href":"https:\/\/api.w.org\/{rel}","templated":true}]}}