{"id":178482,"date":"2025-10-20T07:34:35","date_gmt":"2025-10-20T07:34:35","guid":{"rendered":"https:\/\/www.otiumhome.fi\/?p=178482"},"modified":"2025-10-20T20:39:49","modified_gmt":"2025-10-20T20:39:49","slug":"tv-taso-lapinakyva-80x35x17-cm-karkaistu-lasi","status":"publish","type":"product","link":"https:\/\/www.otiumhome.fi\/index.php\/tuote\/tv-taso-lapinakyva-80x35x17-cm-karkaistu-lasi\/","title":{"rendered":"TV-taso l\u00e4pin\u00e4kyv\u00e4 80x35x17 cm karkaistu lasi"},"content":{"rendered":"<p>T\u00e4m\u00e4 nykyaikaista tyyli\u00e4 oleva TV-taso, jossa on karkaistua lasia oleva pinta, lis\u00e4\u00e4 modernia tyyli\u00e4 olohuoneeseen tai makuuhuoneeseen.<\/p>\n<\/p>\n<p>T\u00e4m\u00e4 TV-taso on valmistettu paksusta karkaistusta lasista ja kest\u00e4v\u00e4st\u00e4 ruostumattomasta ter\u00e4ksest\u00e4, mik\u00e4 tekee siit\u00e4 eritt\u00e4in tukevan ja turvallisen. Vahvaa p\u00f6yt\u00e4levy\u00e4 voidaan k\u00e4ytt\u00e4\u00e4 television, kannettavan tietokoneen ja muiden multimedialaitteiden sijoittamiseen. Voit my\u00f6s asettaa sille juomat, maljakot ja muut pikkuesineet. Sile\u00e4 pinta on helppo puhdistaa kostealla liinalla.<\/p>\n<ul>\n<li>V\u00e4ri: l\u00e4pin\u00e4kyv\u00e4<\/li>\n<li>Materiaali: karkaistu lasi, ruostumaton ter\u00e4s<\/li>\n<li>Mitat: 80 x 35 x 17 cm (P x L x K)<\/li>\n<li>Lasin paksuus: 8 mm<\/li>\n<li>Enimm\u00e4iskantavuus (yhteens\u00e4): 40 kg<\/li>\n<li>Asennus vaaditaan: kyll\u00e4<\/li>\n<\/ul>\n","protected":false},"excerpt":{"rendered":"<ul>\n<li>V\u00e4ri: l\u00e4pin\u00e4kyv\u00e4<\/li>\n<li>Materiaali: karkaistu lasi, ruostumaton ter\u00e4s<\/li>\n<li>Mitat: 80 x 35 x 17 cm (P x L x K)<\/li>\n<li>Lasin paksuus: 8 mm<\/li>\n<li>Enimm\u00e4iskantavuus (yhteens\u00e4): 40 kg<\/li>\n<li>Asennus vaaditaan: kyll\u00e4<\/li>\n<\/ul>\n","protected":false},"featured_media":100000178482,"comment_status":"closed","ping_status":"closed","template":"","meta":[],"product_brand":[],"product_cat":[84],"product_tag":[],"class_list":{"0":"post-178482","1":"product","2":"type-product","3":"status-publish","4":"has-post-thumbnail","6":"product_cat-huonekalut","8":"first","9":"instock","10":"taxable","11":"shipping-taxable","12":"purchasable","13":"product-type-simple"},"_links":{"self":[{"href":"https:\/\/www.otiumhome.fi\/index.php\/wp-json\/wp\/v2\/product\/178482","targetHints":{"allow":["GET"]}}],"collection":[{"href":"https:\/\/www.otiumhome.fi\/index.php\/wp-json\/wp\/v2\/product"}],"about":[{"href":"https:\/\/www.otiumhome.fi\/index.php\/wp-json\/wp\/v2\/types\/product"}],"replies":[{"embeddable":true,"href":"https:\/\/www.otiumhome.fi\/index.php\/wp-json\/wp\/v2\/comments?post=178482"}],"wp:featuredmedia":[{"embeddable":true,"href":"https:\/\/www.otiumhome.fi\/index.php\/wp-json\/"}],"wp:attachment":[{"href":"https:\/\/www.otiumhome.fi\/index.php\/wp-json\/wp\/v2\/media?parent=178482"}],"wp:term":[{"taxonomy":"product_brand","embeddable":true,"href":"https:\/\/www.otiumhome.fi\/index.php\/wp-json\/wp\/v2\/product_brand?post=178482"},{"taxonomy":"product_cat","embeddable":true,"href":"https:\/\/www.otiumhome.fi\/index.php\/wp-json\/wp\/v2\/product_cat?post=178482"},{"taxonomy":"product_tag","embeddable":true,"href":"https:\/\/www.otiumhome.fi\/index.php\/wp-json\/wp\/v2\/product_tag?post=178482"}],"curies":[{"name":"wp","href":"https:\/\/api.w.org\/{rel}","templated":true}]}}