{"id":178450,"date":"2025-10-20T07:30:38","date_gmt":"2025-10-20T07:30:38","guid":{"rendered":"https:\/\/www.otiumhome.fi\/?p=178450"},"modified":"2025-10-25T16:12:24","modified_gmt":"2025-10-25T16:12:24","slug":"tv-taso-118x30x40-cm-taysi-akaasiapuu","status":"publish","type":"product","link":"https:\/\/www.otiumhome.fi\/index.php\/tuote\/tv-taso-118x30x40-cm-taysi-akaasiapuu\/","title":{"rendered":"TV-taso 118x30x40 cm t\u00e4ysi akaasiapuu"},"content":{"rendered":"<p>T\u00e4m\u00e4 puinen TV-taso lis\u00e4\u00e4 teollista tyyli\u00e4 ja se sopii sek\u00e4 olohuoneeseen ett\u00e4 makuuhuoneeseen.<\/p>\n<\/p>\n<p>TV-taso on valmistettu t\u00e4ydest\u00e4 akaasiapuusta, trooppisesta tihe\u00e4syisest\u00e4 lehtipuusta, joka tekee siit\u00e4 vakaan ja kest\u00e4v\u00e4n. Rautajalat lis\u00e4\u00e4v\u00e4t vakautta ja tukevaa p\u00f6yt\u00e4levy\u00e4 voidaan k\u00e4ytt\u00e4\u00e4 koriste-esineiden esittelyyn. S\u00e4ilytyslokero ja laatikot tarjoavat runsaasti tilaa multimedialaitteiden, kirjojen ja muiden esineiden s\u00e4ilytt\u00e4miseen.<\/p>\n<\/p>\n<p>T\u00e4rke\u00e4 huomio: V\u00e4rit ja puunsyyt vaihtelevat kappaleittain, mik\u00e4 tekee jokaisesta huonekalusta ainutlaatuisen. Toimitus on sattumanvarainen.<\/p>\n<ul>\n<li>Materiaali: Harmaaksi maalattu t\u00e4ysi akaasiapuu, rauta messinki jauhemaalilla, tekninen puu<\/li>\n<li>Mitat: 118 x 30 x 40 cm (L x S x K)<\/li>\n<li>Asennus vaaditaan: kyll\u00e4<\/li>\n<\/ul>\n","protected":false},"excerpt":{"rendered":"<ul>\n<li>Materiaali: Harmaaksi maalattu t\u00e4ysi akaasiapuu, rauta messinki jauhemaalilla, tekninen puu<\/li>\n<li>Mitat: 118 x 30 x 40 cm (L x S x K)<\/li>\n<li>Asennus vaaditaan: kyll\u00e4<\/li>\n<\/ul>\n","protected":false},"featured_media":100000178450,"comment_status":"closed","ping_status":"closed","template":"","meta":[],"product_brand":[],"product_cat":[84],"product_tag":[],"class_list":{"0":"post-178450","1":"product","2":"type-product","3":"status-publish","4":"has-post-thumbnail","6":"product_cat-huonekalut","8":"first","9":"instock","10":"taxable","11":"shipping-taxable","12":"purchasable","13":"product-type-simple"},"_links":{"self":[{"href":"https:\/\/www.otiumhome.fi\/index.php\/wp-json\/wp\/v2\/product\/178450","targetHints":{"allow":["GET"]}}],"collection":[{"href":"https:\/\/www.otiumhome.fi\/index.php\/wp-json\/wp\/v2\/product"}],"about":[{"href":"https:\/\/www.otiumhome.fi\/index.php\/wp-json\/wp\/v2\/types\/product"}],"replies":[{"embeddable":true,"href":"https:\/\/www.otiumhome.fi\/index.php\/wp-json\/wp\/v2\/comments?post=178450"}],"wp:featuredmedia":[{"embeddable":true,"href":"https:\/\/www.otiumhome.fi\/index.php\/wp-json\/"}],"wp:attachment":[{"href":"https:\/\/www.otiumhome.fi\/index.php\/wp-json\/wp\/v2\/media?parent=178450"}],"wp:term":[{"taxonomy":"product_brand","embeddable":true,"href":"https:\/\/www.otiumhome.fi\/index.php\/wp-json\/wp\/v2\/product_brand?post=178450"},{"taxonomy":"product_cat","embeddable":true,"href":"https:\/\/www.otiumhome.fi\/index.php\/wp-json\/wp\/v2\/product_cat?post=178450"},{"taxonomy":"product_tag","embeddable":true,"href":"https:\/\/www.otiumhome.fi\/index.php\/wp-json\/wp\/v2\/product_tag?post=178450"}],"curies":[{"name":"wp","href":"https:\/\/api.w.org\/{rel}","templated":true}]}}