{"id":178435,"date":"2025-10-20T07:30:34","date_gmt":"2025-10-20T07:30:34","guid":{"rendered":"https:\/\/www.otiumhome.fi\/?p=178435"},"modified":"2025-10-25T16:12:22","modified_gmt":"2025-10-25T16:12:22","slug":"tv-taso-160x30x40-cm-taysi-mangopuu","status":"publish","type":"product","link":"https:\/\/www.otiumhome.fi\/index.php\/tuote\/tv-taso-160x30x40-cm-taysi-mangopuu\/","title":{"rendered":"TV-taso 160x30x40 cm t\u00e4ysi mangopuu"},"content":{"rendered":"<p>T\u00e4m\u00e4 puinen TV-taso lis\u00e4\u00e4 teollista tyyli\u00e4 ja se sopii sek\u00e4 olohuoneeseen ett\u00e4 makuuhuoneeseen.<\/p>\n<\/p>\n<p>TV-taso on valmistettu t\u00e4ydest\u00e4 mangopuusta, trooppisesta lehtipuusta, jolla on kyky\u00e4 kantaa painoa ja kest\u00e4\u00e4 my\u00f6s ajan patinaa. Taidokas k\u00e4sity\u00f6taito ja kauniit puunkuviot tekev\u00e4t jokaisesta stereokaapista hieman erilaisen kuin seuraavasta. T\u00e4ss\u00e4 matalassa p\u00f6yd\u00e4ss\u00e4 on ainutlaatuinen suunnittelu korkealla ja matalalla hyllyll\u00e4, joka tekee siit\u00e4 katseenvangitsijan sisustukseen. Tukeville hyllyille voit asettaa DVD-levyt, multimedialaitteet, kirjat ja muut tarpeelliset tavarat j\u00e4rjestyksess\u00e4 ja ulottuvilla pit\u00e4miseen.<\/p>\n<\/p>\n<p>T\u00e4rke\u00e4 huomio: V\u00e4rit ja puunsyyt vaihtelevat kappaleittain, mik\u00e4 tekee jokaisesta huonekalusta ainutlaatuisen. Toimitus on sattumanvarainen, t\u00e4m\u00e4 takaa tuotteesi ainutlaatuisuuden.<\/p>\n<ul>\n<li>Materiaali: luonnollisesti viimeistelty t\u00e4ysi mangopuu, ter\u00e4s<\/li>\n<li>Mitat: 160 x 30 x 40 cm (P x L x K)<\/li>\n<li>Asennus vaaditaan: kyll\u00e4<\/li>\n<\/ul>\n","protected":false},"excerpt":{"rendered":"<ul>\n<li>Materiaali: luonnollisesti viimeistelty t\u00e4ysi mangopuu, ter\u00e4s<\/li>\n<li>Mitat: 160 x 30 x 40 cm (P x L x K)<\/li>\n<li>Asennus vaaditaan: kyll\u00e4<\/li>\n<\/ul>\n","protected":false},"featured_media":100000178435,"comment_status":"closed","ping_status":"closed","template":"","meta":[],"product_brand":[],"product_cat":[84],"product_tag":[],"class_list":{"0":"post-178435","1":"product","2":"type-product","3":"status-publish","4":"has-post-thumbnail","6":"product_cat-huonekalut","8":"first","9":"instock","10":"taxable","11":"shipping-taxable","12":"purchasable","13":"product-type-simple"},"_links":{"self":[{"href":"https:\/\/www.otiumhome.fi\/index.php\/wp-json\/wp\/v2\/product\/178435","targetHints":{"allow":["GET"]}}],"collection":[{"href":"https:\/\/www.otiumhome.fi\/index.php\/wp-json\/wp\/v2\/product"}],"about":[{"href":"https:\/\/www.otiumhome.fi\/index.php\/wp-json\/wp\/v2\/types\/product"}],"replies":[{"embeddable":true,"href":"https:\/\/www.otiumhome.fi\/index.php\/wp-json\/wp\/v2\/comments?post=178435"}],"wp:featuredmedia":[{"embeddable":true,"href":"https:\/\/www.otiumhome.fi\/index.php\/wp-json\/"}],"wp:attachment":[{"href":"https:\/\/www.otiumhome.fi\/index.php\/wp-json\/wp\/v2\/media?parent=178435"}],"wp:term":[{"taxonomy":"product_brand","embeddable":true,"href":"https:\/\/www.otiumhome.fi\/index.php\/wp-json\/wp\/v2\/product_brand?post=178435"},{"taxonomy":"product_cat","embeddable":true,"href":"https:\/\/www.otiumhome.fi\/index.php\/wp-json\/wp\/v2\/product_cat?post=178435"},{"taxonomy":"product_tag","embeddable":true,"href":"https:\/\/www.otiumhome.fi\/index.php\/wp-json\/wp\/v2\/product_tag?post=178435"}],"curies":[{"name":"wp","href":"https:\/\/api.w.org\/{rel}","templated":true}]}}