{"id":178434,"date":"2025-10-20T07:30:34","date_gmt":"2025-10-20T07:30:34","guid":{"rendered":"https:\/\/www.otiumhome.fi\/?p=178434"},"modified":"2025-10-20T18:00:34","modified_gmt":"2025-10-20T18:00:34","slug":"tv-taso-senja-rottinkityyli-musta-106x40x49-cm-taysi-manty","status":"publish","type":"product","link":"https:\/\/www.otiumhome.fi\/index.php\/tuote\/tv-taso-senja-rottinkityyli-musta-106x40x49-cm-taysi-manty\/","title":{"rendered":"TV-taso SENJA rottinkityyli musta 106x40x49 cm t\u00e4ysi m\u00e4nty"},"content":{"rendered":"<p>T\u00e4ss\u00e4 puisessa TV-tasossa on sulavalinjainen ja tyylik\u00e4s muotoilu. Se on koristeellinen ja k\u00e4yt\u00e4nn\u00f6llinen lis\u00e4 huoneesi sisustukseesi.<\/p>\n<\/p>\n<ul>\n<li>T\u00e4ysi m\u00e4nty: T\u00e4ysi m\u00e4ntypuu on kaunis luonnollinen materiaali. M\u00e4nnyll\u00e4 on suorat puunsyyt ja sen oksanpaikat antavat materiaalille sen ominaisen rustiikkisen ilmeen.<\/li>\n<li>UV-lakka: UV-lakka on erityinen lakkatyyppi, joka viimeistell\u00e4\u00e4n ultraviolettikuivauskoneella. Se luo eloisamman, ylellisemm\u00e4n ja tuntuvamman viimeistelyn verrattuna perinteisiin lakkoihin.<\/li>\n<li>Runsaasti s\u00e4ilytystilaa: TV-taso on varustettu kolmella lokerolla ja yhdell\u00e4 ovella, joten se tarjoaa runsaasti s\u00e4ilytystilaa henkil\u00f6kohtaisten tavaroiden s\u00e4ilytt\u00e4miseen ja k\u00e4ttesi ulottuvilla pit\u00e4miseen.<\/li>\n<li>Rottinkityylinen pinta: TV-kaapin oven etuosa on valmistettu k\u00e4sity\u00f6n\u00e4 polyrottingista. Se on kaksis\u00e4vyinen sekoitus vuosisadan puoliv\u00e4lin modernia ja boho tyyli\u00e4, joka lis\u00e4\u00e4 kodikkaan mutta tyylikk\u00e4\u00e4n kosketuksen tilaasi.<\/li>\n<li>Esittelytoiminto: TV-tason tukeva yl\u00e4taso on t\u00e4ydellinen paikka esitell\u00e4 ruukkukasveja, valokuvakehyksi\u00e4 ja muita koriste-esineit\u00e4.<\/li>\n<\/ul>\n<ul>\n<li>V\u00e4ri: Musta<\/li>\n<li>Materiaali: T\u00e4ysi m\u00e4nty UV-lakkaviimeistelyll\u00e4, tekninen puu, polyrottinki<\/li>\n<li>Mitat: 106 x 40 x 49 cm (L x S x K)<\/li>\n<li>Oven koko: 49,5 x 29 cm (L x K)<\/li>\n<li>Puukahvalla<\/li>\n<li>Valikoima: SENJA<\/li>\n<li>Asennus vaaditaan: Kyll\u00e4<\/li>\n<\/ul>\n","protected":false},"excerpt":{"rendered":"<ul>\n<li>V\u00e4ri: Musta<\/li>\n<li>Materiaali: T\u00e4ysi m\u00e4nty UV-lakkaviimeistelyll\u00e4, tekninen puu, polyrottinki<\/li>\n<li>Mitat: 106 x 40 x 49 cm (L x S x K)<\/li>\n<li>Oven koko: 49,5 x 29 cm (L x K)<\/li>\n<li>Puukahvalla<\/li>\n<li>Valikoima: SENJA<\/li>\n<li>Asennus vaaditaan: Kyll\u00e4<\/li>\n<\/ul>\n","protected":false},"featured_media":100000178434,"comment_status":"closed","ping_status":"closed","template":"","meta":[],"product_brand":[],"product_cat":[84],"product_tag":[],"class_list":{"0":"post-178434","1":"product","2":"type-product","3":"status-publish","4":"has-post-thumbnail","6":"product_cat-huonekalut","8":"first","9":"outofstock","10":"taxable","11":"shipping-taxable","12":"purchasable","13":"product-type-simple"},"_links":{"self":[{"href":"https:\/\/www.otiumhome.fi\/index.php\/wp-json\/wp\/v2\/product\/178434","targetHints":{"allow":["GET"]}}],"collection":[{"href":"https:\/\/www.otiumhome.fi\/index.php\/wp-json\/wp\/v2\/product"}],"about":[{"href":"https:\/\/www.otiumhome.fi\/index.php\/wp-json\/wp\/v2\/types\/product"}],"replies":[{"embeddable":true,"href":"https:\/\/www.otiumhome.fi\/index.php\/wp-json\/wp\/v2\/comments?post=178434"}],"wp:featuredmedia":[{"embeddable":true,"href":"https:\/\/www.otiumhome.fi\/index.php\/wp-json\/"}],"wp:attachment":[{"href":"https:\/\/www.otiumhome.fi\/index.php\/wp-json\/wp\/v2\/media?parent=178434"}],"wp:term":[{"taxonomy":"product_brand","embeddable":true,"href":"https:\/\/www.otiumhome.fi\/index.php\/wp-json\/wp\/v2\/product_brand?post=178434"},{"taxonomy":"product_cat","embeddable":true,"href":"https:\/\/www.otiumhome.fi\/index.php\/wp-json\/wp\/v2\/product_cat?post=178434"},{"taxonomy":"product_tag","embeddable":true,"href":"https:\/\/www.otiumhome.fi\/index.php\/wp-json\/wp\/v2\/product_tag?post=178434"}],"curies":[{"name":"wp","href":"https:\/\/api.w.org\/{rel}","templated":true}]}}