{"id":178308,"date":"2025-10-20T07:23:32","date_gmt":"2025-10-20T07:23:32","guid":{"rendered":"https:\/\/www.otiumhome.fi\/?p=178308"},"modified":"2025-12-09T15:05:26","modified_gmt":"2025-12-09T15:05:26","slug":"tv-tasosetti-laatikon-kanssa-4-pcs-vanha-puu-tekninen-puu","status":"publish","type":"product","link":"https:\/\/www.otiumhome.fi\/index.php\/tuote\/tv-tasosetti-laatikon-kanssa-4-pcs-vanha-puu-tekninen-puu\/","title":{"rendered":"TV-tasosetti laatikon kanssa 4 pcs Vanha Puu Tekninen puu"},"content":{"rendered":"<p>T\u00e4m\u00e4 sein\u00e4lle asennettava TV-kaappisetti yhdist\u00e4\u00e4 modernin tyylin ja k\u00e4yt\u00e4nn\u00f6llisyyden, ja se on suunniteltu parantamaan olohuoneiden ilmett\u00e4. Se tarjoaa runsaasti s\u00e4ilytystilaa ilman, ett\u00e4 ulkoasusta tarvitsisi tinki\u00e4. Tyylik\u00e4s suorakaiteen muotoinen muotoilu tuo lis\u00e4eleganssia, ja tekninen puu lis\u00e4\u00e4 siihen hillitty\u00e4 tyyli\u00e4. T\u00e4m\u00e4 setti on t\u00e4ydellinen kaupunkikoteihin, joissa tehokkuus ja tyyli kulkevat k\u00e4si k\u00e4dess\u00e4.<\/p>\n<ul>\n<li><b>Tekninen puu<\/b> Kest\u00e4v\u00e4 ja tasalaatuinen, t\u00e4m\u00e4 kaappisetti hy\u00f6dynt\u00e4\u00e4 teknist\u00e4 puuta, joka on tunnettu vakaudestaan ja kest\u00e4vyydest\u00e4\u00e4n. T\u00e4m\u00e4 valinta antaa vahvan rungon sek\u00e4 sile\u00e4n, mukautuvan pinnan, joka kest\u00e4\u00e4 p\u00e4ivitt\u00e4ist\u00e4 k\u00e4ytt\u00f6\u00e4.<\/li>\n<li><b>Monipuoliset s\u00e4ilytysratkaisut<\/b> Kaappi sis\u00e4lt\u00e4\u00e4 levyhyllyj\u00e4, joita voi k\u00e4ytt\u00e4\u00e4 saranoiden avulla. Se on loistava valinta elektroniikan, kirjojen ja koriste-esineiden s\u00e4ilytt\u00e4miseen. Muotoilu tukee toimivuutta ja tarjoaa hyvin j\u00e4rjestetyt tilat erilaisten s\u00e4ilytystarpeiden t\u00e4ytt\u00e4miseen.<\/li>\n<li><b>Tilan s\u00e4\u00e4st\u00e4v\u00e4 sein\u00e4kiinnitett\u00e4v\u00e4 tyyli<\/b> T\u00e4m\u00e4 kaappi on sein\u00e4kiinnitett\u00e4v\u00e4, mik\u00e4 maksimoi lattiatilan ja luo siistin ja avaran ymp\u00e4rist\u00f6n. Tyylikk\u00e4\u00e4sti kelluva muotoilu sopii t\u00e4ydellisesti minimalistiseen estetiikkaan.<\/li>\n<li><b>Moderni esteettinen veto<\/b> Kaappisarja on suunniteltu puhtain linjoin ja minimalistisesti, t\u00e4ydent\u00e4en modernia sisustusta. Se ei sis\u00e4ll\u00e4 liiallista koristelua, vaan sulautuu vaivattomasti eri sisustustyyleihin ja keskittyy k\u00e4yt\u00e4nn\u00f6llisyyteen.<\/li>\n<li><b>Kokoamisvaatimukset<\/b> Helppo asentaa; tarvitaan kaksi henkil\u00f6\u00e4 ja ruuvimeisseli. Selke\u00e4t ohjeet tekev\u00e4t kokoamisesta yksinkertaista, mik\u00e4 sopii niin tee-se-itse -projektien yst\u00e4ville kuin nopeiden asennusten tekemiseen.<\/li>\n<\/ul>\n<ul>\n<li>V\u00e4ri: Vanha puu<\/li>\n<li>Materiaali: Tekninen puu<\/li>\n<li>Yleiset mitat: 30,5 x 30 x 110 cm (P x L x K)<\/li>\n<li>Laatikolla<\/li>\n<li>4 ovien kanssa<\/li>\n<li>3 hyllyill\u00e4<\/li>\n<li>Enimm\u00e4ispaino: 240 kg<\/li>\n<li>Kokoonpano vaaditaan: Kyll\u00e4<\/li>\n<li>Toimitus-:<\/li>\n<li>1 x TV-kaappi: 60 x 30 x 30 cm (PxLxK)<\/li>\n<li>1 x TV-kaappi: 30,5 x 30 x 110 cm (PxLxK)<\/li>\n<li>2 x TV-kaappi: 100 x 30 x 30 cm (PxLxK)<\/li>\n<\/ul>\n","protected":false},"excerpt":{"rendered":"<ul>\n<li>V\u00e4ri: Vanha puu<\/li>\n<li>Materiaali: Tekninen puu<\/li>\n<li>Yleiset mitat: 30,5 x 30 x 110 cm (P x L x K)<\/li>\n<li>Laatikolla<\/li>\n<li>4 ovien kanssa<\/li>\n<li>3 hyllyill\u00e4<\/li>\n<li>Enimm\u00e4ispaino: 240 kg<\/li>\n<li>Kokoonpano vaaditaan: Kyll\u00e4<\/li>\n<li>Toimitus-:<\/li>\n<li>1 x TV-kaappi: 60 x 30 x 30 cm (PxLxK)<\/li>\n<li>1 x TV-kaappi: 30,5 x 30 x 110 cm (PxLxK)<\/li>\n<li>2 x TV-kaappi: 100 x 30 x 30 cm (PxLxK)<\/li>\n<\/ul>\n","protected":false},"featured_media":100000178308,"comment_status":"closed","ping_status":"closed","template":"","meta":[],"product_brand":[],"product_cat":[84],"product_tag":[],"class_list":{"0":"post-178308","1":"product","2":"type-product","3":"status-publish","4":"has-post-thumbnail","6":"product_cat-huonekalut","8":"first","9":"instock","10":"taxable","11":"shipping-taxable","12":"purchasable","13":"product-type-simple"},"_links":{"self":[{"href":"https:\/\/www.otiumhome.fi\/index.php\/wp-json\/wp\/v2\/product\/178308","targetHints":{"allow":["GET"]}}],"collection":[{"href":"https:\/\/www.otiumhome.fi\/index.php\/wp-json\/wp\/v2\/product"}],"about":[{"href":"https:\/\/www.otiumhome.fi\/index.php\/wp-json\/wp\/v2\/types\/product"}],"replies":[{"embeddable":true,"href":"https:\/\/www.otiumhome.fi\/index.php\/wp-json\/wp\/v2\/comments?post=178308"}],"wp:featuredmedia":[{"embeddable":true,"href":"https:\/\/www.otiumhome.fi\/index.php\/wp-json\/"}],"wp:attachment":[{"href":"https:\/\/www.otiumhome.fi\/index.php\/wp-json\/wp\/v2\/media?parent=178308"}],"wp:term":[{"taxonomy":"product_brand","embeddable":true,"href":"https:\/\/www.otiumhome.fi\/index.php\/wp-json\/wp\/v2\/product_brand?post=178308"},{"taxonomy":"product_cat","embeddable":true,"href":"https:\/\/www.otiumhome.fi\/index.php\/wp-json\/wp\/v2\/product_cat?post=178308"},{"taxonomy":"product_tag","embeddable":true,"href":"https:\/\/www.otiumhome.fi\/index.php\/wp-json\/wp\/v2\/product_tag?post=178308"}],"curies":[{"name":"wp","href":"https:\/\/api.w.org\/{rel}","templated":true}]}}