{"id":178297,"date":"2025-10-20T07:23:29","date_gmt":"2025-10-20T07:23:29","guid":{"rendered":"https:\/\/www.otiumhome.fi\/?p=178297"},"modified":"2025-10-20T20:47:24","modified_gmt":"2025-10-20T20:47:24","slug":"tv-taso-ovilla-112x30x40-cm-taysi-akasiapuu","status":"publish","type":"product","link":"https:\/\/www.otiumhome.fi\/index.php\/tuote\/tv-taso-ovilla-112x30x40-cm-taysi-akasiapuu\/","title":{"rendered":"TV-taso ovilla 112x30x40 cm t\u00e4ysi akasiapuu"},"content":{"rendered":"<p>T\u00e4m\u00e4 puinen TV-taso on k\u00e4yt\u00e4nn\u00f6llinen ja katseet vangitseva lis\u00e4 sisustukseesi.<\/p>\n<\/p>\n<ul>\n<li>T\u00e4ysi akasiapuu: TV-taso on valmistettu t\u00e4ydest\u00e4 akasiapuusta. T\u00e4ysi akasiapuu on kaunis luonnonmateriaali. Akasiapuu on tihe\u00e4syinen, tukeva ja kest\u00e4v\u00e4 trooppinen lehtipuu.<\/li>\n<li>Runsaasti s\u00e4ilytystilaa: TV-taso sis\u00e4lt\u00e4\u00e4 kaksi lokeroa ja hyllyn, joissa voit s\u00e4ilytt\u00e4\u00e4 DVD-soittimen, pelikonsolit, sek\u00e4 suoratoisto- ja medialaitteet ulottuvilla ja siistiss\u00e4 j\u00e4rjestyksess\u00e4.<\/li>\n<li>Tukeva yl\u00e4taso: TV-tason yl\u00e4taso toimii ihanteellisena paikkana esineiden, kuten kirjojen ja koristeiden asettamiseen.<\/li>\n<li>Johtorei\u00e4ll\u00e4: Takapaneelissa on kaksi reik\u00e4\u00e4 media- ja s\u00e4hk\u00f6laitteiden johtojen j\u00e4rjest\u00e4miseksi.<\/li>\n<\/ul>\n<ul>\n<li>Materiaali: Hunajav\u00e4rj\u00e4tty t\u00e4ysi akasiapuu<\/li>\n<li>Mitat: 112 x 30 x 40 cm (L x S x K)<\/li>\n<li>Asennus vaaditaan: kyll\u00e4<\/li>\n<\/ul>\n","protected":false},"excerpt":{"rendered":"<ul>\n<li>Materiaali: Hunajav\u00e4rj\u00e4tty t\u00e4ysi akasiapuu<\/li>\n<li>Mitat: 112 x 30 x 40 cm (L x S x K)<\/li>\n<li>Asennus vaaditaan: kyll\u00e4<\/li>\n<\/ul>\n","protected":false},"featured_media":100000178297,"comment_status":"closed","ping_status":"closed","template":"","meta":[],"product_brand":[],"product_cat":[84],"product_tag":[],"class_list":{"0":"post-178297","1":"product","2":"type-product","3":"status-publish","4":"has-post-thumbnail","6":"product_cat-huonekalut","8":"first","9":"instock","10":"taxable","11":"shipping-taxable","12":"purchasable","13":"product-type-simple"},"_links":{"self":[{"href":"https:\/\/www.otiumhome.fi\/index.php\/wp-json\/wp\/v2\/product\/178297","targetHints":{"allow":["GET"]}}],"collection":[{"href":"https:\/\/www.otiumhome.fi\/index.php\/wp-json\/wp\/v2\/product"}],"about":[{"href":"https:\/\/www.otiumhome.fi\/index.php\/wp-json\/wp\/v2\/types\/product"}],"replies":[{"embeddable":true,"href":"https:\/\/www.otiumhome.fi\/index.php\/wp-json\/wp\/v2\/comments?post=178297"}],"wp:featuredmedia":[{"embeddable":true,"href":"https:\/\/www.otiumhome.fi\/index.php\/wp-json\/"}],"wp:attachment":[{"href":"https:\/\/www.otiumhome.fi\/index.php\/wp-json\/wp\/v2\/media?parent=178297"}],"wp:term":[{"taxonomy":"product_brand","embeddable":true,"href":"https:\/\/www.otiumhome.fi\/index.php\/wp-json\/wp\/v2\/product_brand?post=178297"},{"taxonomy":"product_cat","embeddable":true,"href":"https:\/\/www.otiumhome.fi\/index.php\/wp-json\/wp\/v2\/product_cat?post=178297"},{"taxonomy":"product_tag","embeddable":true,"href":"https:\/\/www.otiumhome.fi\/index.php\/wp-json\/wp\/v2\/product_tag?post=178297"}],"curies":[{"name":"wp","href":"https:\/\/api.w.org\/{rel}","templated":true}]}}