{"id":178293,"date":"2025-10-20T07:23:28","date_gmt":"2025-10-20T07:23:28","guid":{"rendered":"https:\/\/www.otiumhome.fi\/?p=178293"},"modified":"2025-10-20T20:39:43","modified_gmt":"2025-10-20T20:39:43","slug":"tv-taso-laatikoilla-alta-valkoinen-100x35x41-cm-taysi-manty","status":"publish","type":"product","link":"https:\/\/www.otiumhome.fi\/index.php\/tuote\/tv-taso-laatikoilla-alta-valkoinen-100x35x41-cm-taysi-manty\/","title":{"rendered":"TV-taso laatikoilla ALTA valkoinen 100x35x41 cm t\u00e4ysi m\u00e4nty"},"content":{"rendered":"<p>T\u00e4m\u00e4 puinen TV-taso, jossa on runsaasti s\u00e4ilytystilaa, on k\u00e4yt\u00e4nn\u00f6llinen lis\u00e4 olo- tai makuuhuoneeseen.<\/p>\n<\/p>\n<ul>\n<li>T\u00e4ysi m\u00e4nty: T\u00e4ysi m\u00e4nty on kaunis luonnonmateriaali, jolla on suorat puunsyyt. Sen oksanpaikat antavat materiaalille sen ominaisen rustiikkisen ilmeen. T\u00e4ydest\u00e4 m\u00e4nnyst\u00e4 valmistettu TV-taso on kest\u00e4v\u00e4 ja tukeva.<\/li>\n<li>Runsaasti s\u00e4ilytystilaa: TV-kalusteessa on kaksi laatikkoa, yksi avolokero. Ne tarjoavat runsaasti s\u00e4ilytystilaa lehtien, kirjojen, DVD-levyjen ja multimedialaitteiden hyv\u00e4ss\u00e4 j\u00e4rjestyksess\u00e4 ja k\u00e4den ulottuvilla pit\u00e4miseen.<\/li>\n<li>Puunupit: TV-tasossa on puunupit, jotka tekev\u00e4t sen avaamisesta ja sulkemisesta helppoa ja lis\u00e4\u00e4v\u00e4t samalla sen kauneutta.<\/li>\n<li>Helppo huoltaa: Mediakaappi on helppo puhdistaa kostealla liinalla ja tarvitsee vain v\u00e4h\u00e4ist\u00e4 huoltoa.<\/li>\n<\/ul>\n<ul>\n<li>V\u00e4ri: Valkoinen<\/li>\n<li>Materiaali: t\u00e4ysi m\u00e4nty<\/li>\n<li>Mitat: 100 x 35 x 41 cm (L x S x K)<\/li>\n<li>Laatikon ulkomitat: 47 x 16 cm (P x L)<\/li>\n<li>Laatikon sis\u00e4mitat: 42,5 x 30 x 12 cm (L x S x K)<\/li>\n<li>Lokeron mitat: 94 x 32 x 15,5 cm (L x S x K)<\/li>\n<li>Valikoima: ALTA<\/li>\n<li>Asennus vaaditaan: Kyll\u00e4<\/li>\n<\/ul>\n","protected":false},"excerpt":{"rendered":"<ul>\n<li>V\u00e4ri: Valkoinen<\/li>\n<li>Materiaali: t\u00e4ysi m\u00e4nty<\/li>\n<li>Mitat: 100 x 35 x 41 cm (L x S x K)<\/li>\n<li>Laatikon ulkomitat: 47 x 16 cm (P x L)<\/li>\n<li>Laatikon sis\u00e4mitat: 42,5 x 30 x 12 cm (L x S x K)<\/li>\n<li>Lokeron mitat: 94 x 32 x 15,5 cm (L x S x K)<\/li>\n<li>Valikoima: ALTA<\/li>\n<li>Asennus vaaditaan: Kyll\u00e4<\/li>\n<\/ul>\n","protected":false},"featured_media":100000178293,"comment_status":"closed","ping_status":"closed","template":"","meta":[],"product_brand":[],"product_cat":[84],"product_tag":[],"class_list":{"0":"post-178293","1":"product","2":"type-product","3":"status-publish","4":"has-post-thumbnail","6":"product_cat-huonekalut","8":"first","9":"instock","10":"taxable","11":"shipping-taxable","12":"purchasable","13":"product-type-simple"},"_links":{"self":[{"href":"https:\/\/www.otiumhome.fi\/index.php\/wp-json\/wp\/v2\/product\/178293","targetHints":{"allow":["GET"]}}],"collection":[{"href":"https:\/\/www.otiumhome.fi\/index.php\/wp-json\/wp\/v2\/product"}],"about":[{"href":"https:\/\/www.otiumhome.fi\/index.php\/wp-json\/wp\/v2\/types\/product"}],"replies":[{"embeddable":true,"href":"https:\/\/www.otiumhome.fi\/index.php\/wp-json\/wp\/v2\/comments?post=178293"}],"wp:featuredmedia":[{"embeddable":true,"href":"https:\/\/www.otiumhome.fi\/index.php\/wp-json\/"}],"wp:attachment":[{"href":"https:\/\/www.otiumhome.fi\/index.php\/wp-json\/wp\/v2\/media?parent=178293"}],"wp:term":[{"taxonomy":"product_brand","embeddable":true,"href":"https:\/\/www.otiumhome.fi\/index.php\/wp-json\/wp\/v2\/product_brand?post=178293"},{"taxonomy":"product_cat","embeddable":true,"href":"https:\/\/www.otiumhome.fi\/index.php\/wp-json\/wp\/v2\/product_cat?post=178293"},{"taxonomy":"product_tag","embeddable":true,"href":"https:\/\/www.otiumhome.fi\/index.php\/wp-json\/wp\/v2\/product_tag?post=178293"}],"curies":[{"name":"wp","href":"https:\/\/api.w.org\/{rel}","templated":true}]}}