{"id":178278,"date":"2025-10-20T07:23:24","date_gmt":"2025-10-20T07:23:24","guid":{"rendered":"https:\/\/www.otiumhome.fi\/?p=178278"},"modified":"2025-10-20T20:31:20","modified_gmt":"2025-10-20T20:31:20","slug":"tv-taso-vigo-harmaa-106x40x40-cm-taysi-manty","status":"publish","type":"product","link":"https:\/\/www.otiumhome.fi\/index.php\/tuote\/tv-taso-vigo-harmaa-106x40x40-cm-taysi-manty\/","title":{"rendered":"TV-taso VIGO harmaa 106x40x40 cm t\u00e4ysi m\u00e4nty"},"content":{"rendered":"<p>T\u00e4m\u00e4 puinen TV-taso, jossa on runsaasti s\u00e4ilytystilaa, on k\u00e4yt\u00e4nn\u00f6llinen katseenvangitsija olo- tai makuuhuoneessa.<\/p>\n<\/p>\n<ul>\n<li>T\u00e4ysi m\u00e4nty: T\u00e4ysi m\u00e4nty on kaunis luonnonmateriaali, jolla on suorat puunsyyt. Sen oksanpaikat antavat materiaalille sen ominaisen rustiikkisen ilmeen. T\u00e4ydest\u00e4 m\u00e4nnyst\u00e4 valmistettu TV-taso on kest\u00e4v\u00e4 ja tukeva.<\/li>\n<li> Runsaasti s\u00e4ilytystilaa: TV-yksik\u00f6ss\u00e4 on yksi laatikko, yksi avolokero ja yksi ovellinen lokero. Ne tarjoavat runsaasti s\u00e4ilytystilaa lehtien, kirjojen, DVD-levyjen ja multimedialaitteiden hyv\u00e4ss\u00e4 j\u00e4rjestyksess\u00e4 ja k\u00e4den ulottuvilla pit\u00e4miseen.<\/li>\n<li>Helppo huoltaa: TV-kaappi on helppo puhdistaa kostealla liinalla ja se tarvitsee vain v\u00e4h\u00e4ist\u00e4 huoltoa.<\/li>\n<li>Metallikahva ja nuppi: Mediakaapissa on metallikahva ja -nuppi, jotka tekev\u00e4t laatikoiden ja oven avaamisesta ja sulkemisesta helppoa ja samalla ne lis\u00e4\u00e4v\u00e4t sen kauneutta.<\/li>\n<\/ul>\n<ul>\n<li>V\u00e4ri: Harmaa<\/li>\n<li>Materiaali: Vahattu t\u00e4ysi m\u00e4nty, tekninen puu, metalli<\/li>\n<li>Mitat: 106 x 40 x 40 cm (L x S x K)<\/li>\n<li>Laatikon ulkokoko: 48 x 15 cm (P x L)<\/li>\n<li>Laatikon sis\u00e4mitat: 44 x 30 x 13 cm (L x S x K)<\/li>\n<li>Lokeron mitat: 48 x 35 x 15 cm (L x S x K)<\/li>\n<li>Oven koko: 48 x 31 cm (P x L)<\/li>\n<li>Ikkunaluukkumaiset ovet<\/li>\n<li>Mallisto: VIGO<\/li>\n<li>Asennus vaaditaan: kyll\u00e4<\/li>\n<\/ul>\n","protected":false},"excerpt":{"rendered":"<ul>\n<li>V\u00e4ri: Harmaa<\/li>\n<li>Materiaali: Vahattu t\u00e4ysi m\u00e4nty, tekninen puu, metalli<\/li>\n<li>Mitat: 106 x 40 x 40 cm (L x S x K)<\/li>\n<li>Laatikon ulkokoko: 48 x 15 cm (P x L)<\/li>\n<li>Laatikon sis\u00e4mitat: 44 x 30 x 13 cm (L x S x K)<\/li>\n<li>Lokeron mitat: 48 x 35 x 15 cm (L x S x K)<\/li>\n<li>Oven koko: 48 x 31 cm (P x L)<\/li>\n<li>Ikkunaluukkumaiset ovet<\/li>\n<li>Mallisto: VIGO<\/li>\n<li>Asennus vaaditaan: kyll\u00e4<\/li>\n<\/ul>\n","protected":false},"featured_media":100000178278,"comment_status":"closed","ping_status":"closed","template":"","meta":[],"product_brand":[],"product_cat":[84],"product_tag":[],"class_list":{"0":"post-178278","1":"product","2":"type-product","3":"status-publish","4":"has-post-thumbnail","6":"product_cat-huonekalut","8":"first","9":"instock","10":"taxable","11":"shipping-taxable","12":"purchasable","13":"product-type-simple"},"_links":{"self":[{"href":"https:\/\/www.otiumhome.fi\/index.php\/wp-json\/wp\/v2\/product\/178278","targetHints":{"allow":["GET"]}}],"collection":[{"href":"https:\/\/www.otiumhome.fi\/index.php\/wp-json\/wp\/v2\/product"}],"about":[{"href":"https:\/\/www.otiumhome.fi\/index.php\/wp-json\/wp\/v2\/types\/product"}],"replies":[{"embeddable":true,"href":"https:\/\/www.otiumhome.fi\/index.php\/wp-json\/wp\/v2\/comments?post=178278"}],"wp:featuredmedia":[{"embeddable":true,"href":"https:\/\/www.otiumhome.fi\/index.php\/wp-json\/"}],"wp:attachment":[{"href":"https:\/\/www.otiumhome.fi\/index.php\/wp-json\/wp\/v2\/media?parent=178278"}],"wp:term":[{"taxonomy":"product_brand","embeddable":true,"href":"https:\/\/www.otiumhome.fi\/index.php\/wp-json\/wp\/v2\/product_brand?post=178278"},{"taxonomy":"product_cat","embeddable":true,"href":"https:\/\/www.otiumhome.fi\/index.php\/wp-json\/wp\/v2\/product_cat?post=178278"},{"taxonomy":"product_tag","embeddable":true,"href":"https:\/\/www.otiumhome.fi\/index.php\/wp-json\/wp\/v2\/product_tag?post=178278"}],"curies":[{"name":"wp","href":"https:\/\/api.w.org\/{rel}","templated":true}]}}