{"id":178258,"date":"2025-10-20T07:20:46","date_gmt":"2025-10-20T07:20:46","guid":{"rendered":"https:\/\/www.otiumhome.fi\/?p=178258"},"modified":"2025-10-20T19:55:34","modified_gmt":"2025-10-20T19:55:34","slug":"tv-taso-musta-105x35x50-cm-lasi-ja-teras","status":"publish","type":"product","link":"https:\/\/www.otiumhome.fi\/index.php\/tuote\/tv-taso-musta-105x35x50-cm-lasi-ja-teras\/","title":{"rendered":"TV-taso musta 105x35x50 cm lasi ja ter\u00e4s"},"content":{"rendered":"<p>T\u00e4st\u00e4 elegantista, trendikk\u00e4\u00e4sti ja k\u00e4yt\u00e4nn\u00f6llisesti muotoillusta TV-kaapista tulee huoneesi keskipiste.<\/p>\n<\/p>\n<ul>\n<li>Vakaa materiaali: TV-tason runko on valmistettu jauhemaalatusta ter\u00e4ksest\u00e4. Ter\u00e4s on poikkeuksellisen kova ja vahva materiaali. Se tarjoaa tukevuutta ja vakautta. Ter\u00e4ksen jauhemaalaus luo suojaavan kerroksen ajan patinaa vastaan.<\/li>\n<li>Uurrettu lasi: Uurretun lasin pystysuora kuvio luo utuista tunnelmaa kohokuvioinnin avulla. Se mahdollistaa samanaikaisesti sek\u00e4 l\u00e4pin\u00e4kyvyyden ett\u00e4 yksityisyyden.<\/li>\n<li>Runsaasti s\u00e4ilytystilaa: TV-taso tarjoaa runsaasti k\u00e4tev\u00e4\u00e4 s\u00e4ilytystilaa lehdille, kirjoille, kaukos\u00e4\u00e4timille ja muiden pienesineiden j\u00e4rjestyksess\u00e4 ja k\u00e4den ulottuvilla pit\u00e4miseen.<\/li>\n<li>S\u00e4\u00e4dett\u00e4v\u00e4 hylly: Mediakaappi on varustettu s\u00e4\u00e4dett\u00e4v\u00e4ll\u00e4 hyllyll\u00e4, jolle mahtuu erikokoisia esineit\u00e4, eik\u00e4 yht\u00e4\u00e4n tilaa mene hukkaan.<\/li>\n<li>Vakaimet pohjassa: Pohjassa on vakaimet, jotka vakauttavat sivukaapin ep\u00e4tasaisilla lattioilla.<\/li>\n<li>Vakaa yl\u00e4taso: Mediayksik\u00f6n vakaa yl\u00e4taso on ihanteellinen paikka TV:n, stereoj\u00e4rjestelmien, tai joidenkin koristeiden, kuten maljakoiden ja ruukkukasvien sijoittamiseen.<\/li>\n<\/ul>\n<p>Varoitus:<\/p>\n<ul>\n<li>Kaatumisen est\u00e4miseksi on t\u00e4t\u00e4 tuotetta k\u00e4ytett\u00e4v\u00e4 mukana toimitettavan sein\u00e4kiinnityslaitteen kanssa.<\/li>\n<\/ul>\n<ul>\n<li>V\u00e4ri: Musta<\/li>\n<li>Materiaali: Jauhemaalattu ter\u00e4s, uurrettu lasi<\/li>\n<li>Mitat: 105 x 35 x 50 cm (L x S x K)<\/li>\n<li>1 s\u00e4\u00e4dett\u00e4v\u00e4 hylly<\/li>\n<li>Tasaajat pohjassa<\/li>\n<li>Asennus vaaditaan: kyll\u00e4<\/li>\n<\/ul>\n","protected":false},"excerpt":{"rendered":"<ul>\n<li>V\u00e4ri: Musta<\/li>\n<li>Materiaali: Jauhemaalattu ter\u00e4s, uurrettu lasi<\/li>\n<li>Mitat: 105 x 35 x 50 cm (L x S x K)<\/li>\n<li>1 s\u00e4\u00e4dett\u00e4v\u00e4 hylly<\/li>\n<li>Tasaajat pohjassa<\/li>\n<li>Asennus vaaditaan: kyll\u00e4<\/li>\n<\/ul>\n","protected":false},"featured_media":100000178258,"comment_status":"closed","ping_status":"closed","template":"","meta":[],"product_brand":[],"product_cat":[84],"product_tag":[],"class_list":{"0":"post-178258","1":"product","2":"type-product","3":"status-publish","4":"has-post-thumbnail","6":"product_cat-huonekalut","8":"first","9":"instock","10":"taxable","11":"shipping-taxable","12":"purchasable","13":"product-type-simple"},"_links":{"self":[{"href":"https:\/\/www.otiumhome.fi\/index.php\/wp-json\/wp\/v2\/product\/178258","targetHints":{"allow":["GET"]}}],"collection":[{"href":"https:\/\/www.otiumhome.fi\/index.php\/wp-json\/wp\/v2\/product"}],"about":[{"href":"https:\/\/www.otiumhome.fi\/index.php\/wp-json\/wp\/v2\/types\/product"}],"replies":[{"embeddable":true,"href":"https:\/\/www.otiumhome.fi\/index.php\/wp-json\/wp\/v2\/comments?post=178258"}],"wp:featuredmedia":[{"embeddable":true,"href":"https:\/\/www.otiumhome.fi\/index.php\/wp-json\/"}],"wp:attachment":[{"href":"https:\/\/www.otiumhome.fi\/index.php\/wp-json\/wp\/v2\/media?parent=178258"}],"wp:term":[{"taxonomy":"product_brand","embeddable":true,"href":"https:\/\/www.otiumhome.fi\/index.php\/wp-json\/wp\/v2\/product_brand?post=178258"},{"taxonomy":"product_cat","embeddable":true,"href":"https:\/\/www.otiumhome.fi\/index.php\/wp-json\/wp\/v2\/product_cat?post=178258"},{"taxonomy":"product_tag","embeddable":true,"href":"https:\/\/www.otiumhome.fi\/index.php\/wp-json\/wp\/v2\/product_tag?post=178258"}],"curies":[{"name":"wp","href":"https:\/\/api.w.org\/{rel}","templated":true}]}}