{"id":178251,"date":"2025-10-20T07:20:45","date_gmt":"2025-10-20T07:20:45","guid":{"rendered":"https:\/\/www.otiumhome.fi\/?p=178251"},"modified":"2025-10-20T19:54:06","modified_gmt":"2025-10-20T19:54:06","slug":"tv-taso-60x33x435-cm-kierratetty-tayspuu","status":"publish","type":"product","link":"https:\/\/www.otiumhome.fi\/index.php\/tuote\/tv-taso-60x33x435-cm-kierratetty-tayspuu\/","title":{"rendered":"TV-taso 60x33x43,5 cm kierr\u00e4tetty t\u00e4yspuu"},"content":{"rendered":"<p>T\u00e4m\u00e4 katseet vangitseva TV-taso huokuu teollista vieh\u00e4tysvoimaa ja siit\u00e4 tulee upea lis\u00e4 huoneesi sisustukseen.<\/p>\n<\/p>\n<ul>\n<li>Kierr\u00e4tetty t\u00e4yspuu: Kierr\u00e4tetty t\u00e4yspuu sis\u00e4lt\u00e4\u00e4 sekoituksen eri puulajeja, kuten tiikki\u00e4, mangopuuta, m\u00e4nty\u00e4 ja py\u00f6kki\u00e4. N\u00e4m\u00e4 materiaalit on ker\u00e4tty vanhoista rakennuksista, tehtaista, vajoista ja veneist\u00e4. T\u00e4m\u00e4 tapa on erinomainen ymp\u00e4rist\u00f6yst\u00e4v\u00e4llinen vaihtoehto huonekalujen valmistamiseen. Koska jokainen tuote on k\u00e4sintehty, ainutlaatuiset v\u00e4rit vaihtelevat tuotteesta toiseen. Voit n\u00e4hd\u00e4 v\u00e4rej\u00e4, kuten sininen, vihre\u00e4 ja joskus oranssi, punainen tai pinkki.<\/li>\n<li>Reilu s\u00e4ilytystilaa: TV-yksikk\u00f6 tarjoaa runsaasti tilaa DVD-soittimien, pelikonsolien, suoratoistolaitteiden ja medialaitteiden hyv\u00e4ss\u00e4 j\u00e4rjestyksess\u00e4 k\u00e4den ulottuvilla pit\u00e4miseen.<\/li>\n<li>Tukeva yl\u00e4taso: Mediatason tukeva yl\u00e4taso on ihanteellinen paikka TV:n ja stereoj\u00e4rjestelmien tai joidenkin koristeiden, kuten maljakoiden ja ruukkukasvien sijoittamiseen.<\/li>\n<li>Rautajalat: Mediakaapin rautajalat takaavat tukevuuden ja vakauden.<\/li>\n<\/ul>\n<p>Hyv\u00e4 tiet\u00e4\u00e4:<\/p>\n<ul>\n<li>V\u00e4rit saattavat vaihdella kappaleesta toiseen, tehden jokaisesta kappaleesta ainutlaatuisen ja hieman erilaisen kuin muut. Toimitus on satunnainen, joka takaa tuotteesi ainutlaatuisuuden ja yksil\u00f6llisyyden.<\/li>\n<\/ul>\n<ul>\n<li>Materiaali: T\u00e4ysi kierr\u00e4tetty puu eri v\u00e4rej\u00e4 sis\u00e4lt\u00e4v\u00e4ll\u00e4 viimeistelyll\u00e4, rauta<\/li>\n<li>Mitat: 60 x 33 x 43,5 cm (P x L x K)<\/li>\n<li>Asennus vaaditaan: kyll\u00e4<\/li>\n<\/ul>\n","protected":false},"excerpt":{"rendered":"<ul>\n<li>Materiaali: T\u00e4ysi kierr\u00e4tetty puu eri v\u00e4rej\u00e4 sis\u00e4lt\u00e4v\u00e4ll\u00e4 viimeistelyll\u00e4, rauta<\/li>\n<li>Mitat: 60 x 33 x 43,5 cm (P x L x K)<\/li>\n<li>Asennus vaaditaan: kyll\u00e4<\/li>\n<\/ul>\n","protected":false},"featured_media":100000178251,"comment_status":"closed","ping_status":"closed","template":"","meta":[],"product_brand":[],"product_cat":[84],"product_tag":[],"class_list":{"0":"post-178251","1":"product","2":"type-product","3":"status-publish","4":"has-post-thumbnail","6":"product_cat-huonekalut","8":"first","9":"instock","10":"taxable","11":"shipping-taxable","12":"purchasable","13":"product-type-simple"},"_links":{"self":[{"href":"https:\/\/www.otiumhome.fi\/index.php\/wp-json\/wp\/v2\/product\/178251","targetHints":{"allow":["GET"]}}],"collection":[{"href":"https:\/\/www.otiumhome.fi\/index.php\/wp-json\/wp\/v2\/product"}],"about":[{"href":"https:\/\/www.otiumhome.fi\/index.php\/wp-json\/wp\/v2\/types\/product"}],"replies":[{"embeddable":true,"href":"https:\/\/www.otiumhome.fi\/index.php\/wp-json\/wp\/v2\/comments?post=178251"}],"wp:featuredmedia":[{"embeddable":true,"href":"https:\/\/www.otiumhome.fi\/index.php\/wp-json\/"}],"wp:attachment":[{"href":"https:\/\/www.otiumhome.fi\/index.php\/wp-json\/wp\/v2\/media?parent=178251"}],"wp:term":[{"taxonomy":"product_brand","embeddable":true,"href":"https:\/\/www.otiumhome.fi\/index.php\/wp-json\/wp\/v2\/product_brand?post=178251"},{"taxonomy":"product_cat","embeddable":true,"href":"https:\/\/www.otiumhome.fi\/index.php\/wp-json\/wp\/v2\/product_cat?post=178251"},{"taxonomy":"product_tag","embeddable":true,"href":"https:\/\/www.otiumhome.fi\/index.php\/wp-json\/wp\/v2\/product_tag?post=178251"}],"curies":[{"name":"wp","href":"https:\/\/api.w.org\/{rel}","templated":true}]}}