{"id":178236,"date":"2025-10-20T07:20:41","date_gmt":"2025-10-20T07:20:41","guid":{"rendered":"https:\/\/www.otiumhome.fi\/?p=178236"},"modified":"2025-10-20T19:53:33","modified_gmt":"2025-10-20T19:53:33","slug":"tv-taso-105x30x45-cm-tekninen-puu-ja-rauta","status":"publish","type":"product","link":"https:\/\/www.otiumhome.fi\/index.php\/tuote\/tv-taso-105x30x45-cm-tekninen-puu-ja-rauta\/","title":{"rendered":"TV-taso 105x30x45 cm tekninen puu ja rauta"},"content":{"rendered":"<p>Tyylik\u00e4s ja k\u00e4yt\u00e4nn\u00f6llisesti muotoiltu TV-taso tulee varmasti olemaan huoneesi keskipiste.<\/p>\n<\/p>\n<ul>\n<li>Kest\u00e4v\u00e4 materiaali: Tekninen puu on poikkeuksellisen laadukasta ja sile\u00e4pintaista. Se on luja, vakaa ja kosteudelle vastustuskykyinen.<\/li>\n<li>Runsaasti s\u00e4ilytystilaa: Kahdella avolokerolla ja kahdella ovien takaa l\u00f6ytyvill\u00e4 lokeroilla varustettu TV-taso tarjoaa runsaasti s\u00e4ilytystilaa lehtien, DVD-levyjen ja muiden esineiden hyv\u00e4ss\u00e4 j\u00e4rjestyksess\u00e4 pit\u00e4miseen.<\/li>\n<li>Tukeva yl\u00e4taso: Tukeva yl\u00e4taso on ihanteellinen koristeiden, valokuvien ja ruukkukasvien esille asettamiseen.<\/li>\n<li>Metallijalat: Metallijalat lis\u00e4\u00e4v\u00e4t rauhallista tyyli\u00e4 sisustukseesi ja takaavat samalla vakauden.<\/li>\n<\/ul>\n<p>Hyv\u00e4 tiet\u00e4\u00e4:<\/p>\n<ul>\n<li>Jotta kokoaminen olisi mahdollisimman helppoa, jokainen tuote toimitetaan ohjekirjan kanssa.<\/li>\n<\/ul>\n<ul>\n<li>Materiaali: Tekninen puu, t\u00e4ysi m\u00e4nty, rauta<\/li>\n<li>Mitat: 105 x 30 x 45 cm (L x S x K)<\/li>\n<li>Jalkojen korkeus: 15 cm<\/li>\n<li>Enimm\u00e4iskantavuus (yhteens\u00e4): 70 kg<\/li>\n<li>Enimm\u00e4iskantavuus per hylly: 10 kg<\/li>\n<\/ul>\n","protected":false},"excerpt":{"rendered":"<ul>\n<li>Materiaali: Tekninen puu, t\u00e4ysi m\u00e4nty, rauta<\/li>\n<li>Mitat: 105 x 30 x 45 cm (L x S x K)<\/li>\n<li>Jalkojen korkeus: 15 cm<\/li>\n<li>Enimm\u00e4iskantavuus (yhteens\u00e4): 70 kg<\/li>\n<li>Enimm\u00e4iskantavuus per hylly: 10 kg<\/li>\n<\/ul>\n","protected":false},"featured_media":100000178236,"comment_status":"closed","ping_status":"closed","template":"","meta":[],"product_brand":[],"product_cat":[84],"product_tag":[],"class_list":{"0":"post-178236","1":"product","2":"type-product","3":"status-publish","4":"has-post-thumbnail","6":"product_cat-huonekalut","8":"first","9":"instock","10":"taxable","11":"shipping-taxable","12":"purchasable","13":"product-type-simple"},"_links":{"self":[{"href":"https:\/\/www.otiumhome.fi\/index.php\/wp-json\/wp\/v2\/product\/178236","targetHints":{"allow":["GET"]}}],"collection":[{"href":"https:\/\/www.otiumhome.fi\/index.php\/wp-json\/wp\/v2\/product"}],"about":[{"href":"https:\/\/www.otiumhome.fi\/index.php\/wp-json\/wp\/v2\/types\/product"}],"replies":[{"embeddable":true,"href":"https:\/\/www.otiumhome.fi\/index.php\/wp-json\/wp\/v2\/comments?post=178236"}],"wp:featuredmedia":[{"embeddable":true,"href":"https:\/\/www.otiumhome.fi\/index.php\/wp-json\/"}],"wp:attachment":[{"href":"https:\/\/www.otiumhome.fi\/index.php\/wp-json\/wp\/v2\/media?parent=178236"}],"wp:term":[{"taxonomy":"product_brand","embeddable":true,"href":"https:\/\/www.otiumhome.fi\/index.php\/wp-json\/wp\/v2\/product_brand?post=178236"},{"taxonomy":"product_cat","embeddable":true,"href":"https:\/\/www.otiumhome.fi\/index.php\/wp-json\/wp\/v2\/product_cat?post=178236"},{"taxonomy":"product_tag","embeddable":true,"href":"https:\/\/www.otiumhome.fi\/index.php\/wp-json\/wp\/v2\/product_tag?post=178236"}],"curies":[{"name":"wp","href":"https:\/\/api.w.org\/{rel}","templated":true}]}}