{"id":178206,"date":"2025-10-20T07:20:34","date_gmt":"2025-10-20T07:20:34","guid":{"rendered":"https:\/\/www.otiumhome.fi\/?p=178206"},"modified":"2025-10-25T15:09:10","modified_gmt":"2025-10-25T15:09:10","slug":"seina-tv-kaapit-4-kpl-vanha-puu-suunniteltu-puu","status":"publish","type":"product","link":"https:\/\/www.otiumhome.fi\/index.php\/tuote\/seina-tv-kaapit-4-kpl-vanha-puu-suunniteltu-puu\/","title":{"rendered":"Sein\u00e4-TV-kaapit 4 kpl vanha puu suunniteltu puu"},"content":{"rendered":"<p>N\u00e4iss\u00e4 sein\u00e4lle asennettavissa TV-kaapeissa on tyylik\u00e4s ja tyylik\u00e4s muotoilu, mik\u00e4 tekee niist\u00e4 koristeellisen ja k\u00e4yt\u00e4nn\u00f6llisen lis\u00e4n sisustukseesi.<\/p>\n<\/p>\n<ul>\n<li>Vakaa ja kest\u00e4v\u00e4 materiaali: Tekninen puu on kest\u00e4v\u00e4 ja vakaa materiaali, jonka sile\u00e4 pinta kest\u00e4\u00e4 kosteutta, v\u00e4\u00e4ntymist\u00e4 ja halkeilua, joten se on luotettava valinta erilaisiin projekteihin.<\/li>\n<li>Runsaasti s\u00e4ilytystilaa: T\u00e4m\u00e4 TV-taso tarjoaa k\u00e4tev\u00e4n s\u00e4ilytystilan p\u00e4ivitt\u00e4isten tavaroiden pit\u00e4miseen hyvin j\u00e4rjestyksess\u00e4 ja helposti ulottuvillasi.<\/li>\n<li>K\u00e4tev\u00e4 kokoonpano: Voit asentaa oven vasemmalle tai oikealle puolelle tarpeidesi mukaan.<\/li>\n<li>Moderni tyyli: Lis\u00e4\u00e4 moderni tyyli\u00e4 nykyiseen sisustukseesi t\u00e4ll\u00e4 mediakaapilla! Modernissa muotoilussa on puhtaat linjat, minimalistinen ulkon\u00e4k\u00f6 ja luonnonvalo osana sisustustyyli\u00e4.<\/li>\n<\/ul>\n<p>Hyv\u00e4 tiet\u00e4\u00e4:<\/p>\n<ul>\n<li>Sein\u00e4\u00e4n kiinnitett\u00e4v\u00e4t ruuvit ja tulpat eiv\u00e4t sis\u00e4lly toimitukseen. Suosittelemme etsim\u00e4\u00e4n ja k\u00e4ytt\u00e4m\u00e4\u00e4n sein\u00e4\u00e4si sopivia ruuveja ja tulppia. Jos olet ep\u00e4varma, kysy ammattilaisen neuvoa. Lue ja noudata ohjeiden jokaista vaihetta.<\/li>\n<\/ul>\n<ul>\n<li>V\u00e4ri: Vanha puu<\/li>\n<li>Materiaali: Tekninen puu<\/li>\n<li>Sein\u00e4lle asennettavan TV-kaapin mitat (S): 80 x 30 x 30 cm (L x S x K)<\/li>\n<li>Sein\u00e4lle asennettavan TV-kaapin mitat (P): 30,5 x 30 x 60 cm (L x S x K)<\/li>\n<li>Maksimipainokapasiteetti (yhteens\u00e4): 60 kg<\/li>\n<li>Asennus vaaditaan: Kyll\u00e4<\/li>\n<li><strong>Toimitus sis\u00e4lt\u00e4\u00e4:<\/strong><\/li>\n<li>4 x sein\u00e4\u00e4n kiinnitett\u00e4v\u00e4 TV-kaappi<\/li>\n<\/ul>\n","protected":false},"excerpt":{"rendered":"<ul>\n<li>V\u00e4ri: Vanha puu<\/li>\n<li>Materiaali: Tekninen puu<\/li>\n<li>Sein\u00e4lle asennettavan TV-kaapin mitat (S): 80 x 30 x 30 cm (L x S x K)<\/li>\n<li>Sein\u00e4lle asennettavan TV-kaapin mitat (P): 30,5 x 30 x 60 cm (L x S x K)<\/li>\n<li>Maksimipainokapasiteetti (yhteens\u00e4): 60 kg<\/li>\n<li>Asennus vaaditaan: Kyll\u00e4<\/li>\n<li><strong>Toimitus sis\u00e4lt\u00e4\u00e4:<\/strong><\/li>\n<li>4 x sein\u00e4\u00e4n kiinnitett\u00e4v\u00e4 TV-kaappi<\/li>\n<\/ul>\n","protected":false},"featured_media":100000178206,"comment_status":"closed","ping_status":"closed","template":"","meta":[],"product_brand":[],"product_cat":[84],"product_tag":[],"class_list":{"0":"post-178206","1":"product","2":"type-product","3":"status-publish","4":"has-post-thumbnail","6":"product_cat-huonekalut","8":"first","9":"instock","10":"taxable","11":"shipping-taxable","12":"purchasable","13":"product-type-simple"},"_links":{"self":[{"href":"https:\/\/www.otiumhome.fi\/index.php\/wp-json\/wp\/v2\/product\/178206","targetHints":{"allow":["GET"]}}],"collection":[{"href":"https:\/\/www.otiumhome.fi\/index.php\/wp-json\/wp\/v2\/product"}],"about":[{"href":"https:\/\/www.otiumhome.fi\/index.php\/wp-json\/wp\/v2\/types\/product"}],"replies":[{"embeddable":true,"href":"https:\/\/www.otiumhome.fi\/index.php\/wp-json\/wp\/v2\/comments?post=178206"}],"wp:featuredmedia":[{"embeddable":true,"href":"https:\/\/www.otiumhome.fi\/index.php\/wp-json\/"}],"wp:attachment":[{"href":"https:\/\/www.otiumhome.fi\/index.php\/wp-json\/wp\/v2\/media?parent=178206"}],"wp:term":[{"taxonomy":"product_brand","embeddable":true,"href":"https:\/\/www.otiumhome.fi\/index.php\/wp-json\/wp\/v2\/product_brand?post=178206"},{"taxonomy":"product_cat","embeddable":true,"href":"https:\/\/www.otiumhome.fi\/index.php\/wp-json\/wp\/v2\/product_cat?post=178206"},{"taxonomy":"product_tag","embeddable":true,"href":"https:\/\/www.otiumhome.fi\/index.php\/wp-json\/wp\/v2\/product_tag?post=178206"}],"curies":[{"name":"wp","href":"https:\/\/api.w.org\/{rel}","templated":true}]}}