{"id":178204,"date":"2025-10-20T07:20:33","date_gmt":"2025-10-20T07:20:33","guid":{"rendered":"https:\/\/www.otiumhome.fi\/?p=178204"},"modified":"2025-10-20T19:37:26","modified_gmt":"2025-10-20T19:37:26","slug":"tv-taso-100x33x46-cm-kierratetty-tayspuu-ja-tekninen-puu","status":"publish","type":"product","link":"https:\/\/www.otiumhome.fi\/index.php\/tuote\/tv-taso-100x33x46-cm-kierratetty-tayspuu-ja-tekninen-puu\/","title":{"rendered":"TV-taso 100x33x46 cm kierr\u00e4tetty t\u00e4yspuu ja tekninen puu"},"content":{"rendered":"<p>T\u00e4m\u00e4 TV-kaappi on t\u00e4ydellinen valinta tiloihisi sen trendikk\u00e4\u00e4n ja k\u00e4yt\u00e4nn\u00f6llisen muotoilun ansiosta.<\/p>\n<\/p>\n<ul>\n<li>Kierr\u00e4tetty t\u00e4yspuu: T\u00e4m\u00e4 mediakaappi on valmistettu t\u00e4ydest\u00e4 tekniseen puuhun yhdistetyst\u00e4 kierr\u00e4tyspuusta. T\u00e4ysi kierr\u00e4tyspuu koostuu uusiok\u00e4ytetyst\u00e4 puusta, kuten tiikist\u00e4, mangopuusta, m\u00e4nnyst\u00e4 ja py\u00f6kist\u00e4. N\u00e4m\u00e4 materiaalit on ker\u00e4tty vanhoista rakennuksista, tehtaista, vajoista ja veneist\u00e4.<\/li>\n<li>Runsaasti s\u00e4ilytystilaa: Nelj\u00e4ll\u00e4 avolokerolla ja yhdell\u00e4 laatikolla varustettu TV-taso tarjoaa runsaasti s\u00e4ilytystilaa lehdille, DVD-levyille ja muille tavaroille.<\/li>\n<li>Vakaat jalat: Tason rautajalat takaavat tukevuuden ja vakauden.<\/li>\n<li>Esittelytoiminto: TV-tason tukeva yl\u00e4taso on ihanteellinen koristeiden, kuten valokuvien ja viherkasvien esille laittoon.<\/li>\n<\/ul>\n<p>Hyv\u00e4 tiet\u00e4\u00e4:<\/p>\n<ul>\n<li>Jotta kokoaminen olisi mahdollisimman helppoa, jokainen tuote toimitetaan ohjekirjan kanssa.<\/li>\n<li>V\u00e4rit ja puunsyyt vaihtelevat kappaleittain, mik\u00e4 tekee jokaisesta kappaleesta ainutlaatuisen. Toimitus on sattumanvarainen, t\u00e4m\u00e4 takaa tuotteesi erityisyyden ja ainutlaatuisuuden.<\/li>\n<\/ul>\n<ul>\n<li>Materiaali: Kierr\u00e4tetty t\u00e4yspuu eri v\u00e4rej\u00e4 sis\u00e4lt\u00e4v\u00e4ll\u00e4 viimeistelyll\u00e4, tekninen puu, rauta<\/li>\n<li>Mitat: 100 x 33 x 46 cm (L x S x K)<\/li>\n<li>Jalkojen korkeus: 10 cm<\/li>\n<\/ul>\n","protected":false},"excerpt":{"rendered":"<ul>\n<li>Materiaali: Kierr\u00e4tetty t\u00e4yspuu eri v\u00e4rej\u00e4 sis\u00e4lt\u00e4v\u00e4ll\u00e4 viimeistelyll\u00e4, tekninen puu, rauta<\/li>\n<li>Mitat: 100 x 33 x 46 cm (L x S x K)<\/li>\n<li>Jalkojen korkeus: 10 cm<\/li>\n<\/ul>\n","protected":false},"featured_media":100000178204,"comment_status":"closed","ping_status":"closed","template":"","meta":[],"product_brand":[],"product_cat":[84],"product_tag":[],"class_list":{"0":"post-178204","1":"product","2":"type-product","3":"status-publish","4":"has-post-thumbnail","6":"product_cat-huonekalut","8":"first","9":"instock","10":"taxable","11":"shipping-taxable","12":"purchasable","13":"product-type-simple"},"_links":{"self":[{"href":"https:\/\/www.otiumhome.fi\/index.php\/wp-json\/wp\/v2\/product\/178204","targetHints":{"allow":["GET"]}}],"collection":[{"href":"https:\/\/www.otiumhome.fi\/index.php\/wp-json\/wp\/v2\/product"}],"about":[{"href":"https:\/\/www.otiumhome.fi\/index.php\/wp-json\/wp\/v2\/types\/product"}],"replies":[{"embeddable":true,"href":"https:\/\/www.otiumhome.fi\/index.php\/wp-json\/wp\/v2\/comments?post=178204"}],"wp:featuredmedia":[{"embeddable":true,"href":"https:\/\/www.otiumhome.fi\/index.php\/wp-json\/"}],"wp:attachment":[{"href":"https:\/\/www.otiumhome.fi\/index.php\/wp-json\/wp\/v2\/media?parent=178204"}],"wp:term":[{"taxonomy":"product_brand","embeddable":true,"href":"https:\/\/www.otiumhome.fi\/index.php\/wp-json\/wp\/v2\/product_brand?post=178204"},{"taxonomy":"product_cat","embeddable":true,"href":"https:\/\/www.otiumhome.fi\/index.php\/wp-json\/wp\/v2\/product_cat?post=178204"},{"taxonomy":"product_tag","embeddable":true,"href":"https:\/\/www.otiumhome.fi\/index.php\/wp-json\/wp\/v2\/product_tag?post=178204"}],"curies":[{"name":"wp","href":"https:\/\/api.w.org\/{rel}","templated":true}]}}