{"id":178203,"date":"2025-10-20T07:20:33","date_gmt":"2025-10-20T07:20:33","guid":{"rendered":"https:\/\/www.otiumhome.fi\/?p=178203"},"modified":"2025-12-09T15:05:22","modified_gmt":"2025-12-09T15:05:22","slug":"tv-kaapistosetti-8-pcs-musta-tammi-tekninen-puu","status":"publish","type":"product","link":"https:\/\/www.otiumhome.fi\/index.php\/tuote\/tv-kaapistosetti-8-pcs-musta-tammi-tekninen-puu\/","title":{"rendered":"TV-kaapistosetti 8 pcs Musta tammi. Tekninen puu"},"content":{"rendered":"<p>T\u00e4m\u00e4 TV-kaappisarja yhdist\u00e4\u00e4 modernin muotoilun k\u00e4yt\u00e4nn\u00f6llisyyteen, tarjoten tyylikk\u00e4\u00e4n ratkaisun s\u00e4ilytystarpeisiisi. Sein\u00e4lle asennettuna t\u00e4m\u00e4 kaappi maksimoi tilan, joten se on loistava valinta nykyaikaisiin olohuoneisiin. Suorat linjat ja hillitty muoto tekev\u00e4t siit\u00e4 t\u00e4ydellisen lis\u00e4n ilman liiallista hallintaa. Sen kaksikokoinen rakenne mahdollistaa monipuolisen k\u00e4yt\u00f6n.<\/p>\n<ul>\n<li><b>Kest\u00e4v\u00e4 tekninen puu:<\/b> Valmistettu kest\u00e4v\u00e4st\u00e4 teknisest\u00e4 puusta, joka takaa pitk\u00e4n k\u00e4ytt\u00f6i\u00e4n ja hienostuneen ilmeen. V\u00e4\u00e4ntym\u00e4tt\u00f6myys tarkoittaa, ett\u00e4 t\u00e4m\u00e4 kaappi s\u00e4ilytt\u00e4\u00e4 eheyden ajan my\u00f6t\u00e4.<\/li>\n<li><b>Runsaasti s\u00e4ilytystilaa:<\/b> Hyllyt tarjoavat upeasti tilaa kirjoille, elektroniikalle tai koriste-esineille. Voit j\u00e4rjest\u00e4\u00e4 asiat siististi ja vapauttaa tilaa henkil\u00f6kohtaisille kosketuksille. Hyllyjen muunneltavuus takaa, ett\u00e4 ne t\u00e4ytt\u00e4v\u00e4t tarpeesi.<\/li>\n<li><b>Sujuva sein\u00e4lle asennus:<\/b> T\u00e4m\u00e4 kaappi optimoi lattiatilan ja luo siistin ilmeen. Sein\u00e4\u00e4n asennettuna se lis\u00e4\u00e4 tyyli\u00e4 ja parantaa vakautta, sopien t\u00e4ydellisesti avotahtisiin olohuoneisiin.<\/li>\n<li><b>Monipuolinen muotoilu:<\/b> T\u00e4m\u00e4n kaapin muotoilu sopii t\u00e4ydellisesti nykyaikaisiin tyyleihin, joissa on yksinkertaisuutta. Se voi toimia miss\u00e4 tahansa huoneessa, joka tarvitsee lis\u00e4s\u00e4ilytystilaa, joten tyyli s\u00e4ilyy.<\/li>\n<li><b>Kokoonpano-ohjeet:<\/b> Kokoaminen vaatii kahden henkil\u00f6n apua ja ruuvimeisselin. Noudattamalla ohjeita takaat, ett\u00e4 kaikki osat on asennettu oikein turvallisen k\u00e4yt\u00f6n varmistamiseksi.<\/li>\n<\/ul>\n<ul>\n<li>V\u00e4ri: Musta tammi.<\/li>\n<li>Materiaali: Tekninen puu<\/li>\n<li>Yleiset mitat: 37 x 35 x 72 cm (P x L x K)<\/li>\n<li>Hyllyll\u00e4<\/li>\n<li>Kokoonpano vaaditaan: Kyll\u00e4<\/li>\n<li>Toimitus-:<\/li>\n<li>4 x TV-kaappi (S): 37x 35 x 37,5 cm (P x L x K)<\/li>\n<li>4 x TV-kaappi (L): 37 x 35 x 72 cm (P x L x K)<\/li>\n<\/ul>\n","protected":false},"excerpt":{"rendered":"<ul>\n<li>V\u00e4ri: Musta tammi.<\/li>\n<li>Materiaali: Tekninen puu<\/li>\n<li>Yleiset mitat: 37 x 35 x 72 cm (P x L x K)<\/li>\n<li>Hyllyll\u00e4<\/li>\n<li>Kokoonpano vaaditaan: Kyll\u00e4<\/li>\n<li>Toimitus-:<\/li>\n<li>4 x TV-kaappi (S): 37x 35 x 37,5 cm (P x L x K)<\/li>\n<li>4 x TV-kaappi (L): 37 x 35 x 72 cm (P x L x K)<\/li>\n<\/ul>\n","protected":false},"featured_media":100000178203,"comment_status":"closed","ping_status":"closed","template":"","meta":[],"product_brand":[],"product_cat":[84],"product_tag":[],"class_list":{"0":"post-178203","1":"product","2":"type-product","3":"status-publish","4":"has-post-thumbnail","6":"product_cat-huonekalut","8":"first","9":"instock","10":"taxable","11":"shipping-taxable","12":"purchasable","13":"product-type-simple"},"_links":{"self":[{"href":"https:\/\/www.otiumhome.fi\/index.php\/wp-json\/wp\/v2\/product\/178203","targetHints":{"allow":["GET"]}}],"collection":[{"href":"https:\/\/www.otiumhome.fi\/index.php\/wp-json\/wp\/v2\/product"}],"about":[{"href":"https:\/\/www.otiumhome.fi\/index.php\/wp-json\/wp\/v2\/types\/product"}],"replies":[{"embeddable":true,"href":"https:\/\/www.otiumhome.fi\/index.php\/wp-json\/wp\/v2\/comments?post=178203"}],"wp:featuredmedia":[{"embeddable":true,"href":"https:\/\/www.otiumhome.fi\/index.php\/wp-json\/"}],"wp:attachment":[{"href":"https:\/\/www.otiumhome.fi\/index.php\/wp-json\/wp\/v2\/media?parent=178203"}],"wp:term":[{"taxonomy":"product_brand","embeddable":true,"href":"https:\/\/www.otiumhome.fi\/index.php\/wp-json\/wp\/v2\/product_brand?post=178203"},{"taxonomy":"product_cat","embeddable":true,"href":"https:\/\/www.otiumhome.fi\/index.php\/wp-json\/wp\/v2\/product_cat?post=178203"},{"taxonomy":"product_tag","embeddable":true,"href":"https:\/\/www.otiumhome.fi\/index.php\/wp-json\/wp\/v2\/product_tag?post=178203"}],"curies":[{"name":"wp","href":"https:\/\/api.w.org\/{rel}","templated":true}]}}