{"id":178172,"date":"2025-10-20T07:20:24","date_gmt":"2025-10-20T07:20:24","guid":{"rendered":"https:\/\/www.otiumhome.fi\/?p=178172"},"modified":"2025-10-20T19:21:47","modified_gmt":"2025-10-20T19:21:47","slug":"tv-taso-105x335x46-cm-taysi-akasiapuu-ja-tekninen-puu","status":"publish","type":"product","link":"https:\/\/www.otiumhome.fi\/index.php\/tuote\/tv-taso-105x335x46-cm-taysi-akasiapuu-ja-tekninen-puu\/","title":{"rendered":"TV-taso 105&#215;33,5&#215;46 cm t\u00e4ysi akasiapuu ja tekninen puu"},"content":{"rendered":"<p>T\u00e4m\u00e4 TV-kaappi on t\u00e4ydellinen valinta tiloihisi sen trendikk\u00e4\u00e4n ja k\u00e4yt\u00e4nn\u00f6llisen muotoilun ansiosta.<\/p>\n<\/p>\n<ul>\n<li>T\u00e4ysi akasiapuu: Mediakaappi on valmistettu tekniseen puuhun yhdistetyst\u00e4 t\u00e4ydest\u00e4 akasiapuusta. T\u00e4ysi akasiapuu on kaunis luonnonmateriaali. Akasiapuu on tihe\u00e4syinen, tukeva ja kest\u00e4v\u00e4 trooppinen lehtipuu.<\/li>\n<li>Runsaasti s\u00e4ilytystilaa: T\u00e4ss\u00e4 TV-tasossa on ulosvedett\u00e4v\u00e4 laatikko nuppivetimell\u00e4, avohylly ja kaksi ovellista lokeroa. Se helpottaa aikakauslehtien, DVD-levyjen ja muiden esineiden j\u00e4rjest\u00e4mist\u00e4.<\/li>\n<li>Vakaat jalat: Tason rautajalat takaavat tukevuuden ja vakauden.<\/li>\n<li>Esittelytoiminto: TV-tason tukeva yl\u00e4taso on ihanteellinen koristeiden, kuten valokuvien ja viherkasvien esille laittoon.<\/li>\n<\/ul>\n<p>Hyv\u00e4 tiet\u00e4\u00e4:<\/p>\n<ul>\n<li>Jotta kokoaminen olisi mahdollisimman helppoa, jokainen tuote toimitetaan ohjekirjan kanssa.<\/li>\n<li>V\u00e4rit ja puunsyyt vaihtelevat kappaleittain, mik\u00e4 tekee jokaisesta kappaleesta ainutlaatuisen. Toimitus on sattumanvarainen, t\u00e4m\u00e4 takaa tuotteesi erityisyyden ja ainutlaatuisuuden.<\/li>\n<\/ul>\n<ul>\n<li>Materiaali: Luonnollisesti pintak\u00e4sitelty t\u00e4ysi akasiapuu, tekninen puu, rauta<\/li>\n<li>Mitat: 105 x 33,5 x 46 cm (L x S x K)<\/li>\n<li>Jalkojen korkeus: 10 cm<\/li>\n<\/ul>\n","protected":false},"excerpt":{"rendered":"<ul>\n<li>Materiaali: Luonnollisesti pintak\u00e4sitelty t\u00e4ysi akasiapuu, tekninen puu, rauta<\/li>\n<li>Mitat: 105 x 33,5 x 46 cm (L x S x K)<\/li>\n<li>Jalkojen korkeus: 10 cm<\/li>\n<\/ul>\n","protected":false},"featured_media":100000178172,"comment_status":"closed","ping_status":"closed","template":"","meta":[],"product_brand":[],"product_cat":[84],"product_tag":[],"class_list":{"0":"post-178172","1":"product","2":"type-product","3":"status-publish","4":"has-post-thumbnail","6":"product_cat-huonekalut","8":"first","9":"instock","10":"taxable","11":"shipping-taxable","12":"purchasable","13":"product-type-simple"},"_links":{"self":[{"href":"https:\/\/www.otiumhome.fi\/index.php\/wp-json\/wp\/v2\/product\/178172","targetHints":{"allow":["GET"]}}],"collection":[{"href":"https:\/\/www.otiumhome.fi\/index.php\/wp-json\/wp\/v2\/product"}],"about":[{"href":"https:\/\/www.otiumhome.fi\/index.php\/wp-json\/wp\/v2\/types\/product"}],"replies":[{"embeddable":true,"href":"https:\/\/www.otiumhome.fi\/index.php\/wp-json\/wp\/v2\/comments?post=178172"}],"wp:featuredmedia":[{"embeddable":true,"href":"https:\/\/www.otiumhome.fi\/index.php\/wp-json\/"}],"wp:attachment":[{"href":"https:\/\/www.otiumhome.fi\/index.php\/wp-json\/wp\/v2\/media?parent=178172"}],"wp:term":[{"taxonomy":"product_brand","embeddable":true,"href":"https:\/\/www.otiumhome.fi\/index.php\/wp-json\/wp\/v2\/product_brand?post=178172"},{"taxonomy":"product_cat","embeddable":true,"href":"https:\/\/www.otiumhome.fi\/index.php\/wp-json\/wp\/v2\/product_cat?post=178172"},{"taxonomy":"product_tag","embeddable":true,"href":"https:\/\/www.otiumhome.fi\/index.php\/wp-json\/wp\/v2\/product_tag?post=178172"}],"curies":[{"name":"wp","href":"https:\/\/api.w.org\/{rel}","templated":true}]}}