{"id":178130,"date":"2025-10-20T07:12:02","date_gmt":"2025-10-20T07:12:02","guid":{"rendered":"https:\/\/www.otiumhome.fi\/?p=178130"},"modified":"2025-10-25T14:41:39","modified_gmt":"2025-10-25T14:41:39","slug":"tv-taso-metallijaloilla-valkoinen-taysi-manty-oslo","status":"publish","type":"product","link":"https:\/\/www.otiumhome.fi\/index.php\/tuote\/tv-taso-metallijaloilla-valkoinen-taysi-manty-oslo\/","title":{"rendered":"TV-taso metallijaloilla valkoinen t\u00e4ysi m\u00e4nty OSLO"},"content":{"rendered":"<p>T\u00e4m\u00e4 puinen TV-kaappi on suunniteltu huoneesi keskipisteeksi trendikk\u00e4\u00e4ll\u00e4 mutta k\u00e4yt\u00e4nn\u00f6llisell\u00e4 muotoilullaan.<\/p>\n<\/p>\n<ul>\n<li>T\u00e4ysi m\u00e4nty: T\u00e4m\u00e4 TV-taso on valmistettu t\u00e4ydest\u00e4 m\u00e4nnyst\u00e4, joka on kaunis luonnollinen materiaali. M\u00e4nnyll\u00e4 on suorat puunsyyt ja sen oksanpaikat antavat materiaalille sen ominaisen rustiikkisen ilmeen.<\/li>\n<li>Reilu s\u00e4ilytystila: TV-tasossa on yksi lokero ja kaksi laatikkoa, mik\u00e4 tekee siit\u00e4 ihanteellisen paikan aikakauslehtien, DVD-levyjen tai muiden esineiden s\u00e4ilytt\u00e4miseen.<\/li>\n<li>Esittelytoiminto: Mediakaapin tukeva yl\u00e4taso on ihanteellinen koristeiden, kuten valokuvien ja kasvien esille laittoon.<\/li>\n<li>Metallijalat: T\u00e4m\u00e4n mediayksik\u00f6n metallijalat takaavat tukevuuden ja vakauden.<\/li>\n<\/ul>\n<p>Huomioi:<\/p>\n<ul>\n<li>Jokaisen tuotteen mukana on laatikossa kokoonpano-ohje helppoa asennusta varten.<\/li>\n<\/ul>\n<ul>\n<li>V\u00e4ri: Valkoinen<\/li>\n<li>Materiaali: Massiivim\u00e4nty, metalli, puusep\u00e4nty\u00f6t, muovi<\/li>\n<li>Kokonaismitat: 106 x 40 x 46,5 cm (L x S x K)<\/li>\n<li>Laatikon ulkomitat: 49,5 x 16 cm (P x L)<\/li>\n<li>Laatikon sis\u00e4mitat: 45,5 x 30 x 14 cm (L x S x K)<\/li>\n<li>Lokeron mitat: 102 x 39 x 13,5 cm (L x S x K)<\/li>\n<li>Jalan korkeus: 14 cm<\/li>\n<li>2 laatikkoa<\/li>\n<li>2 metallikahvaa<\/li>\n<li>Valikoima: &#8221;OSLO&#8221;<\/li>\n<\/ul>\n","protected":false},"excerpt":{"rendered":"<ul>\n<li>V\u00e4ri: Valkoinen<\/li>\n<li>Materiaali: Massiivim\u00e4nty, metalli, puusep\u00e4nty\u00f6t, muovi<\/li>\n<li>Kokonaismitat: 106 x 40 x 46,5 cm (L x S x K)<\/li>\n<li>Laatikon ulkomitat: 49,5 x 16 cm (P x L)<\/li>\n<li>Laatikon sis\u00e4mitat: 45,5 x 30 x 14 cm (L x S x K)<\/li>\n<li>Lokeron mitat: 102 x 39 x 13,5 cm (L x S x K)<\/li>\n<li>Jalan korkeus: 14 cm<\/li>\n<li>2 laatikkoa<\/li>\n<li>2 metallikahvaa<\/li>\n<li>Valikoima: &#8221;OSLO&#8221;<\/li>\n<\/ul>\n","protected":false},"featured_media":100000178130,"comment_status":"closed","ping_status":"closed","template":"","meta":[],"product_brand":[],"product_cat":[84],"product_tag":[],"class_list":{"0":"post-178130","1":"product","2":"type-product","3":"status-publish","4":"has-post-thumbnail","6":"product_cat-huonekalut","8":"first","9":"instock","10":"taxable","11":"shipping-taxable","12":"purchasable","13":"product-type-simple"},"_links":{"self":[{"href":"https:\/\/www.otiumhome.fi\/index.php\/wp-json\/wp\/v2\/product\/178130","targetHints":{"allow":["GET"]}}],"collection":[{"href":"https:\/\/www.otiumhome.fi\/index.php\/wp-json\/wp\/v2\/product"}],"about":[{"href":"https:\/\/www.otiumhome.fi\/index.php\/wp-json\/wp\/v2\/types\/product"}],"replies":[{"embeddable":true,"href":"https:\/\/www.otiumhome.fi\/index.php\/wp-json\/wp\/v2\/comments?post=178130"}],"wp:featuredmedia":[{"embeddable":true,"href":"https:\/\/www.otiumhome.fi\/index.php\/wp-json\/"}],"wp:attachment":[{"href":"https:\/\/www.otiumhome.fi\/index.php\/wp-json\/wp\/v2\/media?parent=178130"}],"wp:term":[{"taxonomy":"product_brand","embeddable":true,"href":"https:\/\/www.otiumhome.fi\/index.php\/wp-json\/wp\/v2\/product_brand?post=178130"},{"taxonomy":"product_cat","embeddable":true,"href":"https:\/\/www.otiumhome.fi\/index.php\/wp-json\/wp\/v2\/product_cat?post=178130"},{"taxonomy":"product_tag","embeddable":true,"href":"https:\/\/www.otiumhome.fi\/index.php\/wp-json\/wp\/v2\/product_tag?post=178130"}],"curies":[{"name":"wp","href":"https:\/\/api.w.org\/{rel}","templated":true}]}}