{"id":178118,"date":"2025-10-20T07:11:59","date_gmt":"2025-10-20T07:11:59","guid":{"rendered":"https:\/\/www.otiumhome.fi\/?p=178118"},"modified":"2025-12-23T22:17:37","modified_gmt":"2025-12-23T22:17:37","slug":"tv-tasosetti-10-pcs-musta-tammi-305-x-30-x-90-cm-tekninen-puu","status":"publish","type":"product","link":"https:\/\/www.otiumhome.fi\/index.php\/tuote\/tv-tasosetti-10-pcs-musta-tammi-305-x-30-x-90-cm-tekninen-puu\/","title":{"rendered":"TV-tasosetti 10 pcs Musta tammi. 30,5 x 30 x 90 cm Tekninen puu"},"content":{"rendered":"<p>T\u00e4\u00e4 sein\u00e4lle asennettava TV-kaappi on moderni ratkaisu olohuoneen j\u00e4rjest\u00e4miseen. Se on huomaamaton ja tilaa s\u00e4\u00e4st\u00e4v\u00e4, ja siin\u00e4 on puhtaat linjat ja k\u00e4yt\u00e4nn\u00f6llinen muotoilu. T\u00e4\u00e4 kaappisarja sulautuu helposti moderneihin sisustuksiin, ja tuo huoneeseen tyylik\u00e4st\u00e4 eleganssia. Suunniteltu sis\u00e4tiloihin, se tarjoaa k\u00e4yt\u00e4nn\u00f6llisyytt\u00e4 kodinomistajille, jotka haluavat siivota olohuoneensa tyylill\u00e4. Jos kiinnit\u00e4t sen sein\u00e4\u00e4n, saat arvokasta lattiatilaa, mik\u00e4 on ihanteellista vuokra-asukkaille tai pienille kodeille, joissa halutaan hy\u00f6dynt\u00e4\u00e4 jokainen neli\u00f6sentti.<\/p>\n<ul><\/br> <\/p>\n<li><b>Tekninen puu runko<\/b> Kest\u00e4v\u00e4 teknisest\u00e4 puusta tehty kaappi varmistaa pitk\u00e4n k\u00e4ytt\u00f6i\u00e4n. Tekninen puu valitaan sen kest\u00e4vyyden vuoksi, mik\u00e4 tekee siit\u00e4 k\u00e4yt\u00e4nn\u00f6llisen valinnan moderneille kodeille. Materiaalin tasainen pinta toimii loistavana taustana esineille, pit\u00e4en ne esteettisin\u00e4.<\/li>\n<p><\/br> <\/p>\n<li><b>Levyhyllyjen sis\u00e4llytys<\/b> Kaapissa on levyhyllyt, jotka tarjoavat helpon s\u00e4ilytyksen. Ne maksimoivat s\u00e4ilytysmahdollisuudet ja s\u00e4ilytt\u00e4v\u00e4t kompaktin ilmeen. Oletpa laittamassa kirjoja, koristeita tai media-laitteita, levyhyllyt pit\u00e4v\u00e4t kaiken j\u00e4rjestyksess\u00e4.<\/li>\n<p><\/br> <\/p>\n<li><b>Sein\u00e4lle asennettuna tilank\u00e4yt\u00f6n tehokkuus<\/b> Sein\u00e4\u00e4n asennettuna se s\u00e4\u00e4st\u00e4\u00e4 lattiatilaa. T\u00e4m\u00e4 tekee siit\u00e4 t\u00e4ydellisen pienille oleskelualueille, jossa se parantaa huoneen avaruutta ilman s\u00e4ilytyksest\u00e4 tinkimist\u00e4.<\/li>\n<p><\/br> <\/p>\n<li><b>Saranoitu oven p\u00e4\u00e4sy<\/b> Saranoidut ovet helpottavat tallennettujen esineiden k\u00e4ytt\u00f6\u00e4. Ne pit\u00e4v\u00e4t asiat turvassa ja p\u00f6lytt\u00f6min\u00e4, samalla kun kaappi n\u00e4ytt\u00e4\u00e4 siistilt\u00e4. Ovissa on yksinkertainen, k\u00e4yt\u00e4nn\u00f6llinen muotoilu, joka tuo modernia tyyli\u00e4.<\/li>\n<p><\/br> <\/p>\n<li><b>Moderni olohuoneen tyyli<\/b> T\u00e4\u00e4 kaappisarja t\u00e4ydent\u00e4\u00e4 moderneja oleskelutiloja. Sen yksinkertaisuus ja toimivuus tekev\u00e4t siit\u00e4 houkuttelevan. Minimalistinen muotoilu sulautuu eri tyyleihin ja vieh\u00e4tt\u00e4\u00e4 huomaamattomasti.<\/li>\n<p><\/br><\/ul>\n<ul>\n<li>V\u00e4ri: Musta tammi.<\/li>\n<li>Materiaali: Tekninen puu<\/li>\n<li>Yleiset mitat: 30,5 x 30 x 90 cm (P x L x K)<\/li>\n<li>Mukana 10 saranoidut ovet<\/li>\n<li>Mukana 12 levyhyllyt<\/li>\n<li>Enimm\u00e4ispaino: 600 kg<\/li>\n<li>Kokoonpano vaaditaan: Kyll\u00e4<\/li>\n<li>Toimitus-:<\/li>\n<li>4 x Sein\u00e4lle kiinnitett\u00e4v\u00e4 TV-kaappi (L): 60 x 30 x 30 cm (PxLxK). 6 x Sein\u00e4lle kiinnitett\u00e4v\u00e4 TV-kaappi (S): 30.5 x 30 x 30 cm (PxLxK)<\/li>\n<\/ul>\n","protected":false},"excerpt":{"rendered":"<ul>\n<li>V\u00e4ri: Musta tammi.<\/li>\n<li>Materiaali: Tekninen puu<\/li>\n<li>Yleiset mitat: 30,5 x 30 x 90 cm (P x L x K)<\/li>\n<li>Mukana 10 saranoidut ovet<\/li>\n<li>Mukana 12 levyhyllyt<\/li>\n<li>Enimm\u00e4ispaino: 600 kg<\/li>\n<li>Kokoonpano vaaditaan: Kyll\u00e4<\/li>\n<li>Toimitus-:<\/li>\n<li>4 x Sein\u00e4lle kiinnitett\u00e4v\u00e4 TV-kaappi (L): 60 x 30 x 30 cm (PxLxK). 6 x Sein\u00e4lle kiinnitett\u00e4v\u00e4 TV-kaappi (S): 30.5 x 30 x 30 cm (PxLxK)<\/li>\n<\/ul>\n","protected":false},"featured_media":100000178118,"comment_status":"closed","ping_status":"closed","template":"","meta":[],"product_brand":[],"product_cat":[84],"product_tag":[],"class_list":{"0":"post-178118","1":"product","2":"type-product","3":"status-publish","4":"has-post-thumbnail","6":"product_cat-huonekalut","8":"first","9":"instock","10":"taxable","11":"shipping-taxable","12":"purchasable","13":"product-type-simple"},"_links":{"self":[{"href":"https:\/\/www.otiumhome.fi\/index.php\/wp-json\/wp\/v2\/product\/178118","targetHints":{"allow":["GET"]}}],"collection":[{"href":"https:\/\/www.otiumhome.fi\/index.php\/wp-json\/wp\/v2\/product"}],"about":[{"href":"https:\/\/www.otiumhome.fi\/index.php\/wp-json\/wp\/v2\/types\/product"}],"replies":[{"embeddable":true,"href":"https:\/\/www.otiumhome.fi\/index.php\/wp-json\/wp\/v2\/comments?post=178118"}],"wp:featuredmedia":[{"embeddable":true,"href":"https:\/\/www.otiumhome.fi\/index.php\/wp-json\/"}],"wp:attachment":[{"href":"https:\/\/www.otiumhome.fi\/index.php\/wp-json\/wp\/v2\/media?parent=178118"}],"wp:term":[{"taxonomy":"product_brand","embeddable":true,"href":"https:\/\/www.otiumhome.fi\/index.php\/wp-json\/wp\/v2\/product_brand?post=178118"},{"taxonomy":"product_cat","embeddable":true,"href":"https:\/\/www.otiumhome.fi\/index.php\/wp-json\/wp\/v2\/product_cat?post=178118"},{"taxonomy":"product_tag","embeddable":true,"href":"https:\/\/www.otiumhome.fi\/index.php\/wp-json\/wp\/v2\/product_tag?post=178118"}],"curies":[{"name":"wp","href":"https:\/\/api.w.org\/{rel}","templated":true}]}}