{"id":178030,"date":"2025-10-20T07:11:38","date_gmt":"2025-10-20T07:11:38","guid":{"rendered":"https:\/\/www.otiumhome.fi\/?p=178030"},"modified":"2025-12-14T18:06:21","modified_gmt":"2025-12-14T18:06:21","slug":"5-osaiset-tv-yksikot-led-valolla-matt-musta-suunniteltu-puu","status":"publish","type":"product","link":"https:\/\/www.otiumhome.fi\/index.php\/tuote\/5-osaiset-tv-yksikot-led-valolla-matt-musta-suunniteltu-puu\/","title":{"rendered":"5-osaiset TV-yksik\u00f6t LED-valolla matt musta suunniteltu puu"},"content":{"rendered":"<p>Optimoi olohuoneesi tila tyylist\u00e4 tinkim\u00e4tt\u00e4 t\u00e4ll\u00e4 t\u00e4ydellisell\u00e4 s\u00e4ilytystilalla varustettujen tv-yksik\u00f6iden sarjalla!<\/p>\n<\/p>\n<ul>\n<li>Vakaa ja kest\u00e4v\u00e4 materiaali: Tekninen puu on kest\u00e4v\u00e4 ja vakaa materiaali, jonka sile\u00e4 pinta kest\u00e4\u00e4 kosteutta, v\u00e4\u00e4ntymist\u00e4 ja halkeilua, joten se on luotettava valinta erilaisiin projekteihin.<\/li>\n<li>Runsaasti s\u00e4ilytystilaa: Setti sis\u00e4lt\u00e4\u00e4 sein\u00e4kaapin, seisomakaapin, kaksi matalaa lautaa ja sein\u00e4hyllyn. Se tarjoaa monipuolisen s\u00e4ilytystilan multimedialaitteille, kirjoille ja pienemmille esineille sek\u00e4 tilaa koristeellisille n\u00e4yt\u00f6ille.<\/li>\n<li>Moderni estetiikka: Tyylik\u00e4s, nykyaikainen muotoilu, sile\u00e4t viimeistelyt ja hienostuneet aksentit, t\u00e4m\u00e4 kokoelma parantaa mit\u00e4 tahansa tilaa ja integroituu saumattomasti monenlaisiin sisustustyyleihin.<\/li>\n<li>Parannetut toiminnot: TV-kaapeissa on alasvetoiset ovet piilotettua s\u00e4ilytyst\u00e4 varten. Sein\u00e4- ja seisomakaapeissa on osittain lasitetut ovet ja lasihylly energiatehokkaalla LED-valaistuksella, jotka lis\u00e4\u00e4v\u00e4t sek\u00e4 k\u00e4yt\u00e4nn\u00f6llisyytt\u00e4 ett\u00e4 eleganssia.<\/li>\n<li>Tilaa s\u00e4\u00e4st\u00e4v\u00e4 muotoilu: T\u00e4m\u00e4 sein\u00e4kaappisarja maksimoi tehokkaasti olohuoneesi tilan tyylist\u00e4 tinkim\u00e4tt\u00e4 ja tarjoaa kompaktin mutta toimivan ratkaisun moderniin asumiseen.<\/li>\n<\/ul>\n<p>Hyv\u00e4 tiet\u00e4\u00e4:<\/p>\n<ul>\n<li>Alalauta koostuu 2 kaapista.<\/li>\n<\/ul>\n<ul>\n<li>V\u00e4ri: mattamusta<\/li>\n<li>Materiaali: Tekninen puu<\/li>\n<li>Valkoinen LED-valaistus pistokkeella<\/li>\n<li>Levyn paksuus: 16 mm<\/li>\n<li>Lasioven paksuus: 4 mm<\/li>\n<li>Lasihyllyn paksuus: 5 mm<\/li>\n<li>Asennus vaaditaan: Kyll\u00e4<\/li>\n<li><strong>Toimitus sis\u00e4lt\u00e4\u00e4:<\/strong><\/li>\n<li>1 x iso matala lauta: 120 x 39,5 x 34 cm (L x S x K)<\/li>\n<li>1 x Pieni matala lauta: 60 x 39,5 x 34 cm (L x S x K)<\/li>\n<li>1 x Sein\u00e4kaappi: 60 x 33 x 103,5 cm (L x S x K)<\/li>\n<li>1 x sein\u00e4hylly: 90 x 20 cm (L x S)<\/li>\n<li>1 x lattiakaappi: 60 x 33 x 105,5 cm (L x S x K)<\/li>\n<li>1 x asennustarvikesarja<\/li>\n<\/ul>\n","protected":false},"excerpt":{"rendered":"<ul>\n<li>V\u00e4ri: mattamusta<\/li>\n<li>Materiaali: Tekninen puu<\/li>\n<li>Valkoinen LED-valaistus pistokkeella<\/li>\n<li>Levyn paksuus: 16 mm<\/li>\n<li>Lasioven paksuus: 4 mm<\/li>\n<li>Lasihyllyn paksuus: 5 mm<\/li>\n<li>Asennus vaaditaan: Kyll\u00e4<\/li>\n<li><strong>Toimitus sis\u00e4lt\u00e4\u00e4:<\/strong><\/li>\n<li>1 x iso matala lauta: 120 x 39,5 x 34 cm (L x S x K)<\/li>\n<li>1 x Pieni matala lauta: 60 x 39,5 x 34 cm (L x S x K)<\/li>\n<li>1 x Sein\u00e4kaappi: 60 x 33 x 103,5 cm (L x S x K)<\/li>\n<li>1 x sein\u00e4hylly: 90 x 20 cm (L x S)<\/li>\n<li>1 x lattiakaappi: 60 x 33 x 105,5 cm (L x S x K)<\/li>\n<li>1 x asennustarvikesarja<\/li>\n<\/ul>\n","protected":false},"featured_media":100000178030,"comment_status":"closed","ping_status":"closed","template":"","meta":[],"product_brand":[],"product_cat":[84],"product_tag":[],"class_list":{"0":"post-178030","1":"product","2":"type-product","3":"status-publish","4":"has-post-thumbnail","6":"product_cat-huonekalut","8":"first","9":"instock","10":"taxable","11":"shipping-taxable","12":"purchasable","13":"product-type-simple"},"_links":{"self":[{"href":"https:\/\/www.otiumhome.fi\/index.php\/wp-json\/wp\/v2\/product\/178030","targetHints":{"allow":["GET"]}}],"collection":[{"href":"https:\/\/www.otiumhome.fi\/index.php\/wp-json\/wp\/v2\/product"}],"about":[{"href":"https:\/\/www.otiumhome.fi\/index.php\/wp-json\/wp\/v2\/types\/product"}],"replies":[{"embeddable":true,"href":"https:\/\/www.otiumhome.fi\/index.php\/wp-json\/wp\/v2\/comments?post=178030"}],"wp:featuredmedia":[{"embeddable":true,"href":"https:\/\/www.otiumhome.fi\/index.php\/wp-json\/"}],"wp:attachment":[{"href":"https:\/\/www.otiumhome.fi\/index.php\/wp-json\/wp\/v2\/media?parent=178030"}],"wp:term":[{"taxonomy":"product_brand","embeddable":true,"href":"https:\/\/www.otiumhome.fi\/index.php\/wp-json\/wp\/v2\/product_brand?post=178030"},{"taxonomy":"product_cat","embeddable":true,"href":"https:\/\/www.otiumhome.fi\/index.php\/wp-json\/wp\/v2\/product_cat?post=178030"},{"taxonomy":"product_tag","embeddable":true,"href":"https:\/\/www.otiumhome.fi\/index.php\/wp-json\/wp\/v2\/product_tag?post=178030"}],"curies":[{"name":"wp","href":"https:\/\/api.w.org\/{rel}","templated":true}]}}