{"id":178024,"date":"2025-10-20T07:11:36","date_gmt":"2025-10-20T07:11:36","guid":{"rendered":"https:\/\/www.otiumhome.fi\/?p=178024"},"modified":"2025-10-20T18:28:33","modified_gmt":"2025-10-20T18:28:33","slug":"tv-taso-sonoma-tammi-120x405x35-cm-tekninen-puu","status":"publish","type":"product","link":"https:\/\/www.otiumhome.fi\/index.php\/tuote\/tv-taso-sonoma-tammi-120x405x35-cm-tekninen-puu\/","title":{"rendered":"TV-taso Sonoma-tammi 120&#215;40,5&#215;35 cm tekninen puu"},"content":{"rendered":"<p>T\u00e4m\u00e4 moderni TV-taso on t\u00e4ydellinen TV:lle ja se pit\u00e4\u00e4 my\u00f6s medialaitteesi siististi j\u00e4rjestyksess\u00e4.<\/p>\n<\/p>\n<ul>\n<li>Kest\u00e4v\u00e4 materiaali: Tekninen puu on poikkeuksellisen laadukasta ja sile\u00e4pintaista. Se on luja, vakaa ja kosteudelle vastustuskykyinen.<\/li>\n<li>Runsaasti s\u00e4ilytystilaa: T\u00e4m\u00e4 TV-taso sis\u00e4lt\u00e4\u00e4 nelj\u00e4 lokeroa, jotka tarjoavat runsaasti tilaa DVD-soittimen, pelikonsolin, suoratoisto- ja medialaitteiden siistiss\u00e4 j\u00e4rjestyksess\u00e4 pit\u00e4mist\u00e4 varten.<\/li>\n<li>K\u00e4yt\u00e4nn\u00f6lliset johtorei\u00e4t: Voit pit\u00e4\u00e4 johdot helposti poissa n\u00e4kyvist\u00e4 nelj\u00e4n johtorei\u00e4n ansiosta. <\/li>\n<\/ul>\n<p>Huomioi:<\/p>\n<ul>\n<li>Jokaisen tuotteen mukana on laatikossa kokoonpano-ohje helppoa asennusta varten.<\/li>\n<\/ul>\n<ul>\n<li>V\u00e4ri: Sonoma-tammi<\/li>\n<li>Materiaali: tekninen puu, alumiini<\/li>\n<li>Mitat: 120 x 40,5 x 35 cm (L x S x K) <\/li>\n<li>Enimm\u00e4iskantavuus (yhteens\u00e4): 80 kg<\/li>\n<li>Enimm\u00e4iskantavuus (yl\u00e4osa): 40 kg<\/li>\n<li>Enimm\u00e4iskantavuus per keskihylly: 5 kg<\/li>\n<li>Enimm\u00e4iskantavuus (vasen lokero): 15 kg<\/li>\n<li>Enimm\u00e4iskantavuus (oikea lokero): 15 kg<\/li>\n<\/ul>\n","protected":false},"excerpt":{"rendered":"<ul>\n<li>V\u00e4ri: Sonoma-tammi<\/li>\n<li>Materiaali: tekninen puu, alumiini<\/li>\n<li>Mitat: 120 x 40,5 x 35 cm (L x S x K) <\/li>\n<li>Enimm\u00e4iskantavuus (yhteens\u00e4): 80 kg<\/li>\n<li>Enimm\u00e4iskantavuus (yl\u00e4osa): 40 kg<\/li>\n<li>Enimm\u00e4iskantavuus per keskihylly: 5 kg<\/li>\n<li>Enimm\u00e4iskantavuus (vasen lokero): 15 kg<\/li>\n<li>Enimm\u00e4iskantavuus (oikea lokero): 15 kg<\/li>\n<\/ul>\n","protected":false},"featured_media":100000178024,"comment_status":"closed","ping_status":"closed","template":"","meta":[],"product_brand":[],"product_cat":[84],"product_tag":[],"class_list":{"0":"post-178024","1":"product","2":"type-product","3":"status-publish","4":"has-post-thumbnail","6":"product_cat-huonekalut","8":"first","9":"instock","10":"taxable","11":"shipping-taxable","12":"purchasable","13":"product-type-simple"},"_links":{"self":[{"href":"https:\/\/www.otiumhome.fi\/index.php\/wp-json\/wp\/v2\/product\/178024","targetHints":{"allow":["GET"]}}],"collection":[{"href":"https:\/\/www.otiumhome.fi\/index.php\/wp-json\/wp\/v2\/product"}],"about":[{"href":"https:\/\/www.otiumhome.fi\/index.php\/wp-json\/wp\/v2\/types\/product"}],"replies":[{"embeddable":true,"href":"https:\/\/www.otiumhome.fi\/index.php\/wp-json\/wp\/v2\/comments?post=178024"}],"wp:featuredmedia":[{"embeddable":true,"href":"https:\/\/www.otiumhome.fi\/index.php\/wp-json\/"}],"wp:attachment":[{"href":"https:\/\/www.otiumhome.fi\/index.php\/wp-json\/wp\/v2\/media?parent=178024"}],"wp:term":[{"taxonomy":"product_brand","embeddable":true,"href":"https:\/\/www.otiumhome.fi\/index.php\/wp-json\/wp\/v2\/product_brand?post=178024"},{"taxonomy":"product_cat","embeddable":true,"href":"https:\/\/www.otiumhome.fi\/index.php\/wp-json\/wp\/v2\/product_cat?post=178024"},{"taxonomy":"product_tag","embeddable":true,"href":"https:\/\/www.otiumhome.fi\/index.php\/wp-json\/wp\/v2\/product_tag?post=178024"}],"curies":[{"name":"wp","href":"https:\/\/api.w.org\/{rel}","templated":true}]}}