{"id":177965,"date":"2025-10-20T07:08:31","date_gmt":"2025-10-20T07:08:31","guid":{"rendered":"https:\/\/www.otiumhome.fi\/?p=177965"},"modified":"2025-10-20T18:49:44","modified_gmt":"2025-10-20T18:49:44","slug":"tv-taso-musta-140x40x405-cm-karkaistu-lasi","status":"publish","type":"product","link":"https:\/\/www.otiumhome.fi\/index.php\/tuote\/tv-taso-musta-140x40x405-cm-karkaistu-lasi\/","title":{"rendered":"TV-taso musta 140x40x40,5 cm karkaistu lasi"},"content":{"rendered":"<p>T\u00e4m\u00e4 TV-taso on sulavalinjaisesti muotoiltu ja se on k\u00e4tev\u00e4 lis\u00e4 asuintilaasi.<\/p>\n<\/p>\n<p>Stereokaappi on valmistettu karkaistusta lasista, joten se on vankka ja vakaa. Se on lis\u00e4ksi helppo puhdistaa kostealla liinalla pyyhkien. Jauhemaalattu ter\u00e4srunko tuo oman lis\u00e4ns\u00e4 vankkuuteen. P\u00f6yt\u00e4levyn alla oleva hylly tarjoaa runsaasti s\u00e4ilytystilaa DVD-levyjen, multimedialaitteiden, kirjojen ja muiden pienesineiden s\u00e4ilytt\u00e4miseksi siististi ja helposti ulottuvilla.<\/p>\n<ul>\n<li>V\u00e4ri: musta<\/li>\n<li>Materiaali: karkaistu lasi, jauhemaalattu ter\u00e4s<\/li>\n<li>Mitat: 140 x 40 x 40,5 cm (P x L x K)<\/li>\n<li>Lasin paksuus: 5 mm<\/li>\n<li>Enimm\u00e4iskantavuus (yhteens\u00e4): 75 kg<\/li>\n<li>Asennus vaaditaan: kyll\u00e4<\/li>\n<\/ul>\n","protected":false},"excerpt":{"rendered":"<ul>\n<li>V\u00e4ri: musta<\/li>\n<li>Materiaali: karkaistu lasi, jauhemaalattu ter\u00e4s<\/li>\n<li>Mitat: 140 x 40 x 40,5 cm (P x L x K)<\/li>\n<li>Lasin paksuus: 5 mm<\/li>\n<li>Enimm\u00e4iskantavuus (yhteens\u00e4): 75 kg<\/li>\n<li>Asennus vaaditaan: kyll\u00e4<\/li>\n<\/ul>\n","protected":false},"featured_media":100000177965,"comment_status":"closed","ping_status":"closed","template":"","meta":[],"product_brand":[],"product_cat":[84],"product_tag":[],"class_list":{"0":"post-177965","1":"product","2":"type-product","3":"status-publish","4":"has-post-thumbnail","6":"product_cat-huonekalut","8":"first","9":"instock","10":"taxable","11":"shipping-taxable","12":"purchasable","13":"product-type-simple"},"_links":{"self":[{"href":"https:\/\/www.otiumhome.fi\/index.php\/wp-json\/wp\/v2\/product\/177965","targetHints":{"allow":["GET"]}}],"collection":[{"href":"https:\/\/www.otiumhome.fi\/index.php\/wp-json\/wp\/v2\/product"}],"about":[{"href":"https:\/\/www.otiumhome.fi\/index.php\/wp-json\/wp\/v2\/types\/product"}],"replies":[{"embeddable":true,"href":"https:\/\/www.otiumhome.fi\/index.php\/wp-json\/wp\/v2\/comments?post=177965"}],"wp:featuredmedia":[{"embeddable":true,"href":"https:\/\/www.otiumhome.fi\/index.php\/wp-json\/"}],"wp:attachment":[{"href":"https:\/\/www.otiumhome.fi\/index.php\/wp-json\/wp\/v2\/media?parent=177965"}],"wp:term":[{"taxonomy":"product_brand","embeddable":true,"href":"https:\/\/www.otiumhome.fi\/index.php\/wp-json\/wp\/v2\/product_brand?post=177965"},{"taxonomy":"product_cat","embeddable":true,"href":"https:\/\/www.otiumhome.fi\/index.php\/wp-json\/wp\/v2\/product_cat?post=177965"},{"taxonomy":"product_tag","embeddable":true,"href":"https:\/\/www.otiumhome.fi\/index.php\/wp-json\/wp\/v2\/product_tag?post=177965"}],"curies":[{"name":"wp","href":"https:\/\/api.w.org\/{rel}","templated":true}]}}