{"id":177920,"date":"2025-10-20T07:08:17","date_gmt":"2025-10-20T07:08:17","guid":{"rendered":"https:\/\/www.otiumhome.fi\/?p=177920"},"modified":"2025-10-20T17:48:26","modified_gmt":"2025-10-20T17:48:26","slug":"seinakiinnitettava-tv-taso-savutammi-tekninen-puu","status":"publish","type":"product","link":"https:\/\/www.otiumhome.fi\/index.php\/tuote\/seinakiinnitettava-tv-taso-savutammi-tekninen-puu\/","title":{"rendered":"Sein\u00e4kiinnitett\u00e4v\u00e4 TV-taso savutammi tekninen puu"},"content":{"rendered":"<p>Sulavalinjaisella ja klassisella suunnittelulla varustetut sein\u00e4kiinnitett\u00e4v\u00e4t TV-kaapit ovat koristeellinen ja k\u00e4yt\u00e4nn\u00f6llinen lis\u00e4 sisustukseesi.<\/p>\n<\/p>\n<ul>\n<li>Ensiluokkainen materiaali: Tekninen puu on poikkeuksellisen laadukasta ja sile\u00e4pintaista. Se on my\u00f6s luja, vakaa ja kosteudelle vastustuskykyinen.<\/li>\n<li>Koristeellinen suunnittelu: Riippuvat TV-kaapit muuttavat tyhj\u00e4n sein\u00e4n sisustusominaisuudeksi.<\/li>\n<li>Reilusti s\u00e4ilytystilaa: TV-yksikk\u00f6 tarjoaa runsaasti tilaa kaikenlaisten pienesineiden, kuten avainten, muistilehti\u00f6iden, kynien ja monien muiden pikkutavaroiden j\u00e4rjestyksess\u00e4 pit\u00e4miseen.<\/li>\n<li>Helppo puhdistaa: Kelluvat kaapit on helppo puhdistaa kostealla liinalla.<\/li>\n<\/ul>\n<p>Huomioi:<\/p>\n<ul>\n<li> Sein\u00e4\u00e4n kiinnitett\u00e4v\u00e4t ruuvit ja tulpat eiv\u00e4t sis\u00e4lly toimitukseen. Etsi ja k\u00e4yt\u00e4 sein\u00e4\u00e4si sopivia ruuveja ja tulppia. Jos olet ep\u00e4varma, kysy ammattilaisen neuvoa. Lue ja seuraa asennusohjeiden jokaista vaihetta huolella.<\/li>\n<li>Jokaisen tuotteen mukana on laatikossa kokoonpano-ohje helppoa asennusta varten.<\/li>\n<\/ul>\n<ul>\n<li>V\u00e4ri: savutammi<\/li>\n<li>Materiaali: tekninen puu<\/li>\n<li>Mitat (S): 30,5 x 30 x 30 cm (L x S x K)<\/li>\n<li>Mitat (L): 100 x 30 x 30 cm (L x S x K)<\/li>\n<li><strong>Toimitus sis\u00e4lt\u00e4\u00e4:<\/strong><\/li>\n<li>4 x TV-kaappi (S)<\/li>\n<li>1 x TV-kaappi (L)<\/li>\n<\/ul>\n","protected":false},"excerpt":{"rendered":"<ul>\n<li>V\u00e4ri: savutammi<\/li>\n<li>Materiaali: tekninen puu<\/li>\n<li>Mitat (S): 30,5 x 30 x 30 cm (L x S x K)<\/li>\n<li>Mitat (L): 100 x 30 x 30 cm (L x S x K)<\/li>\n<li><strong>Toimitus sis\u00e4lt\u00e4\u00e4:<\/strong><\/li>\n<li>4 x TV-kaappi (S)<\/li>\n<li>1 x TV-kaappi (L)<\/li>\n<\/ul>\n","protected":false},"featured_media":100000177920,"comment_status":"closed","ping_status":"closed","template":"","meta":[],"product_brand":[],"product_cat":[84],"product_tag":[],"class_list":{"0":"post-177920","1":"product","2":"type-product","3":"status-publish","4":"has-post-thumbnail","6":"product_cat-huonekalut","8":"first","9":"outofstock","10":"taxable","11":"shipping-taxable","12":"purchasable","13":"product-type-simple"},"_links":{"self":[{"href":"https:\/\/www.otiumhome.fi\/index.php\/wp-json\/wp\/v2\/product\/177920","targetHints":{"allow":["GET"]}}],"collection":[{"href":"https:\/\/www.otiumhome.fi\/index.php\/wp-json\/wp\/v2\/product"}],"about":[{"href":"https:\/\/www.otiumhome.fi\/index.php\/wp-json\/wp\/v2\/types\/product"}],"replies":[{"embeddable":true,"href":"https:\/\/www.otiumhome.fi\/index.php\/wp-json\/wp\/v2\/comments?post=177920"}],"wp:featuredmedia":[{"embeddable":true,"href":"https:\/\/www.otiumhome.fi\/index.php\/wp-json\/"}],"wp:attachment":[{"href":"https:\/\/www.otiumhome.fi\/index.php\/wp-json\/wp\/v2\/media?parent=177920"}],"wp:term":[{"taxonomy":"product_brand","embeddable":true,"href":"https:\/\/www.otiumhome.fi\/index.php\/wp-json\/wp\/v2\/product_brand?post=177920"},{"taxonomy":"product_cat","embeddable":true,"href":"https:\/\/www.otiumhome.fi\/index.php\/wp-json\/wp\/v2\/product_cat?post=177920"},{"taxonomy":"product_tag","embeddable":true,"href":"https:\/\/www.otiumhome.fi\/index.php\/wp-json\/wp\/v2\/product_tag?post=177920"}],"curies":[{"name":"wp","href":"https:\/\/api.w.org\/{rel}","templated":true}]}}