{"id":177534,"date":"2025-10-20T06:33:48","date_gmt":"2025-10-20T06:33:48","guid":{"rendered":"https:\/\/www.otiumhome.fi\/?p=177534"},"modified":"2025-10-20T20:51:19","modified_gmt":"2025-10-20T20:51:19","slug":"seinakiinnitettavat-tv-kaapit-3-kpl-valkoinen-100x345x40-cm","status":"publish","type":"product","link":"https:\/\/www.otiumhome.fi\/index.php\/tuote\/seinakiinnitettavat-tv-kaapit-3-kpl-valkoinen-100x345x40-cm\/","title":{"rendered":"Sein\u00e4kiinnitett\u00e4v\u00e4t TV-kaapit 3 kpl valkoinen 100&#215;34,5&#215;40 cm"},"content":{"rendered":"<p>Sulavalinjaisella ja klassisella suunnittelulla varustetut sein\u00e4kiinnitett\u00e4v\u00e4t TV-kaapit ovat koristeellinen ja k\u00e4yt\u00e4nn\u00f6llinen lis\u00e4 sisustukseesi.<\/p>\n<\/p>\n<ul>\n<li>Kest\u00e4v\u00e4 materiaali: Tekninen puu on poikkeuksellisen laadukasta ja sile\u00e4pintaista. Se on luja, vakaa ja kosteudelle vastustuskykyinen.<\/li>\n<li>Runsaasti s\u00e4ilytystilaa: TV-tasossa on lokero, joka tarjoaa runsaasti s\u00e4ilytystilaa tavaroidesi, kuten mediasoittimen, lehtien ja muiden tavaroiden j\u00e4rjest\u00e4miseen.<\/li>\n<li>Sein\u00e4kiinnitett\u00e4v\u00e4 toiminto: TV-yksikk\u00f6 ei vie lainkaan lattiatilaa. Voit kiinnitt\u00e4\u00e4 sen helposti sein\u00e4lle.<\/li>\n<li>Tukeva yl\u00e4taso: Mediakaapin yl\u00e4taso toimii ihanteellisena paikkana esineiden, kuten kirjojen ja koristeiden asettamiseen.<\/li>\n<li>K\u00e4yt\u00e4nn\u00f6lliset ovet: Pid\u00e4 tavarasi p\u00f6lytt\u00f6min\u00e4 piilottamalla pikkutavarasi t\u00e4m\u00e4n mediayksik\u00f6n oven taakse.<\/li>\n<\/ul>\n<p>Hyv\u00e4 tiet\u00e4\u00e4:<\/p>\n<ul>\n<li>Jotta kokoaminen olisi mahdollisimman helppoa, jokainen tuote toimitetaan ohjekirjan kanssa.<\/li>\n<li>Sein\u00e4\u00e4n kiinnitett\u00e4v\u00e4t ruuvit ja tulpat eiv\u00e4t sis\u00e4lly toimitukseen. Suosittelemme etsim\u00e4\u00e4n ja k\u00e4ytt\u00e4m\u00e4\u00e4n sein\u00e4\u00e4si sopivia ruuveja ja tulppia. Jos olet ep\u00e4varma, kysy ammattilaisen neuvoa. Lue ja noudata ohjeiden jokaista vaihetta.<\/li>\n<\/ul>\n<ul>\n<li>V\u00e4ri: Valkoinen<\/li>\n<li>Materiaali: tekninen puu<\/li>\n<li>Mitat (kukin): 100 x 34,5 x 40 cm (L x S x K)<\/li>\n<li><strong>Toimitus sis\u00e4lt\u00e4\u00e4:<\/strong><\/li>\n<li>3 x Sein\u00e4kiinnitett\u00e4v\u00e4 TV-kaappi<\/li>\n<\/ul>\n","protected":false},"excerpt":{"rendered":"<ul>\n<li>V\u00e4ri: Valkoinen<\/li>\n<li>Materiaali: tekninen puu<\/li>\n<li>Mitat (kukin): 100 x 34,5 x 40 cm (L x S x K)<\/li>\n<li><strong>Toimitus sis\u00e4lt\u00e4\u00e4:<\/strong><\/li>\n<li>3 x Sein\u00e4kiinnitett\u00e4v\u00e4 TV-kaappi<\/li>\n<\/ul>\n","protected":false},"featured_media":100000177534,"comment_status":"closed","ping_status":"closed","template":"","meta":[],"product_brand":[],"product_cat":[84],"product_tag":[],"class_list":{"0":"post-177534","1":"product","2":"type-product","3":"status-publish","4":"has-post-thumbnail","6":"product_cat-huonekalut","8":"first","9":"outofstock","10":"taxable","11":"shipping-taxable","12":"purchasable","13":"product-type-simple"},"_links":{"self":[{"href":"https:\/\/www.otiumhome.fi\/index.php\/wp-json\/wp\/v2\/product\/177534","targetHints":{"allow":["GET"]}}],"collection":[{"href":"https:\/\/www.otiumhome.fi\/index.php\/wp-json\/wp\/v2\/product"}],"about":[{"href":"https:\/\/www.otiumhome.fi\/index.php\/wp-json\/wp\/v2\/types\/product"}],"replies":[{"embeddable":true,"href":"https:\/\/www.otiumhome.fi\/index.php\/wp-json\/wp\/v2\/comments?post=177534"}],"wp:featuredmedia":[{"embeddable":true,"href":"https:\/\/www.otiumhome.fi\/index.php\/wp-json\/"}],"wp:attachment":[{"href":"https:\/\/www.otiumhome.fi\/index.php\/wp-json\/wp\/v2\/media?parent=177534"}],"wp:term":[{"taxonomy":"product_brand","embeddable":true,"href":"https:\/\/www.otiumhome.fi\/index.php\/wp-json\/wp\/v2\/product_brand?post=177534"},{"taxonomy":"product_cat","embeddable":true,"href":"https:\/\/www.otiumhome.fi\/index.php\/wp-json\/wp\/v2\/product_cat?post=177534"},{"taxonomy":"product_tag","embeddable":true,"href":"https:\/\/www.otiumhome.fi\/index.php\/wp-json\/wp\/v2\/product_tag?post=177534"}],"curies":[{"name":"wp","href":"https:\/\/api.w.org\/{rel}","templated":true}]}}