{"id":177501,"date":"2025-10-20T06:33:35","date_gmt":"2025-10-20T06:33:35","guid":{"rendered":"https:\/\/www.otiumhome.fi\/?p=177501"},"modified":"2025-10-20T18:08:22","modified_gmt":"2025-10-20T18:08:22","slug":"tv-taso-kiintea-akaasiapuu-90x30x55-cm-vaaleanruskea","status":"publish","type":"product","link":"https:\/\/www.otiumhome.fi\/index.php\/tuote\/tv-taso-kiintea-akaasiapuu-90x30x55-cm-vaaleanruskea\/","title":{"rendered":"TV-taso kiinte\u00e4 akaasiapuu 90x30x55 cm vaaleanruskea"},"content":{"rendered":"<p>T\u00e4ss\u00e4 ainutlaatuisessa, kiinte\u00e4st\u00e4 akaasiapuusta valmistetussa TV-tasossa on rustiikkinen tyyli ja se on ajaton lis\u00e4 kotiisi. Sit\u00e4 voidaan k\u00e4ytt\u00e4\u00e4 my\u00f6s apup\u00f6yt\u00e4n\u00e4, sivup\u00f6yt\u00e4n\u00e4 tai s\u00e4ilytyskaappina, ja se varmasti k\u00e4\u00e4nt\u00e4\u00e4 vieraidesi katseet.<\/p>\n<\/p>\n<p>Kaappi on valmistettu kiinte\u00e4st\u00e4 ja laadukkaasta akaasiapuusta, joka on s\u00e4\u00e4nkest\u00e4v\u00e4 ja pitk\u00e4kestoinen trooppinen kovapuu. Jokainen ty\u00f6vaihe on suoritettu erityisen huolella, olipa kyseess\u00e4 kiillotus, maalaus tai lakkaus. Ammattitaitoinen ty\u00f6nj\u00e4lki ja kauniit puun pintakuviot tekev\u00e4t jokaisesta huonekalusta hieman erilaisen kuin muut. Sile\u00e4lle p\u00f6yd\u00e4n pinnalle voi v\u00e4liaikaisesti asettaa my\u00f6s koriste-esineit\u00e4. Runsaasti s\u00e4ilytystilaa sis\u00e4lt\u00e4v\u00e4 sivup\u00f6yt\u00e4 s\u00e4ilytt\u00e4\u00e4 aikakauslehdet, kirjat, DVD:t ja multimedialaitteet siististi j\u00e4rjestyksess\u00e4 ja k\u00e4den ulottuvilla. Tuote on jo koottu; kokoonpanoa ei vaadita.<\/p>\n<\/p>\n<p>T\u00e4rke\u00e4 huomio: V\u00e4rit vaihtelevat kappaleesta toiseen, mik\u00e4 tekee jokaisesta TV-tasosta ainutlaatuisen; toimitus on sattumanvarainen.<\/p>\n<ul>\n<li>V\u00e4ri: vaaleanruskea<\/li>\n<li>Materiaali: kiinte\u00e4 akaasiapuu vaaleanruskealla pinnalla<\/li>\n<li>Mitat: 90 x 30 x 55 cm (L x S x K)<\/li>\n<li>Hiottu, maalattu ja lakattu<\/li>\n<li>2 hylly\u00e4 ja 3 vetolaatikkoa<\/li>\n<li>Valmiiksi koottu<\/li>\n<li>VAROITUS: kaatumisen est\u00e4miseksi on t\u00e4t\u00e4 tuotetta k\u00e4ytett\u00e4v\u00e4 mukana toimitetun sein\u00e4kiinnityslaitteen kanssa.<\/li>\n<li>Legal Documents:\n<p><span>Lis\u00e4tietoja huonekalujesi kaatumisen est\u00e4misest\u00e4 voit l\u00f6yt\u00e4\u00e4 <span style=\"text-decoration: underline\"><strong><a title=\"https:\/\/bit.ly\/3bVwkQp\" href=\"https:\/\/bit.ly\/3bVwkQp\" target=\"_blank\">t\u00e4\u00e4lt\u00e4<\/a><\/strong><\/span><\/span><\/p>\n<\/li>\n<\/ul>\n","protected":false},"excerpt":{"rendered":"<ul>\n<li>V\u00e4ri: vaaleanruskea<\/li>\n<li>Materiaali: kiinte\u00e4 akaasiapuu vaaleanruskealla pinnalla<\/li>\n<li>Mitat: 90 x 30 x 55 cm (L x S x K)<\/li>\n<li>Hiottu, maalattu ja lakattu<\/li>\n<li>2 hylly\u00e4 ja 3 vetolaatikkoa<\/li>\n<li>Valmiiksi koottu<\/li>\n<li>VAROITUS: kaatumisen est\u00e4miseksi on t\u00e4t\u00e4 tuotetta k\u00e4ytett\u00e4v\u00e4 mukana toimitetun sein\u00e4kiinnityslaitteen kanssa.<\/li>\n<li>Legal Documents:\n<p><span>Lis\u00e4tietoja huonekalujesi kaatumisen est\u00e4misest\u00e4 voit l\u00f6yt\u00e4\u00e4 <span style=\"text-decoration: underline\"><strong><a title=\"https:\/\/bit.ly\/3bVwkQp\" href=\"https:\/\/bit.ly\/3bVwkQp\" target=\"_blank\">t\u00e4\u00e4lt\u00e4<\/a><\/strong><\/span><\/span><\/p>\n<\/li>\n<\/ul>\n","protected":false},"featured_media":100000177501,"comment_status":"closed","ping_status":"closed","template":"","meta":[],"product_brand":[],"product_cat":[84],"product_tag":[],"class_list":{"0":"post-177501","1":"product","2":"type-product","3":"status-publish","4":"has-post-thumbnail","6":"product_cat-huonekalut","8":"first","9":"instock","10":"taxable","11":"shipping-taxable","12":"purchasable","13":"product-type-simple"},"_links":{"self":[{"href":"https:\/\/www.otiumhome.fi\/index.php\/wp-json\/wp\/v2\/product\/177501","targetHints":{"allow":["GET"]}}],"collection":[{"href":"https:\/\/www.otiumhome.fi\/index.php\/wp-json\/wp\/v2\/product"}],"about":[{"href":"https:\/\/www.otiumhome.fi\/index.php\/wp-json\/wp\/v2\/types\/product"}],"replies":[{"embeddable":true,"href":"https:\/\/www.otiumhome.fi\/index.php\/wp-json\/wp\/v2\/comments?post=177501"}],"wp:featuredmedia":[{"embeddable":true,"href":"https:\/\/www.otiumhome.fi\/index.php\/wp-json\/"}],"wp:attachment":[{"href":"https:\/\/www.otiumhome.fi\/index.php\/wp-json\/wp\/v2\/media?parent=177501"}],"wp:term":[{"taxonomy":"product_brand","embeddable":true,"href":"https:\/\/www.otiumhome.fi\/index.php\/wp-json\/wp\/v2\/product_brand?post=177501"},{"taxonomy":"product_cat","embeddable":true,"href":"https:\/\/www.otiumhome.fi\/index.php\/wp-json\/wp\/v2\/product_cat?post=177501"},{"taxonomy":"product_tag","embeddable":true,"href":"https:\/\/www.otiumhome.fi\/index.php\/wp-json\/wp\/v2\/product_tag?post=177501"}],"curies":[{"name":"wp","href":"https:\/\/api.w.org\/{rel}","templated":true}]}}