{"id":177417,"date":"2025-10-20T06:31:15","date_gmt":"2025-10-20T06:31:15","guid":{"rendered":"https:\/\/www.otiumhome.fi\/?p=177417"},"modified":"2025-12-14T17:30:26","modified_gmt":"2025-12-14T17:30:26","slug":"huonejakaja-hunajaruskea-105-x-15-x-160-cm-tihea-akasiapuu","status":"publish","type":"product","link":"https:\/\/www.otiumhome.fi\/index.php\/tuote\/huonejakaja-hunajaruskea-105-x-15-x-160-cm-tihea-akasiapuu\/","title":{"rendered":"Huonejakaja Hunajaruskea 105 x 1,5 x 160 cm Tihe\u00e4 akasiapuu"},"content":{"rendered":"<p>T\u00e4m\u00e4 moderni huonejakaja erottuu yksinkertaisuudessaan ja k\u00e4yt\u00e4nn\u00f6llisyydess\u00e4\u00e4n \u2013 t\u00e4ydellinen jakamaan tilaa kotona kuin olohuoneessa tai makuuhuoneessa. Siin\u00e4 on selke\u00e4t linjat ja minimaalinen tyyli, joka tuo hienostuneisuutta mihin tahansa ymp\u00e4rist\u00f6\u00f6n. Suorakaiteen muoto ja t\u00e4ysist\u00e4 akaasiapuista valmistettu rakenne tekev\u00e4t siit\u00e4 sek\u00e4 toimivan ett\u00e4 kauniin elementin, joka korostaa luonnon kauneutta hunajapinnassaan. T\u00e4m\u00e4 huonejakaja on joustava tilaratkaisu, joka sopeutuu tarpeisiisi ilman vaivann\u00e4k\u00f6\u00e4.<\/p>\n<ul><\/br><\/p>\n<li><b>Kest\u00e4v\u00e4 materiaali:<\/b> T\u00e4m\u00e4 huonejakaja on valmistettu t\u00e4ysist\u00e4 akaasiapuista, joten se on tukeva ja kest\u00e4v\u00e4. Akaasiapuu on tunnettu pitk\u00e4ik\u00e4isyydest\u00e4\u00e4n ja hienosta pinnastaan, mink\u00e4 vuoksi se suitsii tyylikk\u00e4it\u00e4 huonekaluja. T\u00e4m\u00e4 materiaali tarjoaa upean hunajapintaisen pinnan, joka tekee mist\u00e4 tahansa huoneesta tyylikk\u00e4\u00e4n.<\/li>\n<p><\/br><\/p>\n<li><b>Suorakaiteen muoto:<\/b> Suorakaiteen muoto auttaa jakamaan tiloja tehokkaasti, ilman ett\u00e4 visuaalinen linja heikkenee. Se on t\u00e4ydellinen modernista tyylist\u00e4 pit\u00e4v\u00e4lle, sill\u00e4 se tuo siisti\u00e4 ilmett\u00e4 ja sopii moniin eri kalustustyyleihin.<\/li>\n<p><\/br><\/p>\n<li><b>Yksinkertainen kokoamisprosessi:<\/b> Kaksi kaveria ja ruuvimeisseli riitt\u00e4\u00e4! Kokoaminen on helppoa, sill\u00e4 paketissa on kaikki tarvittava. Yksinkertaiset ohjeet tekev\u00e4t kokoamisprosessista nopean ja vaivattoman.<\/li>\n<p><\/br><\/p>\n<li><b>Joustava tyyli:<\/b> T\u00e4ydellinen talven ja kev\u00e4\u00e4n vaateisiin, t\u00e4m\u00e4 moderni muoto sopii kausittaiseen sisustukseen. Voit helposti yhdist\u00e4\u00e4 sen muuhun sisustukseen olitpa sitten talven kodikkuudessa tai kev\u00e4\u00e4n raikkaudessa. Jakaja on kuin tyhj\u00e4\u00e4 kangasta, joka odottaa sinun ideoitasi.<\/li>\n<p><\/br><\/p>\n<li><b>Hoito ja yll\u00e4pito:<\/b> Pyyhi p\u00f6lyt kuivalla liinalla s\u00e4\u00e4nn\u00f6llisesti ja k\u00e4yt\u00e4 satunnaista kiiltoa sen yll\u00e4pidossa. V\u00e4lt\u00e4 voimakkaita puhdistusaineita suojellaksesi puun ainutlaatuista rakennetta ja pintaa. Helppo hoito pit\u00e4\u00e4 jakajan koossa ja kauniina pitk\u00e4\u00e4n.<\/li>\n<p><\/br><\/ul>\n<ul>\n<li>V\u00e4ri: Hunajaruskea<\/li>\n<li>Materiaali: Tihe\u00e4 akasiapuu<\/li>\n<li>Yleiset mitat: 105 x 1,5 x 160 cm (P x L x K)<\/li>\n<li>Paino: 19,25 kg<\/li>\n<li>Vain sis\u00e4k\u00e4ytt\u00f6\u00f6n<\/li>\n<li>Toimitus-:<\/li>\n<li>1 x Huonejakaja<\/li>\n<li>Kokoonpano vaaditaan: Kyll\u00e4<\/li>\n<\/ul>\n","protected":false},"excerpt":{"rendered":"<ul>\n<li>V\u00e4ri: Hunajaruskea<\/li>\n<li>Materiaali: Tihe\u00e4 akasiapuu<\/li>\n<li>Yleiset mitat: 105 x 1,5 x 160 cm (P x L x K)<\/li>\n<li>Paino: 19,25 kg<\/li>\n<li>Vain sis\u00e4k\u00e4ytt\u00f6\u00f6n<\/li>\n<li>Toimitus-:<\/li>\n<li>1 x Huonejakaja<\/li>\n<li>Kokoonpano vaaditaan: Kyll\u00e4<\/li>\n<\/ul>\n","protected":false},"featured_media":100000177417,"comment_status":"closed","ping_status":"closed","template":"","meta":[],"product_brand":[],"product_cat":[84],"product_tag":[],"class_list":{"0":"post-177417","1":"product","2":"type-product","3":"status-publish","4":"has-post-thumbnail","6":"product_cat-huonekalut","8":"first","9":"instock","10":"taxable","11":"shipping-taxable","12":"purchasable","13":"product-type-simple"},"_links":{"self":[{"href":"https:\/\/www.otiumhome.fi\/index.php\/wp-json\/wp\/v2\/product\/177417","targetHints":{"allow":["GET"]}}],"collection":[{"href":"https:\/\/www.otiumhome.fi\/index.php\/wp-json\/wp\/v2\/product"}],"about":[{"href":"https:\/\/www.otiumhome.fi\/index.php\/wp-json\/wp\/v2\/types\/product"}],"replies":[{"embeddable":true,"href":"https:\/\/www.otiumhome.fi\/index.php\/wp-json\/wp\/v2\/comments?post=177417"}],"wp:featuredmedia":[{"embeddable":true,"href":"https:\/\/www.otiumhome.fi\/index.php\/wp-json\/"}],"wp:attachment":[{"href":"https:\/\/www.otiumhome.fi\/index.php\/wp-json\/wp\/v2\/media?parent=177417"}],"wp:term":[{"taxonomy":"product_brand","embeddable":true,"href":"https:\/\/www.otiumhome.fi\/index.php\/wp-json\/wp\/v2\/product_brand?post=177417"},{"taxonomy":"product_cat","embeddable":true,"href":"https:\/\/www.otiumhome.fi\/index.php\/wp-json\/wp\/v2\/product_cat?post=177417"},{"taxonomy":"product_tag","embeddable":true,"href":"https:\/\/www.otiumhome.fi\/index.php\/wp-json\/wp\/v2\/product_tag?post=177417"}],"curies":[{"name":"wp","href":"https:\/\/api.w.org\/{rel}","templated":true}]}}