{"id":177415,"date":"2025-10-20T06:31:13","date_gmt":"2025-10-20T06:31:13","guid":{"rendered":"https:\/\/www.otiumhome.fi\/?p=177415"},"modified":"2026-01-01T15:57:25","modified_gmt":"2026-01-01T15:57:25","slug":"tilanjakaja-tummanruskea-leveys-800-cm-korkeus-165-cm-bambu","status":"publish","type":"product","link":"https:\/\/www.otiumhome.fi\/index.php\/tuote\/tilanjakaja-tummanruskea-leveys-800-cm-korkeus-165-cm-bambu\/","title":{"rendered":"Tilanjakaja tummanruskea leveys 800 cm korkeus 165 cm bambu"},"content":{"rendered":"<p>T\u00e4m\u00e4 bambusta valmistettu tilanjakaja lis\u00e4\u00e4 luonnollista tunnelmaa mihin tahansa huoneeseen ja mahdollistaa huoneen pohjaratkaisulla leikkimisen.<\/p>\n<\/p>\n<ul>\n<li>Kest\u00e4v\u00e4 ja pitk\u00e4ik\u00e4inen: Luonnollisena materiaalina bambulla on hyv\u00e4 hengitt\u00e4vyys ja v\u00e4h\u00e4inen tuoksu. N\u00e4m\u00e4 ominaisuudet tekev\u00e4t bambu tilanjakista kest\u00e4vi\u00e4, vedenkest\u00e4vi\u00e4 ja pitk\u00e4ik\u00e4isi\u00e4.<\/li>\n<li>Helppo puhdistaa ja s\u00e4ilytt\u00e4\u00e4: Luonnollisesta bambusta valmistettu tilanjakaja on helppo puhdistaa. Se voidaan rullata s\u00e4ilytyst\u00e4 ja kuljetusta varten.<\/li>\n<li>Monik\u00e4ytt\u00f6inen: Tilanjakaja sopii erinomaisesti yksityisen tilan luomiseen sis\u00e4ll\u00e4, kuten makuuhuoneessa, olohuoneessa, toimistossa ja vastaavissa tiloissa. Voit asettaa sen my\u00f6s ikkunan eteen auringonvalon est\u00e4miseksi.<\/li>\n<li>Neutraalit s\u00e4vyt: Maton neutraalit s\u00e4vyt sulautuvat hyvin erilaisiin sisustustyyleihin.<\/li>\n<\/ul>\n<p>Hyv\u00e4 tiet\u00e4\u00e4:<\/p>\n<ul>\n<li>Puu\/bambu ovat luonnontuotteita ja niiss\u00e4 voi olla ep\u00e4t\u00e4ydellisyyksi\u00e4.<\/li>\n<li>Koska se on luonnontuote, leveys voi vaihdella +\/- 1 mm, my\u00f6s pienet erot ovat yleisi\u00e4.<\/li>\n<\/ul>\n<p>Varoitus:<\/p>\n<ul>\n<li>Ainoastaan sis\u00e4k\u00e4ytt\u00f6\u00f6n.<\/li>\n<\/ul>\n<ul>\n<li>V\u00e4ri: tummanruskea<\/li>\n<li>Materiaali: bambu<\/li>\n<li>Koko: 800 x 165 cm (L x K)<\/li>\n<li>Paksuus: 2 mm<\/li>\n<li>Bambus\u00e4leen leveys: 17 mm<\/li>\n<\/ul>\n","protected":false},"excerpt":{"rendered":"<ul>\n<li>V\u00e4ri: tummanruskea<\/li>\n<li>Materiaali: bambu<\/li>\n<li>Koko: 800 x 165 cm (L x K)<\/li>\n<li>Paksuus: 2 mm<\/li>\n<li>Bambus\u00e4leen leveys: 17 mm<\/li>\n<\/ul>\n","protected":false},"featured_media":100000177415,"comment_status":"closed","ping_status":"closed","template":"","meta":[],"product_brand":[],"product_cat":[84],"product_tag":[],"class_list":{"0":"post-177415","1":"product","2":"type-product","3":"status-publish","4":"has-post-thumbnail","6":"product_cat-huonekalut","8":"first","9":"instock","10":"taxable","11":"shipping-taxable","12":"purchasable","13":"product-type-simple"},"_links":{"self":[{"href":"https:\/\/www.otiumhome.fi\/index.php\/wp-json\/wp\/v2\/product\/177415","targetHints":{"allow":["GET"]}}],"collection":[{"href":"https:\/\/www.otiumhome.fi\/index.php\/wp-json\/wp\/v2\/product"}],"about":[{"href":"https:\/\/www.otiumhome.fi\/index.php\/wp-json\/wp\/v2\/types\/product"}],"replies":[{"embeddable":true,"href":"https:\/\/www.otiumhome.fi\/index.php\/wp-json\/wp\/v2\/comments?post=177415"}],"wp:featuredmedia":[{"embeddable":true,"href":"https:\/\/www.otiumhome.fi\/index.php\/wp-json\/"}],"wp:attachment":[{"href":"https:\/\/www.otiumhome.fi\/index.php\/wp-json\/wp\/v2\/media?parent=177415"}],"wp:term":[{"taxonomy":"product_brand","embeddable":true,"href":"https:\/\/www.otiumhome.fi\/index.php\/wp-json\/wp\/v2\/product_brand?post=177415"},{"taxonomy":"product_cat","embeddable":true,"href":"https:\/\/www.otiumhome.fi\/index.php\/wp-json\/wp\/v2\/product_cat?post=177415"},{"taxonomy":"product_tag","embeddable":true,"href":"https:\/\/www.otiumhome.fi\/index.php\/wp-json\/wp\/v2\/product_tag?post=177415"}],"curies":[{"name":"wp","href":"https:\/\/api.w.org\/{rel}","templated":true}]}}