{"id":177413,"date":"2025-10-20T06:31:13","date_gmt":"2025-10-20T06:31:13","guid":{"rendered":"https:\/\/www.otiumhome.fi\/?p=177413"},"modified":"2025-10-20T16:40:28","modified_gmt":"2025-10-20T16:40:28","slug":"tilanjakaja-4-paneelinen-163x180-cm-vesihyasintti","status":"publish","type":"product","link":"https:\/\/www.otiumhome.fi\/index.php\/tuote\/tilanjakaja-4-paneelinen-163x180-cm-vesihyasintti\/","title":{"rendered":"Tilanjakaja 4-paneelinen 163&#215;180 cm vesihyasintti"},"content":{"rendered":"<p>T\u00e4m\u00e4 kaunis vesihyasintista valmistettu tilanjakaja antaa ripauksen luonnollista tyyli\u00e4 ja on ihanteellinen yksityisyyssuoja huoneeseesi.<\/p>\n<\/p>\n<ul>\n<li>Tukeva materiaali: Paneelijakaja koostuu metallikehyksest\u00e4 ja vesihyasintista, jotka tekev\u00e4t siit\u00e4 eritt\u00e4in tukevan ja kest\u00e4v\u00e4n. <\/li>\n<li>Maalaistalon tyyli: Lis\u00e4\u00e4 maalaistyyli\u00e4 nykyiseen sisustukseesi! Maalaistalon tyyli tasapainottaa t\u00e4ydellisesti muotoilua ja tyyli\u00e4, samalla se lis\u00e4\u00e4 rustiikkista ja modernia tunnelmaa. Lis\u00e4ksi punottu tyyli lis\u00e4\u00e4 tilanjakajaan rustiikkista charmia.<\/li>\n<li>T\u00e4ydellinen muotoilu: Se on t\u00e4ydellinen sijoitettavaksi makuuhuoneeseen yksityisen, erillisen pukeutumistilan luomiseksi, tai erottamaan osan huoneesta. Lis\u00e4ksi tilanjakaja on helppo taittaa kokoon, kun se ei ole k\u00e4yt\u00f6ss\u00e4. <\/li>\n<\/ul>\n<ul>\n<li>Materiaali: Vesihyasintti, metalli<\/li>\n<li>Koko: 163 x 180 cm (L x K)<\/li>\n<li>4 paneelia<\/li>\n<li>Punottu tyyli<\/li>\n<li>Taitettava malli<\/li>\n<\/ul>\n","protected":false},"excerpt":{"rendered":"<ul>\n<li>Materiaali: Vesihyasintti, metalli<\/li>\n<li>Koko: 163 x 180 cm (L x K)<\/li>\n<li>4 paneelia<\/li>\n<li>Punottu tyyli<\/li>\n<li>Taitettava malli<\/li>\n<\/ul>\n","protected":false},"featured_media":100000177413,"comment_status":"closed","ping_status":"closed","template":"","meta":[],"product_brand":[],"product_cat":[84],"product_tag":[],"class_list":{"0":"post-177413","1":"product","2":"type-product","3":"status-publish","4":"has-post-thumbnail","6":"product_cat-huonekalut","8":"first","9":"instock","10":"taxable","11":"shipping-taxable","12":"purchasable","13":"product-type-simple"},"_links":{"self":[{"href":"https:\/\/www.otiumhome.fi\/index.php\/wp-json\/wp\/v2\/product\/177413","targetHints":{"allow":["GET"]}}],"collection":[{"href":"https:\/\/www.otiumhome.fi\/index.php\/wp-json\/wp\/v2\/product"}],"about":[{"href":"https:\/\/www.otiumhome.fi\/index.php\/wp-json\/wp\/v2\/types\/product"}],"replies":[{"embeddable":true,"href":"https:\/\/www.otiumhome.fi\/index.php\/wp-json\/wp\/v2\/comments?post=177413"}],"wp:featuredmedia":[{"embeddable":true,"href":"https:\/\/www.otiumhome.fi\/index.php\/wp-json\/"}],"wp:attachment":[{"href":"https:\/\/www.otiumhome.fi\/index.php\/wp-json\/wp\/v2\/media?parent=177413"}],"wp:term":[{"taxonomy":"product_brand","embeddable":true,"href":"https:\/\/www.otiumhome.fi\/index.php\/wp-json\/wp\/v2\/product_brand?post=177413"},{"taxonomy":"product_cat","embeddable":true,"href":"https:\/\/www.otiumhome.fi\/index.php\/wp-json\/wp\/v2\/product_cat?post=177413"},{"taxonomy":"product_tag","embeddable":true,"href":"https:\/\/www.otiumhome.fi\/index.php\/wp-json\/wp\/v2\/product_tag?post=177413"}],"curies":[{"name":"wp","href":"https:\/\/api.w.org\/{rel}","templated":true}]}}