{"id":177315,"date":"2025-10-20T06:28:33","date_gmt":"2025-10-20T06:28:33","guid":{"rendered":"https:\/\/www.otiumhome.fi\/?p=177315"},"modified":"2025-10-20T16:40:28","modified_gmt":"2025-10-20T16:40:28","slug":"3-paneelinen-tilanjakaja-musta-210x180-cm","status":"publish","type":"product","link":"https:\/\/www.otiumhome.fi\/index.php\/tuote\/3-paneelinen-tilanjakaja-musta-210x180-cm\/","title":{"rendered":"3-paneelinen tilanjakaja musta 210&#215;180 cm"},"content":{"rendered":"<p>T\u00e4m\u00e4 huoneen jakaja on t\u00e4ydellinen erillisen, yksityisen alueen tai osan luomiseksi sis\u00e4- tai ulkotiloissa.<\/p>\n<\/p>\n<ul>\n<li>Ensiluokkainen materiaali T\u00e4ysi akasiapuu on kaunis luonnonmateriaali. Akasiapuu on tihe\u00e4syinen, tukeva ja kest\u00e4v\u00e4 trooppinen lehtipuu. Luja Textilene on my\u00f6s s\u00e4\u00e4nkest\u00e4v\u00e4 ja helppo puhdistaa.<\/li>\n<li>Kokoontaittuva malli: T\u00e4m\u00e4 paneeli voidaan helposti taittaa kokoon tilan s\u00e4\u00e4st\u00e4miseksi, kun sit\u00e4 ei k\u00e4ytet\u00e4.<\/li>\n<li>Useita toimintoja: T\u00e4t\u00e4 tilanjakajaa voidaan k\u00e4ytt\u00e4\u00e4 koristeena tai tilanjakajana. Se on t\u00e4ydellinen erottamaan erillinen yksityinen tila tai ylim\u00e4\u00e4r\u00e4isen huoneen luomiseen.<\/li>\n<\/ul>\n<ul>\n<li>V\u00e4ri: musta<\/li>\n<li>Materiaali: \u00f6ljytty t\u00e4ysi akaasiapuu, textilene<\/li>\n<li>Kokonaismitat: 210 x 180 cm (L x K)<\/li>\n<li>Kunkin paneelin koko: 70 x 180 cm (L x K)<\/li>\n<li>Puurungon paksuus: 2,5 cm<\/li>\n<li>Sopii sek\u00e4 sis\u00e4- ett\u00e4 ulkok\u00e4ytt\u00f6\u00f6n<\/li>\n<li>Asennus vaaditaan: kyll\u00e4<\/li>\n<\/ul>\n","protected":false},"excerpt":{"rendered":"<ul>\n<li>V\u00e4ri: musta<\/li>\n<li>Materiaali: \u00f6ljytty t\u00e4ysi akaasiapuu, textilene<\/li>\n<li>Kokonaismitat: 210 x 180 cm (L x K)<\/li>\n<li>Kunkin paneelin koko: 70 x 180 cm (L x K)<\/li>\n<li>Puurungon paksuus: 2,5 cm<\/li>\n<li>Sopii sek\u00e4 sis\u00e4- ett\u00e4 ulkok\u00e4ytt\u00f6\u00f6n<\/li>\n<li>Asennus vaaditaan: kyll\u00e4<\/li>\n<\/ul>\n","protected":false},"featured_media":100000177315,"comment_status":"closed","ping_status":"closed","template":"","meta":[],"product_brand":[],"product_cat":[84],"product_tag":[],"class_list":{"0":"post-177315","1":"product","2":"type-product","3":"status-publish","4":"has-post-thumbnail","6":"product_cat-huonekalut","8":"first","9":"instock","10":"taxable","11":"shipping-taxable","12":"purchasable","13":"product-type-simple"},"_links":{"self":[{"href":"https:\/\/www.otiumhome.fi\/index.php\/wp-json\/wp\/v2\/product\/177315","targetHints":{"allow":["GET"]}}],"collection":[{"href":"https:\/\/www.otiumhome.fi\/index.php\/wp-json\/wp\/v2\/product"}],"about":[{"href":"https:\/\/www.otiumhome.fi\/index.php\/wp-json\/wp\/v2\/types\/product"}],"replies":[{"embeddable":true,"href":"https:\/\/www.otiumhome.fi\/index.php\/wp-json\/wp\/v2\/comments?post=177315"}],"wp:featuredmedia":[{"embeddable":true,"href":"https:\/\/www.otiumhome.fi\/index.php\/wp-json\/"}],"wp:attachment":[{"href":"https:\/\/www.otiumhome.fi\/index.php\/wp-json\/wp\/v2\/media?parent=177315"}],"wp:term":[{"taxonomy":"product_brand","embeddable":true,"href":"https:\/\/www.otiumhome.fi\/index.php\/wp-json\/wp\/v2\/product_brand?post=177315"},{"taxonomy":"product_cat","embeddable":true,"href":"https:\/\/www.otiumhome.fi\/index.php\/wp-json\/wp\/v2\/product_cat?post=177315"},{"taxonomy":"product_tag","embeddable":true,"href":"https:\/\/www.otiumhome.fi\/index.php\/wp-json\/wp\/v2\/product_tag?post=177315"}],"curies":[{"name":"wp","href":"https:\/\/api.w.org\/{rel}","templated":true}]}}