{"id":177263,"date":"2025-10-20T04:51:54","date_gmt":"2025-10-20T04:51:54","guid":{"rendered":"https:\/\/www.otiumhome.fi\/?p=177263"},"modified":"2025-12-14T11:22:35","modified_gmt":"2025-12-14T11:22:35","slug":"kerrossanky-poydan-rungolla-harmaa-metalli-90x200-cm","status":"publish","type":"product","link":"https:\/\/www.otiumhome.fi\/index.php\/tuote\/kerrossanky-poydan-rungolla-harmaa-metalli-90x200-cm\/","title":{"rendered":"Kerross\u00e4nky p\u00f6yd\u00e4n rungolla harmaa metalli 90&#215;200 cm"},"content":{"rendered":"<p>T\u00e4m\u00e4 metallinen kerross\u00e4nky on elegantti ja toimiva, siksi se on t\u00e4ydellinen mihin tahansa pieneen huoneeseen! Se on upea valinta lastesi huoneeseen, koska se lis\u00e4\u00e4 hupia s\u00e4nkyyn menoon juuri ennen nukkuma-aikaa!<\/p>\n<\/p>\n<p>Kerross\u00e4nkymme on valmistettu tukevasta jauhemaalatusta metallista, joka takaa upean vakauden ja kest\u00e4vyyden. Koska se on suunniteltu turvallisuutta ajatellen, t\u00e4m\u00e4 kerross\u00e4nky sis\u00e4lt\u00e4\u00e4 kokopituiset kaiteet ja tukevat tikkaat. Koko s\u00e4ngynrunko on valmistettu metalliputkesta, joka tekee siit\u00e4 pitk\u00e4ik\u00e4isen ja sopivan p\u00e4ivitt\u00e4iseen k\u00e4ytt\u00f6\u00f6n. S\u00e4nky on helppo koota.<\/p>\n<\/p>\n<p>Huomioi, ett\u00e4 patjat eiv\u00e4t sis\u00e4lly toimitukseen.<\/p>\n<ul>\n<li>V\u00e4ri: harmaa ja ruskea<\/li>\n<li>Materiaali: metalli<\/li>\n<li>Yl\u00e4s\u00e4ngyn koko: 210 x 97,5 x 186 cm (P x L x K)<\/li>\n<li>Sopiva patjan koko: 90 x 200 cm (L x P) (patja ei sis\u00e4lly toimitukseen)<\/li>\n<li>Sis\u00e4lt\u00e4\u00e4 turvakaiteet ja kiinnitetyt tikkaat<\/li>\n<li>Asennus vaaditaan: kyll\u00e4<\/li>\n<\/ul>\n","protected":false},"excerpt":{"rendered":"<ul>\n<li>V\u00e4ri: harmaa ja ruskea<\/li>\n<li>Materiaali: metalli<\/li>\n<li>Yl\u00e4s\u00e4ngyn koko: 210 x 97,5 x 186 cm (P x L x K)<\/li>\n<li>Sopiva patjan koko: 90 x 200 cm (L x P) (patja ei sis\u00e4lly toimitukseen)<\/li>\n<li>Sis\u00e4lt\u00e4\u00e4 turvakaiteet ja kiinnitetyt tikkaat<\/li>\n<li>Asennus vaaditaan: kyll\u00e4<\/li>\n<\/ul>\n","protected":false},"featured_media":100000177263,"comment_status":"closed","ping_status":"closed","template":"","meta":[],"product_brand":[],"product_cat":[84,8638],"product_tag":[],"class_list":{"0":"post-177263","1":"product","2":"type-product","3":"status-publish","4":"has-post-thumbnail","6":"product_cat-huonekalut","7":"product_cat-sangyt-sangynrungot","9":"first","10":"instock","11":"taxable","12":"shipping-taxable","13":"purchasable","14":"product-type-simple"},"_links":{"self":[{"href":"https:\/\/www.otiumhome.fi\/index.php\/wp-json\/wp\/v2\/product\/177263","targetHints":{"allow":["GET"]}}],"collection":[{"href":"https:\/\/www.otiumhome.fi\/index.php\/wp-json\/wp\/v2\/product"}],"about":[{"href":"https:\/\/www.otiumhome.fi\/index.php\/wp-json\/wp\/v2\/types\/product"}],"replies":[{"embeddable":true,"href":"https:\/\/www.otiumhome.fi\/index.php\/wp-json\/wp\/v2\/comments?post=177263"}],"wp:featuredmedia":[{"embeddable":true,"href":"https:\/\/www.otiumhome.fi\/index.php\/wp-json\/"}],"wp:attachment":[{"href":"https:\/\/www.otiumhome.fi\/index.php\/wp-json\/wp\/v2\/media?parent=177263"}],"wp:term":[{"taxonomy":"product_brand","embeddable":true,"href":"https:\/\/www.otiumhome.fi\/index.php\/wp-json\/wp\/v2\/product_brand?post=177263"},{"taxonomy":"product_cat","embeddable":true,"href":"https:\/\/www.otiumhome.fi\/index.php\/wp-json\/wp\/v2\/product_cat?post=177263"},{"taxonomy":"product_tag","embeddable":true,"href":"https:\/\/www.otiumhome.fi\/index.php\/wp-json\/wp\/v2\/product_tag?post=177263"}],"curies":[{"name":"wp","href":"https:\/\/api.w.org\/{rel}","templated":true}]}}