{"id":176846,"date":"2025-10-20T02:45:43","date_gmt":"2025-10-20T02:45:43","guid":{"rendered":"https:\/\/www.otiumhome.fi\/?p=176846"},"modified":"2025-12-14T08:43:29","modified_gmt":"2025-12-14T08:43:29","slug":"rahi-vaaleanharmaa-51x41x40-cm-kangas","status":"publish","type":"product","link":"https:\/\/www.otiumhome.fi\/index.php\/tuote\/rahi-vaaleanharmaa-51x41x40-cm-kangas\/","title":{"rendered":"Rahi vaaleanharmaa 51x41x40 cm kangas"},"content":{"rendered":"<p>Lis\u00e4\u00e4 v\u00e4litt\u00f6m\u00e4sti ripaus modernia tyyli\u00e4 sisustukseesi t\u00e4ll\u00e4 mukavalla ja vakaalla rahilla!<\/p>\n<\/p>\n<ul>\n<li>Kest\u00e4v\u00e4 kangas: Kankaan ulkon\u00e4k\u00f6 on yksinkertainen ja puhdas, se on my\u00f6s hengitt\u00e4v\u00e4 ja kest\u00e4v\u00e4.<\/li>\n<li>Vakaa runko: Runko on valmistettu t\u00e4ydest\u00e4 koivusta, mik\u00e4 takaa tukevuuden ja vakauden. T\u00e4ysi koivu kaunis luonnollinen materiaali. Koivussa on luonnollisia eroavaisuuksia pintakuvioissa ja v\u00e4reiss\u00e4, t\u00e4m\u00e4 antaa tuotteelle ainutlaatuisen ulkon\u00e4\u00f6n.<\/li>\n<li>Joustava suunnittelu: T\u00e4m\u00e4 rahi sopii jalkojen lepuuttamiseen sohvalla tai lepotuolilla maatessasi. Se voi tarjota my\u00f6s lis\u00e4istuimen huoneeseesi. Yksinkertainen ja kompakti koko tekev\u00e4t siit\u00e4 ihanteellisen melkein mihin tahansa elintilaasi.<\/li>\n<li>Irrotettava ja pest\u00e4v\u00e4 p\u00e4\u00e4llinen: P\u00e4\u00e4llinen on helppo irrottaa ja puhdistaa tarpeen mukaan.<\/li>\n<\/ul>\n<p>Huomioi:<\/p>\n<ul>\n<li>Jokaisen tuotteen mukana on laatikossa kokoonpano-ohje helppoa asennusta varten.<\/li>\n<\/ul>\n<ul>\n<li>V\u00e4ri: vaaleanharmaa ja valkoinen<\/li>\n<li>Materiaali: Kangas (100 % polyesteri), t\u00e4ysi koivu, vaneri<\/li>\n<li>T\u00e4ytemateriaali: PP puuvilla<\/li>\n<li>Mitat: 51 x 41 x 40 cm (L x S x K)<\/li>\n<li>Irrotettava ja pest\u00e4v\u00e4 p\u00e4\u00e4llinen<\/li>\n<li><strong>Toimitus sis\u00e4lt\u00e4\u00e4:<\/strong><\/li>\n<li>1 x rahi<\/li>\n<li>1 x Tyyny<\/li>\n<\/ul>\n","protected":false},"excerpt":{"rendered":"<ul>\n<li>V\u00e4ri: vaaleanharmaa ja valkoinen<\/li>\n<li>Materiaali: Kangas (100 % polyesteri), t\u00e4ysi koivu, vaneri<\/li>\n<li>T\u00e4ytemateriaali: PP puuvilla<\/li>\n<li>Mitat: 51 x 41 x 40 cm (L x S x K)<\/li>\n<li>Irrotettava ja pest\u00e4v\u00e4 p\u00e4\u00e4llinen<\/li>\n<li><strong>Toimitus sis\u00e4lt\u00e4\u00e4:<\/strong><\/li>\n<li>1 x rahi<\/li>\n<li>1 x Tyyny<\/li>\n<\/ul>\n","protected":false},"featured_media":100000176846,"comment_status":"closed","ping_status":"closed","template":"","meta":[],"product_brand":[],"product_cat":[84],"product_tag":[],"class_list":{"0":"post-176846","1":"product","2":"type-product","3":"status-publish","4":"has-post-thumbnail","6":"product_cat-huonekalut","8":"first","9":"outofstock","10":"taxable","11":"shipping-taxable","12":"purchasable","13":"product-type-simple"},"_links":{"self":[{"href":"https:\/\/www.otiumhome.fi\/index.php\/wp-json\/wp\/v2\/product\/176846","targetHints":{"allow":["GET"]}}],"collection":[{"href":"https:\/\/www.otiumhome.fi\/index.php\/wp-json\/wp\/v2\/product"}],"about":[{"href":"https:\/\/www.otiumhome.fi\/index.php\/wp-json\/wp\/v2\/types\/product"}],"replies":[{"embeddable":true,"href":"https:\/\/www.otiumhome.fi\/index.php\/wp-json\/wp\/v2\/comments?post=176846"}],"wp:featuredmedia":[{"embeddable":true,"href":"https:\/\/www.otiumhome.fi\/index.php\/wp-json\/"}],"wp:attachment":[{"href":"https:\/\/www.otiumhome.fi\/index.php\/wp-json\/wp\/v2\/media?parent=176846"}],"wp:term":[{"taxonomy":"product_brand","embeddable":true,"href":"https:\/\/www.otiumhome.fi\/index.php\/wp-json\/wp\/v2\/product_brand?post=176846"},{"taxonomy":"product_cat","embeddable":true,"href":"https:\/\/www.otiumhome.fi\/index.php\/wp-json\/wp\/v2\/product_cat?post=176846"},{"taxonomy":"product_tag","embeddable":true,"href":"https:\/\/www.otiumhome.fi\/index.php\/wp-json\/wp\/v2\/product_tag?post=176846"}],"curies":[{"name":"wp","href":"https:\/\/api.w.org\/{rel}","templated":true}]}}