{"id":176780,"date":"2025-10-20T02:39:04","date_gmt":"2025-10-20T02:39:04","guid":{"rendered":"https:\/\/www.otiumhome.fi\/?p=176780"},"modified":"2025-10-21T06:35:41","modified_gmt":"2025-10-21T06:35:41","slug":"peilipoyta-harmaa-sonoma-745x40x141-cm","status":"publish","type":"product","link":"https:\/\/www.otiumhome.fi\/index.php\/tuote\/peilipoyta-harmaa-sonoma-745x40x141-cm\/","title":{"rendered":"Peilip\u00f6yt\u00e4 harmaa Sonoma 74,5x40x141 cm"},"content":{"rendered":"<p>T\u00e4m\u00e4 peilip\u00f6yt\u00e4 k\u00e4\u00e4nt\u00e4\u00e4 varmasti p\u00e4\u00e4t hienostuneilla suorilla linjoillaan ja ep\u00e4symmetrisell\u00e4 muodollaan, joka on t\u00e4ynn\u00e4 omaper\u00e4isyytt\u00e4!<\/p>\n<\/p>\n<ul>\n<li>Vakaa materiaali: Tekninen puu on poikkeuksellisen laadukasta ja sile\u00e4pintaista. Se on luja, vakaa ja kosteudelle vastustuskykyinen.<\/li>\n<li>Meikkipeili: Peilill\u00e4 varustettu meikkip\u00f6yt\u00e4 on t\u00e4ydellinen p\u00e4ivitt\u00e4isiin kauneusrutiineihisi. Pelin ansiosta voit hoitaa kasvojesi ihoa ja meikata!<\/li>\n<li>Runsaasti s\u00e4ilytystilaa: Meikkip\u00f6yd\u00e4n p\u00f6yt\u00e4levy, p\u00f6yd\u00e4n yll\u00e4 olevat kaksikerroksiset hyllyt ja yksi p\u00f6yd\u00e4n alla oleva vetolaatikko tarjoavat runsaasti tilaa ja helpon p\u00e4\u00e4syn meikkeihisi, koruihisi ja jokap\u00e4iv\u00e4isiin v\u00e4ltt\u00e4m\u00e4tt\u00f6myystarvikkeisiisi.<\/li>\n<li>Moderni muotoilu: Modernissa muotoilussa on puhtaat linjat ja minimalistinen ilme osana sisustustyyli\u00e4.<\/li>\n<\/ul>\n<p>Varoitus:<\/p>\n<ul>\n<li>Kaatumisen est\u00e4miseksi on t\u00e4t\u00e4 tuotetta k\u00e4ytett\u00e4v\u00e4 mukana toimitetun sein\u00e4kiinnityslaitteen kanssa.<\/li>\n<\/ul>\n<p>Huomioi:<\/p>\n<ul>\n<li>Jokaisen tuotteen mukana on laatikossa kokoonpano-ohje helppoa asennusta varten.<\/li>\n<\/ul>\n<ul>\n<li>V\u00e4ri: harmaa Sonoma-tammi<\/li>\n<li>Materiaali: Tekninen puu, akryyli<\/li>\n<li>Mitat: 74,5 x 40 x 141 cm (L x S x K)<\/li>\n<li>Legal Documents:\n<p><span>Lis\u00e4tietoja huonekalujesi kaatumisen est\u00e4misest\u00e4 voit l\u00f6yt\u00e4\u00e4 <span style=\"text-decoration: underline\"><strong><a title=\"https:\/\/bit.ly\/3bVwkQp\" href=\"https:\/\/bit.ly\/3bVwkQp\" target=\"_blank\">t\u00e4\u00e4lt\u00e4<\/a><\/strong><\/span><\/span><\/p>\n<\/li>\n<\/ul>\n","protected":false},"excerpt":{"rendered":"<ul>\n<li>V\u00e4ri: harmaa Sonoma-tammi<\/li>\n<li>Materiaali: Tekninen puu, akryyli<\/li>\n<li>Mitat: 74,5 x 40 x 141 cm (L x S x K)<\/li>\n<li>Legal Documents:\n<p><span>Lis\u00e4tietoja huonekalujesi kaatumisen est\u00e4misest\u00e4 voit l\u00f6yt\u00e4\u00e4 <span style=\"text-decoration: underline\"><strong><a title=\"https:\/\/bit.ly\/3bVwkQp\" href=\"https:\/\/bit.ly\/3bVwkQp\" target=\"_blank\">t\u00e4\u00e4lt\u00e4<\/a><\/strong><\/span><\/span><\/p>\n<\/li>\n<\/ul>\n","protected":false},"featured_media":100000176780,"comment_status":"closed","ping_status":"closed","template":"","meta":[],"product_brand":[],"product_cat":[84],"product_tag":[],"class_list":{"0":"post-176780","1":"product","2":"type-product","3":"status-publish","4":"has-post-thumbnail","6":"product_cat-huonekalut","8":"first","9":"instock","10":"taxable","11":"shipping-taxable","12":"purchasable","13":"product-type-simple"},"_links":{"self":[{"href":"https:\/\/www.otiumhome.fi\/index.php\/wp-json\/wp\/v2\/product\/176780","targetHints":{"allow":["GET"]}}],"collection":[{"href":"https:\/\/www.otiumhome.fi\/index.php\/wp-json\/wp\/v2\/product"}],"about":[{"href":"https:\/\/www.otiumhome.fi\/index.php\/wp-json\/wp\/v2\/types\/product"}],"replies":[{"embeddable":true,"href":"https:\/\/www.otiumhome.fi\/index.php\/wp-json\/wp\/v2\/comments?post=176780"}],"wp:featuredmedia":[{"embeddable":true,"href":"https:\/\/www.otiumhome.fi\/index.php\/wp-json\/"}],"wp:attachment":[{"href":"https:\/\/www.otiumhome.fi\/index.php\/wp-json\/wp\/v2\/media?parent=176780"}],"wp:term":[{"taxonomy":"product_brand","embeddable":true,"href":"https:\/\/www.otiumhome.fi\/index.php\/wp-json\/wp\/v2\/product_brand?post=176780"},{"taxonomy":"product_cat","embeddable":true,"href":"https:\/\/www.otiumhome.fi\/index.php\/wp-json\/wp\/v2\/product_cat?post=176780"},{"taxonomy":"product_tag","embeddable":true,"href":"https:\/\/www.otiumhome.fi\/index.php\/wp-json\/wp\/v2\/product_tag?post=176780"}],"curies":[{"name":"wp","href":"https:\/\/api.w.org\/{rel}","templated":true}]}}