{"id":176737,"date":"2025-10-20T02:04:31","date_gmt":"2025-10-20T02:04:31","guid":{"rendered":"https:\/\/www.otiumhome.fi\/?p=176737"},"modified":"2025-12-14T06:29:31","modified_gmt":"2025-12-14T06:29:31","slug":"kylpyhuonekaappi-altaalla-ja-peililla-harmaa-sonoma","status":"publish","type":"product","link":"https:\/\/www.otiumhome.fi\/index.php\/tuote\/kylpyhuonekaappi-altaalla-ja-peililla-harmaa-sonoma\/","title":{"rendered":"Kylpyhuonekaappi altaalla ja peilill\u00e4 harmaa Sonoma"},"content":{"rendered":"<p>T\u00e4ss\u00e4 peilin sis\u00e4lt\u00e4v\u00e4ss\u00e4 kylpyhuoneen allaskaapissa on sis\u00e4\u00e4nrakennettu pesuallas ja runsaasti s\u00e4ilytystilaa. Se on tyylik\u00e4s ja ajaton lis\u00e4 mihin tahansa kylpyhuoneeseen.<\/p>\n<\/p>\n<ul>\n<li>Tukeva materiaali: Allaskaappi on valmistettu teknisest\u00e4 puusta, joka on poikkeuksellisen laadukasta ja sile\u00e4pintaista. Se on my\u00f6s luja, vakaa ja kosteudelle vastustuskykyinen.<\/li>\n<li>Reilusti s\u00e4ilytystilaa: Kylpyhuoneen pesuallasyksikk\u00f6 sis\u00e4lt\u00e4\u00e4 vetolaatikon, tarjoten reilusti s\u00e4ilytystilaa tavaroidesi s\u00e4ilytt\u00e4miseen kylpyhuoneessa.<\/li>\n<li>K\u00e4yt\u00e4nn\u00f6llinen muotoilu: T\u00e4m\u00e4n kylpyhuonekaapin yl\u00e4osa on ihanteellinen paikka altaalle.<\/li>\n<li>Sein\u00e4lle kiinnitett\u00e4v\u00e4 toiminto: Kylpyhuoneen kaappi ja meikkipeili voidaan kiinnitt\u00e4\u00e4 sein\u00e4lle lis\u00e4s\u00e4ilytystilan luomiseksi. T\u00e4ll\u00e4 tavoin voit maksimoida lattiatilasi ja pit\u00e4\u00e4 alueen puhtaana.<\/li>\n<li>Ylivuototoiminto: Pesualtaassa on ylivuoto veden poistamiseksi, kun se t\u00e4yttyy liikaa.<\/li>\n<\/ul>\n<p>Huomioi:<\/p>\n<ul>\n<li>Sein\u00e4\u00e4n kiinnitett\u00e4v\u00e4t ruuvit ja tulpat eiv\u00e4t sis\u00e4lly toimitukseen. Etsi ja k\u00e4yt\u00e4 sein\u00e4\u00e4si sopivia ruuveja ja tulppia. Jos olet ep\u00e4varma, kysy ammattilaisen neuvoa. Lue ja seuraa asennusohjeiden jokaista vaihetta huolella.<\/li>\n<li>Hana ja viem\u00e4ri eiv\u00e4t sis\u00e4lly toimitukseen.<\/li>\n<li>Jokaisen tuotteen mukana on laatikossa kokoonpano-ohje helppoa asennusta varten.<\/li>\n<\/ul>\n<ul>\n<li><strong>Allaskaappi:<\/strong><\/li>\n<li>V\u00e4ri: harmaa Sonoma-tammi<\/li>\n<li>Materiaali: tekninen puu<\/li>\n<li>Kokonaismitat: 41 x 38,5 x 45 cm (L x S x K)<\/li>\n<li><strong>Peili:<\/strong><\/li>\n<li>V\u00e4ri: Valkoinen<\/li>\n<li>Materiaali: akryyli<\/li>\n<li>Mitat: 40 x 1,5 x 37 cm (L x S x K)<\/li>\n<li><strong>Sis\u00e4\u00e4nrakennettu pesuallas:<\/strong><\/li>\n<li>V\u00e4ri: Valkoinen<\/li>\n<li>Materiaali: keramiikka<\/li>\n<li>Kokonaismitat: 42 x 39 x 18 cm (P x L x K)<\/li>\n<li>Keraamisen reunan paksuus: 4 cm<\/li>\n<li>Viem\u00e4riaukon halkaisija: 4,5 cm<\/li>\n<li>Sis\u00e4lt\u00e4\u00e4 ylivuotoaukon<\/li>\n<li><strong>Toimitus sis\u00e4lt\u00e4\u00e4:<\/strong><\/li>\n<li>1 x Kylpyhuoneen allaskaappi<\/li>\n<li>1 x peili<\/li>\n<li>1 x sis\u00e4\u00e4nrakennettu pesuallas<\/li>\n<\/ul>\n","protected":false},"excerpt":{"rendered":"<ul>\n<li><strong>Allaskaappi:<\/strong><\/li>\n<li>V\u00e4ri: harmaa Sonoma-tammi<\/li>\n<li>Materiaali: tekninen puu<\/li>\n<li>Kokonaismitat: 41 x 38,5 x 45 cm (L x S x K)<\/li>\n<li><strong>Peili:<\/strong><\/li>\n<li>V\u00e4ri: Valkoinen<\/li>\n<li>Materiaali: akryyli<\/li>\n<li>Mitat: 40 x 1,5 x 37 cm (L x S x K)<\/li>\n<li><strong>Sis\u00e4\u00e4nrakennettu pesuallas:<\/strong><\/li>\n<li>V\u00e4ri: Valkoinen<\/li>\n<li>Materiaali: keramiikka<\/li>\n<li>Kokonaismitat: 42 x 39 x 18 cm (P x L x K)<\/li>\n<li>Keraamisen reunan paksuus: 4 cm<\/li>\n<li>Viem\u00e4riaukon halkaisija: 4,5 cm<\/li>\n<li>Sis\u00e4lt\u00e4\u00e4 ylivuotoaukon<\/li>\n<li><strong>Toimitus sis\u00e4lt\u00e4\u00e4:<\/strong><\/li>\n<li>1 x Kylpyhuoneen allaskaappi<\/li>\n<li>1 x peili<\/li>\n<li>1 x sis\u00e4\u00e4nrakennettu pesuallas<\/li>\n<\/ul>\n","protected":false},"featured_media":100000176737,"comment_status":"closed","ping_status":"closed","template":"","meta":[],"product_brand":[],"product_cat":[84,8561,8562],"product_tag":[],"class_list":{"0":"post-176737","1":"product","2":"type-product","3":"status-publish","4":"has-post-thumbnail","6":"product_cat-huonekalut","7":"product_cat-kampauspoydat","8":"product_cat-kylpyhuoneen-kampauspoydat","10":"first","11":"instock","12":"taxable","13":"shipping-taxable","14":"purchasable","15":"product-type-simple"},"_links":{"self":[{"href":"https:\/\/www.otiumhome.fi\/index.php\/wp-json\/wp\/v2\/product\/176737","targetHints":{"allow":["GET"]}}],"collection":[{"href":"https:\/\/www.otiumhome.fi\/index.php\/wp-json\/wp\/v2\/product"}],"about":[{"href":"https:\/\/www.otiumhome.fi\/index.php\/wp-json\/wp\/v2\/types\/product"}],"replies":[{"embeddable":true,"href":"https:\/\/www.otiumhome.fi\/index.php\/wp-json\/wp\/v2\/comments?post=176737"}],"wp:featuredmedia":[{"embeddable":true,"href":"https:\/\/www.otiumhome.fi\/index.php\/wp-json\/"}],"wp:attachment":[{"href":"https:\/\/www.otiumhome.fi\/index.php\/wp-json\/wp\/v2\/media?parent=176737"}],"wp:term":[{"taxonomy":"product_brand","embeddable":true,"href":"https:\/\/www.otiumhome.fi\/index.php\/wp-json\/wp\/v2\/product_brand?post=176737"},{"taxonomy":"product_cat","embeddable":true,"href":"https:\/\/www.otiumhome.fi\/index.php\/wp-json\/wp\/v2\/product_cat?post=176737"},{"taxonomy":"product_tag","embeddable":true,"href":"https:\/\/www.otiumhome.fi\/index.php\/wp-json\/wp\/v2\/product_tag?post=176737"}],"curies":[{"name":"wp","href":"https:\/\/api.w.org\/{rel}","templated":true}]}}