{"id":176736,"date":"2025-10-20T01:57:31","date_gmt":"2025-10-20T01:57:31","guid":{"rendered":"https:\/\/www.otiumhome.fi\/?p=176736"},"modified":"2025-10-20T21:54:38","modified_gmt":"2025-10-20T21:54:38","slug":"kylpyhuoneen-kaappi-peililla-harmaa-sonoma-tekninen-puu","status":"publish","type":"product","link":"https:\/\/www.otiumhome.fi\/index.php\/tuote\/kylpyhuoneen-kaappi-peililla-harmaa-sonoma-tekninen-puu\/","title":{"rendered":"Kylpyhuoneen kaappi peilill\u00e4 harmaa Sonoma tekninen puu"},"content":{"rendered":"<p>T\u00e4m\u00e4 tyylik\u00e4s kylpyhuoneen kaappi peilill\u00e4 sis\u00e4lt\u00e4\u00e4 suuren s\u00e4ilytystilan ja on loistava lis\u00e4 kylpyhuoneeseesi ja tekee siit\u00e4 siistin ja huomiota her\u00e4tt\u00e4v\u00e4n n\u00e4k\u00f6isen!<\/p>\n<\/p>\n<ul>\n<li>Ensiluokkainen materiaali: Tekninen puu on poikkeuksellisen laadukasta ja sile\u00e4pintaista. Se on my\u00f6s luja, vakaa ja kosteudelle vastustuskykyinen.<\/li>\n<li>Reilusti s\u00e4ilytystilaa: Kylpyhuoneyksikk\u00f6 sis\u00e4lt\u00e4\u00e4 vetolaatikon, tarjoten reilusti s\u00e4ilytystilaa tavaroidesi s\u00e4ilytt\u00e4miseen kylpyhuoneessa.<\/li>\n<li>K\u00e4yt\u00e4nn\u00f6llinen muotoilu: T\u00e4m\u00e4n kylpyhuoneen allaskaapin yl\u00e4osa on ihanteellinen paikka altaalle.<\/li>\n<li>Sein\u00e4kiinnitett\u00e4v\u00e4 toiminto: Kylpyhuonekaappi ja peili voidaan kiinnitt\u00e4\u00e4 sein\u00e4lle lis\u00e4s\u00e4ilytystilan luomiseksi. T\u00e4ll\u00e4 tavoin voit maksimoida lattiatilasi ja pit\u00e4\u00e4 alueen puhtaana.<\/li>\n<\/ul>\n<p>Huomioi:<\/p>\n<ul>\n<li>Sein\u00e4\u00e4n kiinnitett\u00e4v\u00e4t ruuvit ja tulpat eiv\u00e4t sis\u00e4lly toimitukseen. Etsi ja k\u00e4yt\u00e4 sein\u00e4\u00e4si sopivia ruuveja ja tulppia. Jos olet ep\u00e4varma, kysy ammattilaisen neuvoa. Lue ja seuraa asennusohjeiden jokaista vaihetta huolella.<\/li>\n<li>Jokaisen tuotteen mukana on laatikossa kokoonpano-ohje helppoa asennusta varten.<\/li>\n<\/ul>\n<ul>\n<li>V\u00e4ri: harmaa Sonoma-tammi<\/li>\n<li>Materiaali: Tekninen puu, akryyli<\/li>\n<li>Kylpyhuonekaapin mitat: 41 x 38,5 x 45 cm (L x S x K)<\/li>\n<li>Peilin mitat: 40 x 1,5 x 37 cm (L x S x K)<\/li>\n<li><strong>Toimitus sis\u00e4lt\u00e4\u00e4:<\/strong><\/li>\n<li>1 x kylpyhuoneen kaappi<\/li>\n<li>1 x peili<\/li>\n<\/ul>\n","protected":false},"excerpt":{"rendered":"<ul>\n<li>V\u00e4ri: harmaa Sonoma-tammi<\/li>\n<li>Materiaali: Tekninen puu, akryyli<\/li>\n<li>Kylpyhuonekaapin mitat: 41 x 38,5 x 45 cm (L x S x K)<\/li>\n<li>Peilin mitat: 40 x 1,5 x 37 cm (L x S x K)<\/li>\n<li><strong>Toimitus sis\u00e4lt\u00e4\u00e4:<\/strong><\/li>\n<li>1 x kylpyhuoneen kaappi<\/li>\n<li>1 x peili<\/li>\n<\/ul>\n","protected":false},"featured_media":100000176736,"comment_status":"closed","ping_status":"closed","template":"","meta":[],"product_brand":[],"product_cat":[84,8560],"product_tag":[],"class_list":{"0":"post-176736","1":"product","2":"type-product","3":"status-publish","4":"has-post-thumbnail","6":"product_cat-huonekalut","7":"product_cat-kylpyhuoneen-kalusteet","9":"first","10":"instock","11":"taxable","12":"shipping-taxable","13":"purchasable","14":"product-type-simple"},"_links":{"self":[{"href":"https:\/\/www.otiumhome.fi\/index.php\/wp-json\/wp\/v2\/product\/176736","targetHints":{"allow":["GET"]}}],"collection":[{"href":"https:\/\/www.otiumhome.fi\/index.php\/wp-json\/wp\/v2\/product"}],"about":[{"href":"https:\/\/www.otiumhome.fi\/index.php\/wp-json\/wp\/v2\/types\/product"}],"replies":[{"embeddable":true,"href":"https:\/\/www.otiumhome.fi\/index.php\/wp-json\/wp\/v2\/comments?post=176736"}],"wp:featuredmedia":[{"embeddable":true,"href":"https:\/\/www.otiumhome.fi\/index.php\/wp-json\/"}],"wp:attachment":[{"href":"https:\/\/www.otiumhome.fi\/index.php\/wp-json\/wp\/v2\/media?parent=176736"}],"wp:term":[{"taxonomy":"product_brand","embeddable":true,"href":"https:\/\/www.otiumhome.fi\/index.php\/wp-json\/wp\/v2\/product_brand?post=176736"},{"taxonomy":"product_cat","embeddable":true,"href":"https:\/\/www.otiumhome.fi\/index.php\/wp-json\/wp\/v2\/product_cat?post=176736"},{"taxonomy":"product_tag","embeddable":true,"href":"https:\/\/www.otiumhome.fi\/index.php\/wp-json\/wp\/v2\/product_tag?post=176736"}],"curies":[{"name":"wp","href":"https:\/\/api.w.org\/{rel}","templated":true}]}}