{"id":176715,"date":"2025-10-20T01:40:32","date_gmt":"2025-10-20T01:40:32","guid":{"rendered":"https:\/\/www.otiumhome.fi\/?p=176715"},"modified":"2025-12-14T05:39:37","modified_gmt":"2025-12-14T05:39:37","slug":"ruokatuolit-6-kpl-valkoinen-kumipuu","status":"publish","type":"product","link":"https:\/\/www.otiumhome.fi\/index.php\/tuote\/ruokatuolit-6-kpl-valkoinen-kumipuu\/","title":{"rendered":"Ruokatuolit 6 kpl valkoinen kumipuu"},"content":{"rendered":"<p>T\u00e4m\u00e4 sarja koostuu kuudesta perinteisesti suunnitellusta ruokatuolista, joka on mahtava lis\u00e4 keitti\u00f6\u00f6si tai ruokasaliisi.<\/p>\n<\/p>\n<p>Py\u00f6ristetty selk\u00e4noja antaa niille maalaischarmia ja lis\u00e4\u00e4 istumamukavuutta, kun t\u00e4yskumipuinen rakenne tekee niist\u00e4 vakaat ja kest\u00e4v\u00e4t.<\/p>\n<\/p>\n<p>Toimitus sis\u00e4lt\u00e4\u00e4 6 tuolia.<\/p>\n<ul>\n<li>V\u00e4ri: valkoinen<\/li>\n<li>Materiaali: kumipuu<\/li>\n<li>Kokonaismitat: 46,5 x 52 x 94 cm (L x S x K)<\/li>\n<li>Istuimen leveys: 44,4 cm<\/li>\n<li>Istuimen syvyys: 42,7 cm<\/li>\n<li>Istuimen korkeus maasta: 46 cm<\/li>\n<li>Toimitus sis\u00e4lt\u00e4\u00e4 6 tuolia<\/li>\n<\/ul>\n","protected":false},"excerpt":{"rendered":"<ul>\n<li>V\u00e4ri: valkoinen<\/li>\n<li>Materiaali: kumipuu<\/li>\n<li>Kokonaismitat: 46,5 x 52 x 94 cm (L x S x K)<\/li>\n<li>Istuimen leveys: 44,4 cm<\/li>\n<li>Istuimen syvyys: 42,7 cm<\/li>\n<li>Istuimen korkeus maasta: 46 cm<\/li>\n<li>Toimitus sis\u00e4lt\u00e4\u00e4 6 tuolia<\/li>\n<\/ul>\n","protected":false},"featured_media":100000176715,"comment_status":"closed","ping_status":"closed","template":"","meta":[],"product_brand":[],"product_cat":[84,8542],"product_tag":[],"class_list":{"0":"post-176715","1":"product","2":"type-product","3":"status-publish","4":"has-post-thumbnail","6":"product_cat-huonekalut","7":"product_cat-keittion-ruokapoydan-tuolit","9":"first","10":"instock","11":"taxable","12":"shipping-taxable","13":"purchasable","14":"product-type-simple"},"_links":{"self":[{"href":"https:\/\/www.otiumhome.fi\/index.php\/wp-json\/wp\/v2\/product\/176715","targetHints":{"allow":["GET"]}}],"collection":[{"href":"https:\/\/www.otiumhome.fi\/index.php\/wp-json\/wp\/v2\/product"}],"about":[{"href":"https:\/\/www.otiumhome.fi\/index.php\/wp-json\/wp\/v2\/types\/product"}],"replies":[{"embeddable":true,"href":"https:\/\/www.otiumhome.fi\/index.php\/wp-json\/wp\/v2\/comments?post=176715"}],"wp:featuredmedia":[{"embeddable":true,"href":"https:\/\/www.otiumhome.fi\/index.php\/wp-json\/"}],"wp:attachment":[{"href":"https:\/\/www.otiumhome.fi\/index.php\/wp-json\/wp\/v2\/media?parent=176715"}],"wp:term":[{"taxonomy":"product_brand","embeddable":true,"href":"https:\/\/www.otiumhome.fi\/index.php\/wp-json\/wp\/v2\/product_brand?post=176715"},{"taxonomy":"product_cat","embeddable":true,"href":"https:\/\/www.otiumhome.fi\/index.php\/wp-json\/wp\/v2\/product_cat?post=176715"},{"taxonomy":"product_tag","embeddable":true,"href":"https:\/\/www.otiumhome.fi\/index.php\/wp-json\/wp\/v2\/product_tag?post=176715"}],"curies":[{"name":"wp","href":"https:\/\/api.w.org\/{rel}","templated":true}]}}