{"id":176686,"date":"2025-10-20T01:40:11","date_gmt":"2025-10-20T01:40:11","guid":{"rendered":"https:\/\/www.otiumhome.fi\/?p=176686"},"modified":"2025-10-20T22:17:51","modified_gmt":"2025-10-20T22:17:51","slug":"senkki-musta-55x34x75-cm-taysi-mangopuu-ja-rauta","status":"publish","type":"product","link":"https:\/\/www.otiumhome.fi\/index.php\/tuote\/senkki-musta-55x34x75-cm-taysi-mangopuu-ja-rauta\/","title":{"rendered":"Senkki musta 55x34x75 cm t\u00e4ysi mangopuu ja rauta"},"content":{"rendered":"<p>Harkkomuotoilullaan t\u00e4m\u00e4 puusenkki lis\u00e4\u00e4 teollista tyyli\u00e4 olohuoneeseesi.<\/p>\n<\/p>\n<ul>\n<li>T\u00e4ysi mangopuu: T\u00e4ysi mangopuu on luja trooppinen lehtipuu, josta valmistetaan tukevia kalusteita. Kauniit puunsyyt tekev\u00e4t jokaisesta kalusteesta hieman erilaisen kuin seuraavasta.<\/li>\n<li>Runsaasti s\u00e4ilytystilaa: Kaappi tarjoaa runsaasti s\u00e4ilytystilaa p\u00e4ivitt\u00e4istavaroiden hyv\u00e4ss\u00e4 j\u00e4rjestyksess\u00e4 ja helposti ulottuvilla pit\u00e4miseen.<\/li>\n<li>Esittelytoiminto: T\u00e4m\u00e4n sivukaapin yl\u00e4osa sopii erinomaisesti koriste-esineiden, valokuvakehysten tai pienten kasvien esille laittoon.<\/li>\n<li>Vakaat jalat: Kaapin vakaat jalat lis\u00e4\u00e4v\u00e4t sisustukseesi teollista tyyli\u00e4 ja takaavat vakauden.<\/li>\n<\/ul>\n<p>Hyv\u00e4 tiet\u00e4\u00e4:<\/p>\n<ul>\n<li>Jotta kokoaminen olisi mahdollisimman helppoa, jokainen tuote toimitetaan ohjekirjan kanssa.<\/li>\n<li>V\u00e4rit saattavat vaihdella kappaleesta toiseen, tehden jokaisesta kappaleesta ainutlaatuisen ja hieman erilaisen kuin muut. Toimitus on satunnainen, joka takaa tuotteesi ainutlaatuisuuden ja yksil\u00f6llisyyden.<\/li>\n<\/ul>\n<p>Varoitus:<\/p>\n<ul>\n<li>Kaatumisen est\u00e4miseksi t\u00e4t\u00e4 tuotetta on k\u00e4ytett\u00e4v\u00e4 mukana toimitettavan sein\u00e4kiinnityslaitteen kanssa.<\/li>\n<\/ul>\n<ul>\n<li>V\u00e4ri: Musta<\/li>\n<li>Materiaali: T\u00e4ysi mangopuu mustalla viimeistelyll\u00e4, jauhemaalattu rauta<\/li>\n<li>Mitat: 55 x 34 x 75 cm (L x S x K)<\/li>\n<li>Legal Documents:\n<p><span>Lis\u00e4tietoja huonekalujesi kaatumisen est\u00e4misest\u00e4 voit l\u00f6yt\u00e4\u00e4 <span style=\"text-decoration: underline\"><strong><a title=\"https:\/\/bit.ly\/3bVwkQp\" href=\"https:\/\/bit.ly\/3bVwkQp\" target=\"_blank\">t\u00e4\u00e4lt\u00e4<\/a><\/strong><\/span><\/span><\/p>\n<\/li>\n<\/ul>\n","protected":false},"excerpt":{"rendered":"<ul>\n<li>V\u00e4ri: Musta<\/li>\n<li>Materiaali: T\u00e4ysi mangopuu mustalla viimeistelyll\u00e4, jauhemaalattu rauta<\/li>\n<li>Mitat: 55 x 34 x 75 cm (L x S x K)<\/li>\n<li>Legal Documents:\n<p><span>Lis\u00e4tietoja huonekalujesi kaatumisen est\u00e4misest\u00e4 voit l\u00f6yt\u00e4\u00e4 <span style=\"text-decoration: underline\"><strong><a title=\"https:\/\/bit.ly\/3bVwkQp\" href=\"https:\/\/bit.ly\/3bVwkQp\" target=\"_blank\">t\u00e4\u00e4lt\u00e4<\/a><\/strong><\/span><\/span><\/p>\n<\/li>\n<\/ul>\n","protected":false},"featured_media":100000176686,"comment_status":"closed","ping_status":"closed","template":"","meta":[],"product_brand":[],"product_cat":[84],"product_tag":[],"class_list":{"0":"post-176686","1":"product","2":"type-product","3":"status-publish","4":"has-post-thumbnail","6":"product_cat-huonekalut","8":"first","9":"instock","10":"taxable","11":"shipping-taxable","12":"purchasable","13":"product-type-simple"},"_links":{"self":[{"href":"https:\/\/www.otiumhome.fi\/index.php\/wp-json\/wp\/v2\/product\/176686","targetHints":{"allow":["GET"]}}],"collection":[{"href":"https:\/\/www.otiumhome.fi\/index.php\/wp-json\/wp\/v2\/product"}],"about":[{"href":"https:\/\/www.otiumhome.fi\/index.php\/wp-json\/wp\/v2\/types\/product"}],"replies":[{"embeddable":true,"href":"https:\/\/www.otiumhome.fi\/index.php\/wp-json\/wp\/v2\/comments?post=176686"}],"wp:featuredmedia":[{"embeddable":true,"href":"https:\/\/www.otiumhome.fi\/index.php\/wp-json\/"}],"wp:attachment":[{"href":"https:\/\/www.otiumhome.fi\/index.php\/wp-json\/wp\/v2\/media?parent=176686"}],"wp:term":[{"taxonomy":"product_brand","embeddable":true,"href":"https:\/\/www.otiumhome.fi\/index.php\/wp-json\/wp\/v2\/product_brand?post=176686"},{"taxonomy":"product_cat","embeddable":true,"href":"https:\/\/www.otiumhome.fi\/index.php\/wp-json\/wp\/v2\/product_cat?post=176686"},{"taxonomy":"product_tag","embeddable":true,"href":"https:\/\/www.otiumhome.fi\/index.php\/wp-json\/wp\/v2\/product_tag?post=176686"}],"curies":[{"name":"wp","href":"https:\/\/api.w.org\/{rel}","templated":true}]}}