{"id":176684,"date":"2025-10-20T01:40:10","date_gmt":"2025-10-20T01:40:10","guid":{"rendered":"https:\/\/www.otiumhome.fi\/?p=176684"},"modified":"2025-10-20T22:03:09","modified_gmt":"2025-10-20T22:03:09","slug":"tv-taso-124x29x45-cm-taysi-mangopuu","status":"publish","type":"product","link":"https:\/\/www.otiumhome.fi\/index.php\/tuote\/tv-taso-124x29x45-cm-taysi-mangopuu\/","title":{"rendered":"TV-taso 124x29x45 cm t\u00e4ysi mangopuu"},"content":{"rendered":"<p>T\u00e4m\u00e4 tyylik\u00e4s TV-taso on huomiota her\u00e4tt\u00e4v\u00e4 lis\u00e4 sisustukseesi.<\/p>\n<\/p>\n<p>T\u00e4m\u00e4 TV-taso on valmistettu t\u00e4ydest\u00e4 mangopuusta, jolla on voimaa kest\u00e4\u00e4 painoa ja se my\u00f6s kest\u00e4\u00e4 ajan patinaa. Jauhemaalattujen rautaisten jalkojen ansiosta t\u00e4m\u00e4 kauniisti suunniteltu kaappi on vakaa, kest\u00e4v\u00e4 ja kerrassaan upea. TV-taso tarjoaa runsaasti tilaa multimedialaitteille, kirjoille ja muille esineille.<\/p>\n<ul>\n<li>V\u00e4ri: ruskea<\/li>\n<li>Materiaali: t\u00e4ysi mangopuu ruskealla viimeistelyll\u00e4, messinkiviimeistelty jauhemaalattu rauta<\/li>\n<li>Mitat: 124 x 29 x 45 cm (L x S x K)<\/li>\n<li>Viimeistely: hiottu, maalattu ja lakattu<\/li>\n<li>Kahdella ovella ja kahdella lokerolla<\/li>\n<li>Kokoonpano vaaditaan: Ei<\/li>\n<\/ul>\n","protected":false},"excerpt":{"rendered":"<ul>\n<li>V\u00e4ri: ruskea<\/li>\n<li>Materiaali: t\u00e4ysi mangopuu ruskealla viimeistelyll\u00e4, messinkiviimeistelty jauhemaalattu rauta<\/li>\n<li>Mitat: 124 x 29 x 45 cm (L x S x K)<\/li>\n<li>Viimeistely: hiottu, maalattu ja lakattu<\/li>\n<li>Kahdella ovella ja kahdella lokerolla<\/li>\n<li>Kokoonpano vaaditaan: Ei<\/li>\n<\/ul>\n","protected":false},"featured_media":100000176684,"comment_status":"closed","ping_status":"closed","template":"","meta":[],"product_brand":[],"product_cat":[84],"product_tag":[],"class_list":{"0":"post-176684","1":"product","2":"type-product","3":"status-publish","4":"has-post-thumbnail","6":"product_cat-huonekalut","8":"first","9":"instock","10":"taxable","11":"shipping-taxable","12":"purchasable","13":"product-type-simple"},"_links":{"self":[{"href":"https:\/\/www.otiumhome.fi\/index.php\/wp-json\/wp\/v2\/product\/176684","targetHints":{"allow":["GET"]}}],"collection":[{"href":"https:\/\/www.otiumhome.fi\/index.php\/wp-json\/wp\/v2\/product"}],"about":[{"href":"https:\/\/www.otiumhome.fi\/index.php\/wp-json\/wp\/v2\/types\/product"}],"replies":[{"embeddable":true,"href":"https:\/\/www.otiumhome.fi\/index.php\/wp-json\/wp\/v2\/comments?post=176684"}],"wp:featuredmedia":[{"embeddable":true,"href":"https:\/\/www.otiumhome.fi\/index.php\/wp-json\/"}],"wp:attachment":[{"href":"https:\/\/www.otiumhome.fi\/index.php\/wp-json\/wp\/v2\/media?parent=176684"}],"wp:term":[{"taxonomy":"product_brand","embeddable":true,"href":"https:\/\/www.otiumhome.fi\/index.php\/wp-json\/wp\/v2\/product_brand?post=176684"},{"taxonomy":"product_cat","embeddable":true,"href":"https:\/\/www.otiumhome.fi\/index.php\/wp-json\/wp\/v2\/product_cat?post=176684"},{"taxonomy":"product_tag","embeddable":true,"href":"https:\/\/www.otiumhome.fi\/index.php\/wp-json\/wp\/v2\/product_tag?post=176684"}],"curies":[{"name":"wp","href":"https:\/\/api.w.org\/{rel}","templated":true}]}}