{"id":176680,"date":"2025-10-20T01:24:52","date_gmt":"2025-10-20T01:24:52","guid":{"rendered":"https:\/\/www.otiumhome.fi\/?p=176680"},"modified":"2025-11-14T02:53:16","modified_gmt":"2025-11-14T02:53:16","slug":"senkki-kiintea-mangopuu-85x30x75-cm","status":"publish","type":"product","link":"https:\/\/www.otiumhome.fi\/index.php\/tuote\/senkki-kiintea-mangopuu-85x30x75-cm\/","title":{"rendered":"Senkki kiinte\u00e4 mangopuu 85x30x75 cm"},"content":{"rendered":"<p>Sivup\u00f6yt\u00e4 tulee olemaan ajaton lis\u00e4 sisustukseesi.<\/p>\n<\/p>\n<p>Mangopuusta valmistettu senkki on eritt\u00e4in vakaa ja kest\u00e4v\u00e4. Mangopuu on tihe\u00e4 ja lujatekoinen kovapuu, jonka pinnassa on kauniita ruskean ja kullanv\u00e4risi\u00e4 juovia ja \u00e4\u00e4riviivoja. Kaappi tarjoaa riitt\u00e4v\u00e4sti tilaa tavaroidesi j\u00e4rjestyksess\u00e4 pit\u00e4miseen. Senkki lis\u00e4\u00e4 hieman maalaistunnelmaa sisutukseesi. Jokainen ty\u00f6vaihe hiomisesta maalaukseen ja lakkaukseen on suoritettu eritt\u00e4in huolellisesti. Tuote on helppo koota.<\/p>\n<\/p>\n<p>T\u00e4rke\u00e4 huomio: V\u00e4rit ja pintakuviot saattavat vaihdella kappaleesta toiseen tehden jokaisesta kappaleesta ainutlaatuisen ja hieman erilaisen kuin muut; toimitus on satunnainen.<\/p>\n<ul>\n<li>Materiaali: t\u00e4ysi mangopuu<\/li>\n<li>Mitat: 85 x 30 x 75 cm (L x S x K)<\/li>\n<li>Reilusti s\u00e4ilytystilaa<\/li>\n<li>Hiottu, maalattu ja lakattu<\/li>\n<li>Helppo koota<\/li>\n<li>Varoitus: kaatumisen est\u00e4miseksi tuotetta on k\u00e4ytett\u00e4v\u00e4 mukana toimitetun sein\u00e4kiinnityslaitteen kanssa<\/li>\n<li>Legal Documents:\n<p><span>Lis\u00e4tietoja huonekalujesi kaatumisen est\u00e4misest\u00e4 voit l\u00f6yt\u00e4\u00e4 <span style=\"text-decoration: underline\"><strong><a title=\"https:\/\/bit.ly\/3bVwkQp\" href=\"https:\/\/bit.ly\/3bVwkQp\" target=\"_blank\">t\u00e4\u00e4lt\u00e4<\/a><\/strong><\/span><\/span><\/p>\n<\/li>\n<\/ul>\n","protected":false},"excerpt":{"rendered":"<ul>\n<li>Materiaali: t\u00e4ysi mangopuu<\/li>\n<li>Mitat: 85 x 30 x 75 cm (L x S x K)<\/li>\n<li>Reilusti s\u00e4ilytystilaa<\/li>\n<li>Hiottu, maalattu ja lakattu<\/li>\n<li>Helppo koota<\/li>\n<li>Varoitus: kaatumisen est\u00e4miseksi tuotetta on k\u00e4ytett\u00e4v\u00e4 mukana toimitetun sein\u00e4kiinnityslaitteen kanssa<\/li>\n<li>Legal Documents:\n<p><span>Lis\u00e4tietoja huonekalujesi kaatumisen est\u00e4misest\u00e4 voit l\u00f6yt\u00e4\u00e4 <span style=\"text-decoration: underline\"><strong><a title=\"https:\/\/bit.ly\/3bVwkQp\" href=\"https:\/\/bit.ly\/3bVwkQp\" target=\"_blank\">t\u00e4\u00e4lt\u00e4<\/a><\/strong><\/span><\/span><\/p>\n<\/li>\n<\/ul>\n","protected":false},"featured_media":100000176680,"comment_status":"closed","ping_status":"closed","template":"","meta":[],"product_brand":[],"product_cat":[84],"product_tag":[],"class_list":{"0":"post-176680","1":"product","2":"type-product","3":"status-publish","4":"has-post-thumbnail","6":"product_cat-huonekalut","8":"first","9":"instock","10":"taxable","11":"shipping-taxable","12":"purchasable","13":"product-type-simple"},"_links":{"self":[{"href":"https:\/\/www.otiumhome.fi\/index.php\/wp-json\/wp\/v2\/product\/176680","targetHints":{"allow":["GET"]}}],"collection":[{"href":"https:\/\/www.otiumhome.fi\/index.php\/wp-json\/wp\/v2\/product"}],"about":[{"href":"https:\/\/www.otiumhome.fi\/index.php\/wp-json\/wp\/v2\/types\/product"}],"replies":[{"embeddable":true,"href":"https:\/\/www.otiumhome.fi\/index.php\/wp-json\/wp\/v2\/comments?post=176680"}],"wp:featuredmedia":[{"embeddable":true,"href":"https:\/\/www.otiumhome.fi\/index.php\/wp-json\/"}],"wp:attachment":[{"href":"https:\/\/www.otiumhome.fi\/index.php\/wp-json\/wp\/v2\/media?parent=176680"}],"wp:term":[{"taxonomy":"product_brand","embeddable":true,"href":"https:\/\/www.otiumhome.fi\/index.php\/wp-json\/wp\/v2\/product_brand?post=176680"},{"taxonomy":"product_cat","embeddable":true,"href":"https:\/\/www.otiumhome.fi\/index.php\/wp-json\/wp\/v2\/product_cat?post=176680"},{"taxonomy":"product_tag","embeddable":true,"href":"https:\/\/www.otiumhome.fi\/index.php\/wp-json\/wp\/v2\/product_tag?post=176680"}],"curies":[{"name":"wp","href":"https:\/\/api.w.org\/{rel}","templated":true}]}}