{"id":176677,"date":"2025-10-20T01:24:51","date_gmt":"2025-10-20T01:24:51","guid":{"rendered":"https:\/\/www.otiumhome.fi\/?p=176677"},"modified":"2025-10-25T01:16:40","modified_gmt":"2025-10-25T01:16:40","slug":"lp-levyjen-sailytyskaappi-savutammi-121x38x48-cm-tekninen-puu","status":"publish","type":"product","link":"https:\/\/www.otiumhome.fi\/index.php\/tuote\/lp-levyjen-sailytyskaappi-savutammi-121x38x48-cm-tekninen-puu\/","title":{"rendered":"LP-levyjen s\u00e4ilytyskaappi savutammi 121x38x48 cm tekninen puu"},"content":{"rendered":"<p>S\u00e4ilyt\u00e4 ja esittele vinyylilevyj\u00e4si t\u00e4ss\u00e4 k\u00e4yt\u00e4nn\u00f6llisess\u00e4 ja klassisessa levykaapissa.<\/p>\n<\/p>\n<ul>\n<li>Kest\u00e4v\u00e4 materiaali: Tekninen puu on poikkeuksellisen laadukasta ja sile\u00e4pintaista. Se on luja, vakaa ja kosteudelle vastustuskykyinen.<\/li>\n<li>Runsaasti s\u00e4ilytystilaa: Tilava levysoitinkaappi tarjoaa runsaasti s\u00e4ilytystilaa LP-levyille ja pit\u00e4\u00e4 musiikkikokoelmasi hyv\u00e4ss\u00e4 j\u00e4rjestyksess\u00e4.<\/li>\n<li>Tukeva yl\u00e4taso: Vinyylilevykaapin tukeva yl\u00e4taso on ihanteellinen paikka levysoittimelle tai muille elektroniikkalaitteille.<\/li>\n<li>Useita toimintoja: T\u00e4t\u00e4 levykaappia voidaan k\u00e4ytt\u00e4\u00e4 my\u00f6s TV-tasona, sivukaappina olohuoneessa, tai arkistokaappina toimistossa ja ty\u00f6huoneessa.<\/li>\n<li>Puiset jalat: Puiset jalat antavat LP-levy kaapille luonnollisen ja miellytt\u00e4v\u00e4n ulkon\u00e4\u00f6n ja takaavat samalla sen vakauden.<\/li>\n<\/ul>\n<ul>\n<li>V\u00e4ri: savutammi<\/li>\n<li>Materiaali: Tekninen puu, t\u00e4ysi eukalyptuspuu<\/li>\n<li>Mitat: 121 x 38 x 48 cm (L x S x K)<\/li>\n<li>Asennus vaaditaan: kyll\u00e4<\/li>\n<\/ul>\n","protected":false},"excerpt":{"rendered":"<ul>\n<li>V\u00e4ri: savutammi<\/li>\n<li>Materiaali: Tekninen puu, t\u00e4ysi eukalyptuspuu<\/li>\n<li>Mitat: 121 x 38 x 48 cm (L x S x K)<\/li>\n<li>Asennus vaaditaan: kyll\u00e4<\/li>\n<\/ul>\n","protected":false},"featured_media":100000176677,"comment_status":"closed","ping_status":"closed","template":"","meta":[],"product_brand":[],"product_cat":[84],"product_tag":[],"class_list":{"0":"post-176677","1":"product","2":"type-product","3":"status-publish","4":"has-post-thumbnail","6":"product_cat-huonekalut","8":"first","9":"instock","10":"taxable","11":"shipping-taxable","12":"purchasable","13":"product-type-simple"},"_links":{"self":[{"href":"https:\/\/www.otiumhome.fi\/index.php\/wp-json\/wp\/v2\/product\/176677","targetHints":{"allow":["GET"]}}],"collection":[{"href":"https:\/\/www.otiumhome.fi\/index.php\/wp-json\/wp\/v2\/product"}],"about":[{"href":"https:\/\/www.otiumhome.fi\/index.php\/wp-json\/wp\/v2\/types\/product"}],"replies":[{"embeddable":true,"href":"https:\/\/www.otiumhome.fi\/index.php\/wp-json\/wp\/v2\/comments?post=176677"}],"wp:featuredmedia":[{"embeddable":true,"href":"https:\/\/www.otiumhome.fi\/index.php\/wp-json\/"}],"wp:attachment":[{"href":"https:\/\/www.otiumhome.fi\/index.php\/wp-json\/wp\/v2\/media?parent=176677"}],"wp:term":[{"taxonomy":"product_brand","embeddable":true,"href":"https:\/\/www.otiumhome.fi\/index.php\/wp-json\/wp\/v2\/product_brand?post=176677"},{"taxonomy":"product_cat","embeddable":true,"href":"https:\/\/www.otiumhome.fi\/index.php\/wp-json\/wp\/v2\/product_cat?post=176677"},{"taxonomy":"product_tag","embeddable":true,"href":"https:\/\/www.otiumhome.fi\/index.php\/wp-json\/wp\/v2\/product_tag?post=176677"}],"curies":[{"name":"wp","href":"https:\/\/api.w.org\/{rel}","templated":true}]}}