{"id":176582,"date":"2025-10-20T01:24:27","date_gmt":"2025-10-20T01:24:27","guid":{"rendered":"https:\/\/www.otiumhome.fi\/?p=176582"},"modified":"2025-10-20T22:47:32","modified_gmt":"2025-10-20T22:47:32","slug":"seinakaappi-valkoinen-68x30x20-cm-tekninen-puu","status":"publish","type":"product","link":"https:\/\/www.otiumhome.fi\/index.php\/tuote\/seinakaappi-valkoinen-68x30x20-cm-tekninen-puu\/","title":{"rendered":"Sein\u00e4kaappi valkoinen 68x30x20 cm tekninen puu"},"content":{"rendered":"<p>T\u00e4m\u00e4 sein\u00e4kaappi on upean elegantti. Se ei ole ainoastaan loistava ratkaisu vaatteillesi ja koristeillesi, se on my\u00f6s t\u00e4ydellinen koriste tyhj\u00e4lle sein\u00e4llesi muuttaen sen koristesein\u00e4ksi.<\/p>\n<\/p>\n<ul>\n<li>Tukeva materiaali: Tekninen puu on poikkeuksellisen laadukasta ja sile\u00e4pintaista. Se on my\u00f6s luja, vakaa ja kosteudelle vastustuskykyinen. <\/li>\n<li>Runsaasti s\u00e4ilytystilaa: Kelluvassa hyllyss\u00e4 on leve\u00e4 tila laatikoilla, joihin voit sijoittaa tavaroita, kuten kirjoja, jotta voit pit\u00e4\u00e4 ne siistiss\u00e4 j\u00e4rjestyksess\u00e4 ja k\u00e4tten ulottuvilla.<\/li>\n<li>Monipuolinen suunnittelu: Voit k\u00e4ytt\u00e4\u00e4 sein\u00e4kaappia TV-kaappina ja asentaa sen my\u00f6s ty\u00f6paikan sein\u00e4lle ty\u00f6kalujen tai muiden sekalaisten tavaroiden k\u00e4tev\u00e4\u00e4 s\u00e4ilytyst\u00e4 varten. Se muuntaa my\u00f6s tyhj\u00e4n sein\u00e4n sisustusominaisuudeksi.<\/li>\n<\/ul>\n<p>Huomioi:<\/p>\n<ul>\n<li>Sein\u00e4\u00e4n kiinnitett\u00e4v\u00e4t ruuvit ja tulpat eiv\u00e4t sis\u00e4lly toimitukseen. Etsi ja k\u00e4yt\u00e4 sein\u00e4\u00e4si sopivia ruuveja ja tulppia. Jos olet ep\u00e4varma, kysy ammattilaisen neuvoa. Lue ja seuraa asennusohjeiden jokaista vaihetta huolella.<\/li>\n<\/ul>\n<ul>\n<li>V\u00e4ri: Valkoinen<\/li>\n<li>Materiaali: tekninen puu<\/li>\n<li>Mitat: 68 x 30 x 20 cm (L x S x K)<\/li>\n<li>Maksimikantavuus (yhteens\u00e4): 60 kg<\/li>\n<li>Asennus vaaditaan: kyll\u00e4<\/li>\n<\/ul>\n","protected":false},"excerpt":{"rendered":"<ul>\n<li>V\u00e4ri: Valkoinen<\/li>\n<li>Materiaali: tekninen puu<\/li>\n<li>Mitat: 68 x 30 x 20 cm (L x S x K)<\/li>\n<li>Maksimikantavuus (yhteens\u00e4): 60 kg<\/li>\n<li>Asennus vaaditaan: kyll\u00e4<\/li>\n<\/ul>\n","protected":false},"featured_media":100000176582,"comment_status":"closed","ping_status":"closed","template":"","meta":[],"product_brand":[],"product_cat":[84],"product_tag":[],"class_list":{"0":"post-176582","1":"product","2":"type-product","3":"status-publish","4":"has-post-thumbnail","6":"product_cat-huonekalut","8":"first","9":"instock","10":"taxable","11":"shipping-taxable","12":"purchasable","13":"product-type-simple"},"_links":{"self":[{"href":"https:\/\/www.otiumhome.fi\/index.php\/wp-json\/wp\/v2\/product\/176582","targetHints":{"allow":["GET"]}}],"collection":[{"href":"https:\/\/www.otiumhome.fi\/index.php\/wp-json\/wp\/v2\/product"}],"about":[{"href":"https:\/\/www.otiumhome.fi\/index.php\/wp-json\/wp\/v2\/types\/product"}],"replies":[{"embeddable":true,"href":"https:\/\/www.otiumhome.fi\/index.php\/wp-json\/wp\/v2\/comments?post=176582"}],"wp:featuredmedia":[{"embeddable":true,"href":"https:\/\/www.otiumhome.fi\/index.php\/wp-json\/"}],"wp:attachment":[{"href":"https:\/\/www.otiumhome.fi\/index.php\/wp-json\/wp\/v2\/media?parent=176582"}],"wp:term":[{"taxonomy":"product_brand","embeddable":true,"href":"https:\/\/www.otiumhome.fi\/index.php\/wp-json\/wp\/v2\/product_brand?post=176582"},{"taxonomy":"product_cat","embeddable":true,"href":"https:\/\/www.otiumhome.fi\/index.php\/wp-json\/wp\/v2\/product_cat?post=176582"},{"taxonomy":"product_tag","embeddable":true,"href":"https:\/\/www.otiumhome.fi\/index.php\/wp-json\/wp\/v2\/product_tag?post=176582"}],"curies":[{"name":"wp","href":"https:\/\/api.w.org\/{rel}","templated":true}]}}