{"id":176300,"date":"2025-10-15T02:20:34","date_gmt":"2025-10-15T02:20:34","guid":{"rendered":"https:\/\/www.otiumhome.fi\/?p=176300"},"modified":"2025-10-20T04:51:59","modified_gmt":"2025-10-20T04:51:59","slug":"sangynrunko-75x190-cm-small-single-taysi-puu","status":"publish","type":"product","link":"https:\/\/www.otiumhome.fi\/index.php\/tuote\/sangynrunko-75x190-cm-small-single-taysi-puu\/","title":{"rendered":"S\u00e4ngynrunko 75&#215;190 cm Small Single t\u00e4ysi puu"},"content":{"rendered":"<p>Yksinkertaisen ajaton s\u00e4ngynrunko on k\u00e4yt\u00e4nn\u00f6llinen sek\u00e4 koristeellinen lis\u00e4 makuuhuoneeseesi.<\/p>\n<\/p>\n<ul>\n<li>Ensiluokkainen materiaali: T\u00e4ysi m\u00e4nty on kaunis luonnollinen materiaali. K\u00e4sittele pinta \u00f6ljyll\u00e4, vahalla, lakalla tai lasitteella vahvemman pinnan ja helpon puhdistuksen aikaansaamiseksi. M\u00e4ntypuulla on suorat puunsyyt, sen oksanpaikat antavat materiaalille sen ominaisen, rustiikkisen ilmeen<\/li>\n<li>Tukeva ja vakaa runko: Puurunko takaa tukevuuden ja vakauden. S\u00e4leet tarjoavat lis\u00e4tukea s\u00e4ngylle. Se pident\u00e4\u00e4 patjasi k\u00e4ytt\u00f6ik\u00e4\u00e4 ottamalla vastaan suurimman osan s\u00e4ngyn painosta ja rasituksesta.<\/li>\n<li>Huomiota her\u00e4tt\u00e4v\u00e4 muotoilu: P\u00e4\u00e4dyn suunnittelu on sek\u00e4 koristeellinen ett\u00e4 k\u00e4yt\u00e4nn\u00f6llinen. Se lis\u00e4\u00e4 uniikkia tyyli\u00e4 ja mukavuutta.<\/li>\n<\/ul>\n<p>Hyv\u00e4 tiet\u00e4\u00e4:<\/p>\n<ul>\n<li>Patja ei sis\u00e4lly toimitukseen. Voit etsi\u00e4 myym\u00e4l\u00e4st\u00e4mme sopivia patjoja.<\/li>\n<li>Jotkut s\u00e4ngynp\u00e4\u00e4dyn osat on pakattu s\u00e4ngynrungon laatikoihin tilarajoitusten vuoksi.<\/li>\n<li>T\u00e4m\u00e4 s\u00e4ngynrunko sopii patjalle, jonka mitat ovat 75 x 190 cm (2FT6 Small Single).<\/li>\n<\/ul>\n<ul>\n<li>Materiaali: t\u00e4ysi m\u00e4nty (k\u00e4sittelem\u00e4t\u00f6n)<\/li>\n<li>S\u00e4ngynrungon kokonaismitat: 195,5 x 81 x 100 cm (P x L x K)<\/li>\n<li>Sopiva patjan koko: 75 x 190 cm (L x P) (Patja ei sis\u00e4lly tilaukseen)<\/li>\n<li>Mitat: 81 x 4 x 100 cm (L x S x K)<\/li>\n<li>Asennus vaaditaan: kyll\u00e4<\/li>\n<li><strong>Toimitus sis\u00e4lt\u00e4\u00e4:<\/strong><\/li>\n<li>1 x s\u00e4ngyn runko<\/li>\n<li>1 x P\u00e4\u00e4tylevy<\/li>\n<\/ul>\n","protected":false},"excerpt":{"rendered":"<ul>\n<li>Materiaali: t\u00e4ysi m\u00e4nty (k\u00e4sittelem\u00e4t\u00f6n)<\/li>\n<li>S\u00e4ngynrungon kokonaismitat: 195,5 x 81 x 100 cm (P x L x K)<\/li>\n<li>Sopiva patjan koko: 75 x 190 cm (L x P) (Patja ei sis\u00e4lly tilaukseen)<\/li>\n<li>Mitat: 81 x 4 x 100 cm (L x S x K)<\/li>\n<li>Asennus vaaditaan: kyll\u00e4<\/li>\n<li><strong>Toimitus sis\u00e4lt\u00e4\u00e4:<\/strong><\/li>\n<li>1 x s\u00e4ngyn runko<\/li>\n<li>1 x P\u00e4\u00e4tylevy<\/li>\n<\/ul>\n","protected":false},"featured_media":100000176300,"comment_status":"closed","ping_status":"closed","template":"","meta":[],"product_brand":[],"product_cat":[84,8638],"product_tag":[],"class_list":{"0":"post-176300","1":"product","2":"type-product","3":"status-publish","4":"has-post-thumbnail","6":"product_cat-huonekalut","7":"product_cat-sangyt-sangynrungot","9":"first","10":"instock","11":"taxable","12":"shipping-taxable","13":"purchasable","14":"product-type-simple"},"_links":{"self":[{"href":"https:\/\/www.otiumhome.fi\/index.php\/wp-json\/wp\/v2\/product\/176300","targetHints":{"allow":["GET"]}}],"collection":[{"href":"https:\/\/www.otiumhome.fi\/index.php\/wp-json\/wp\/v2\/product"}],"about":[{"href":"https:\/\/www.otiumhome.fi\/index.php\/wp-json\/wp\/v2\/types\/product"}],"replies":[{"embeddable":true,"href":"https:\/\/www.otiumhome.fi\/index.php\/wp-json\/wp\/v2\/comments?post=176300"}],"wp:featuredmedia":[{"embeddable":true,"href":"https:\/\/www.otiumhome.fi\/index.php\/wp-json\/"}],"wp:attachment":[{"href":"https:\/\/www.otiumhome.fi\/index.php\/wp-json\/wp\/v2\/media?parent=176300"}],"wp:term":[{"taxonomy":"product_brand","embeddable":true,"href":"https:\/\/www.otiumhome.fi\/index.php\/wp-json\/wp\/v2\/product_brand?post=176300"},{"taxonomy":"product_cat","embeddable":true,"href":"https:\/\/www.otiumhome.fi\/index.php\/wp-json\/wp\/v2\/product_cat?post=176300"},{"taxonomy":"product_tag","embeddable":true,"href":"https:\/\/www.otiumhome.fi\/index.php\/wp-json\/wp\/v2\/product_tag?post=176300"}],"curies":[{"name":"wp","href":"https:\/\/api.w.org\/{rel}","templated":true}]}}