{"id":176071,"date":"2025-10-15T01:02:34","date_gmt":"2025-10-15T01:02:34","guid":{"rendered":"https:\/\/www.otiumhome.fi\/?p=176071"},"modified":"2025-12-14T06:29:28","modified_gmt":"2025-12-14T06:29:28","slug":"kylpyhuoneen-pesualtaan-runko-pesualtaalla-musta-rauta","status":"publish","type":"product","link":"https:\/\/www.otiumhome.fi\/index.php\/tuote\/kylpyhuoneen-pesualtaan-runko-pesualtaalla-musta-rauta\/","title":{"rendered":"Kylpyhuoneen pesualtaan runko pesualtaalla musta rauta"},"content":{"rendered":"<p>T\u00e4m\u00e4 kylpyhuoneen pesualtaan runko pesualtaalla sopii t\u00e4ydellisesti kylpy- tai pesuhuoneeseesi puhtaalla, siistill\u00e4 tyylill\u00e4\u00e4n.<\/p>\n<\/p>\n<p>Pesualtaan runko on valmistettu jauhemaalatusta raudasta, joten se on vakaa ja kest\u00e4v\u00e4. Pesualtaan runko antaa helpon p\u00e4\u00e4syn pyyhkeisiin ja koreihin, ja se luo my\u00f6s enemm\u00e4n tilaa kuin suljettu s\u00e4ilytystila. Keraamista valmistettu pesuallas ei ole vain p\u00e4ivitt\u00e4inen k\u00e4ytt\u00f6esine vaan my\u00f6s koriste elintilaasi. Modernin ja trendikk\u00e4\u00e4n suunnittelun ansiosta t\u00e4m\u00e4 pesuallas sopii taatusti mihin tahansa sisustukseen. Mukana on my\u00f6s ylivuoto, jotta liika vesi p\u00e4\u00e4see virtaamaan pois. Sen lasitettu pinta tuo siihen modernia eleganssia. Lis\u00e4ksi pesualtaan rungon ja pesualtaan puhdistaminen k\u00e4y helposti kostealla liinalla.<\/p>\n<\/p>\n<p>Ole hyv\u00e4 ja ota huomioon: hana ja viem\u00e4ri eiv\u00e4t sis\u00e4lly toimitukseen.<\/p>\n<ul>\n<li><strong>Pesualtaan runko:<\/strong><\/li>\n<li>V\u00e4ri: musta<\/li>\n<li>Materiaali: jauhemaalattu rauta<\/li>\n<li>Kokonaismitat: 40 x 38 x 83 cm (P x L x K)<\/li>\n<li>Putken paksuus: 0,8 mm<\/li>\n<li><strong>Sis\u00e4\u00e4nrakennettu pesuallas:<\/strong><\/li>\n<li>V\u00e4ri: valkoinen<\/li>\n<li>Materiaali: keramiikka<\/li>\n<li>Kokonaismitat: 42 x 39 x 18 cm (P x L x K)<\/li>\n<li>Keraamisen reunan paksuus: 4 cm<\/li>\n<li>Viem\u00e4riaukon halkaisija: 4,5 cm<\/li>\n<li>Sis\u00e4lt\u00e4\u00e4 ylivuotoaukon<\/li>\n<li>Asennus vaaditaan: kyll\u00e4<\/li>\n<li><strong>VAROITUS: <\/strong>Kaatumisen est\u00e4miseksi t\u00e4t\u00e4 tuotetta on k\u00e4ytett\u00e4v\u00e4 mukana toimitetun sein\u00e4kiinnityslaitteen kanssa.<\/li>\n<li><strong>Toimitus sis\u00e4lt\u00e4\u00e4:<\/strong><\/li>\n<li>1 x pesualtaan runko<\/li>\n<li>1 x sis\u00e4\u00e4nrakennettu pesuallas<\/li>\n<li>Legal Documents:\n<p><span>Lis\u00e4tietoja huonekalujesi kaatumisen est\u00e4misest\u00e4 voit l\u00f6yt\u00e4\u00e4 <span style=\"text-decoration: underline\"><strong><a title=\"https:\/\/bit.ly\/3bVwkQp\" href=\"https:\/\/bit.ly\/3bVwkQp\" target=\"_blank\">t\u00e4\u00e4lt\u00e4<\/a><\/strong><\/span><\/span><\/p>\n<\/li>\n<\/ul>\n","protected":false},"excerpt":{"rendered":"<ul>\n<li><strong>Pesualtaan runko:<\/strong><\/li>\n<li>V\u00e4ri: musta<\/li>\n<li>Materiaali: jauhemaalattu rauta<\/li>\n<li>Kokonaismitat: 40 x 38 x 83 cm (P x L x K)<\/li>\n<li>Putken paksuus: 0,8 mm<\/li>\n<li><strong>Sis\u00e4\u00e4nrakennettu pesuallas:<\/strong><\/li>\n<li>V\u00e4ri: valkoinen<\/li>\n<li>Materiaali: keramiikka<\/li>\n<li>Kokonaismitat: 42 x 39 x 18 cm (P x L x K)<\/li>\n<li>Keraamisen reunan paksuus: 4 cm<\/li>\n<li>Viem\u00e4riaukon halkaisija: 4,5 cm<\/li>\n<li>Sis\u00e4lt\u00e4\u00e4 ylivuotoaukon<\/li>\n<li>Asennus vaaditaan: kyll\u00e4<\/li>\n<li><strong>VAROITUS: <\/strong>Kaatumisen est\u00e4miseksi t\u00e4t\u00e4 tuotetta on k\u00e4ytett\u00e4v\u00e4 mukana toimitetun sein\u00e4kiinnityslaitteen kanssa.<\/li>\n<li><strong>Toimitus sis\u00e4lt\u00e4\u00e4:<\/strong><\/li>\n<li>1 x pesualtaan runko<\/li>\n<li>1 x sis\u00e4\u00e4nrakennettu pesuallas<\/li>\n<li>Legal Documents:\n<p><span>Lis\u00e4tietoja huonekalujesi kaatumisen est\u00e4misest\u00e4 voit l\u00f6yt\u00e4\u00e4 <span style=\"text-decoration: underline\"><strong><a title=\"https:\/\/bit.ly\/3bVwkQp\" href=\"https:\/\/bit.ly\/3bVwkQp\" target=\"_blank\">t\u00e4\u00e4lt\u00e4<\/a><\/strong><\/span><\/span><\/p>\n<\/li>\n<\/ul>\n","protected":false},"featured_media":100000176071,"comment_status":"closed","ping_status":"closed","template":"","meta":[],"product_brand":[],"product_cat":[84,8561,8562],"product_tag":[],"class_list":{"0":"post-176071","1":"product","2":"type-product","3":"status-publish","4":"has-post-thumbnail","6":"product_cat-huonekalut","7":"product_cat-kampauspoydat","8":"product_cat-kylpyhuoneen-kampauspoydat","10":"first","11":"instock","12":"taxable","13":"shipping-taxable","14":"purchasable","15":"product-type-simple"},"_links":{"self":[{"href":"https:\/\/www.otiumhome.fi\/index.php\/wp-json\/wp\/v2\/product\/176071","targetHints":{"allow":["GET"]}}],"collection":[{"href":"https:\/\/www.otiumhome.fi\/index.php\/wp-json\/wp\/v2\/product"}],"about":[{"href":"https:\/\/www.otiumhome.fi\/index.php\/wp-json\/wp\/v2\/types\/product"}],"replies":[{"embeddable":true,"href":"https:\/\/www.otiumhome.fi\/index.php\/wp-json\/wp\/v2\/comments?post=176071"}],"wp:featuredmedia":[{"embeddable":true,"href":"https:\/\/www.otiumhome.fi\/index.php\/wp-json\/"}],"wp:attachment":[{"href":"https:\/\/www.otiumhome.fi\/index.php\/wp-json\/wp\/v2\/media?parent=176071"}],"wp:term":[{"taxonomy":"product_brand","embeddable":true,"href":"https:\/\/www.otiumhome.fi\/index.php\/wp-json\/wp\/v2\/product_brand?post=176071"},{"taxonomy":"product_cat","embeddable":true,"href":"https:\/\/www.otiumhome.fi\/index.php\/wp-json\/wp\/v2\/product_cat?post=176071"},{"taxonomy":"product_tag","embeddable":true,"href":"https:\/\/www.otiumhome.fi\/index.php\/wp-json\/wp\/v2\/product_tag?post=176071"}],"curies":[{"name":"wp","href":"https:\/\/api.w.org\/{rel}","templated":true}]}}