{"id":175995,"date":"2025-10-15T00:45:44","date_gmt":"2025-10-15T00:45:44","guid":{"rendered":"https:\/\/www.otiumhome.fi\/?p=175995"},"modified":"2025-12-14T06:23:32","modified_gmt":"2025-12-14T06:23:32","slug":"kylpyhuoneen-allaskaappi-altaalla-kasityolainen-tammi","status":"publish","type":"product","link":"https:\/\/www.otiumhome.fi\/index.php\/tuote\/kylpyhuoneen-allaskaappi-altaalla-kasityolainen-tammi\/","title":{"rendered":"Kylpyhuoneen allaskaappi altaalla k\u00e4sity\u00f6l\u00e4inen tammi"},"content":{"rendered":"<p>T\u00e4m\u00e4 tyylik\u00e4s allaskaappi sis\u00e4\u00e4nrakennetulla altaalla sis\u00e4lt\u00e4\u00e4 suuren s\u00e4ilytystilan ja on loistava lis\u00e4 kylpyhuoneeseesi antaen sille siistin ja huomiota her\u00e4tt\u00e4v\u00e4n ulkon\u00e4\u00f6n!<\/p>\n<ul>\n<li>Pitk\u00e4ik\u00e4inen materiaali: Tekninen puu on poikkeuksellisen laadukasta ja sile\u00e4pintaista. Se on luja, vakaa ja kosteudelle vastustuskykyinen.<\/li>\n<li>Runsaasti s\u00e4ilytystilaa: Kylpyhuoneen pesuallaskaappi tarjoaa runsaasti tilaa t\u00e4rkeille hygienia- ja kylpytuotteillesi, kuten saippuoille, shampoille, hammastahnalle, jne.<\/li>\n<li>Tilaa s\u00e4\u00e4st\u00e4v\u00e4 muotoilu: Kylpyhuonekaapin yl\u00e4taso on ihanteellinen pesualtaan sijoittamiseksi, joten voit hy\u00f6dynt\u00e4\u00e4 pesualtaan alla olevan tilan kokonaisuudessaan.<\/li>\n<li>Sein\u00e4kiinnitystoiminto: Kylpyhuoneen kaappi voidaan asentaa sein\u00e4lle lis\u00e4s\u00e4ilytystilan saamiseksi. T\u00e4ll\u00e4 tavalla voit maksimoida lattiatilasi ja pit\u00e4\u00e4 alueen siistin\u00e4.<\/li>\n<li>Helppo huoltaa: Sile\u00e4n pinnan ansiosta kylpyhuoneen kaappi on helppo puhdistaa kostealla liinalla ja se tarvitsee vain v\u00e4h\u00e4ist\u00e4 huoltoa.<\/li>\n<\/ul>\n<p>Hyv\u00e4 tiet\u00e4\u00e4:<\/p>\n<ul>\n<li>Sein\u00e4\u00e4n kiinnitett\u00e4v\u00e4t ruuvit ja tulpat eiv\u00e4t sis\u00e4lly toimitukseen. Suosittelemme etsim\u00e4\u00e4n ja k\u00e4ytt\u00e4m\u00e4\u00e4n sein\u00e4\u00e4si sopivia ruuveja ja tulppia. Jos olet ep\u00e4varma, kysy ammattilaisen neuvoa. Lue ja noudata ohjeiden jokaista vaihetta.<\/li>\n<\/ul>\n<ul>\n<li>Asennus vaaditaan: Kyll\u00e4<\/li>\n<li><strong>Kylpyhuoneen allaskaappi:<\/strong><\/li>\n<li>V\u00e4ri: artisaanitammi<\/li>\n<li>Materiaali: Tekninen puu<\/li>\n<li>Mitat: 90 x 38,5 x 46 cm (L x S x K)<\/li>\n<li>Maksimipainokapasiteetti (yhteens\u00e4): 60 kg<\/li>\n<li><strong>Sis\u00e4\u00e4nrakennettu pesuallas:<\/strong><\/li>\n<li>V\u00e4ri: Valkoinen<\/li>\n<li>Materiaali: Keramiikka<\/li>\n<li>Kokonaismitat: 91 x 39,5 x 18,5 cm (P x L x K)<\/li>\n<li>Keraamisen reunan paksuus: 4 cm<\/li>\n<li>Viem\u00e4riaukon halkaisija: 4,5 cm<\/li>\n<li>Sis\u00e4lt\u00e4\u00e4 ylivuotoaukon<\/li>\n<li><strong>Toimitus sis\u00e4lt\u00e4\u00e4:<\/strong><\/li>\n<li>1 x Kylpyhuoneen allaskaappi<\/li>\n<li>1 x sis\u00e4\u00e4nrakennettu pesuallas<\/li>\n<\/ul>\n","protected":false},"excerpt":{"rendered":"<ul>\n<li>Asennus vaaditaan: Kyll\u00e4<\/li>\n<li><strong>Kylpyhuoneen allaskaappi:<\/strong><\/li>\n<li>V\u00e4ri: artisaanitammi<\/li>\n<li>Materiaali: Tekninen puu<\/li>\n<li>Mitat: 90 x 38,5 x 46 cm (L x S x K)<\/li>\n<li>Maksimipainokapasiteetti (yhteens\u00e4): 60 kg<\/li>\n<li><strong>Sis\u00e4\u00e4nrakennettu pesuallas:<\/strong><\/li>\n<li>V\u00e4ri: Valkoinen<\/li>\n<li>Materiaali: Keramiikka<\/li>\n<li>Kokonaismitat: 91 x 39,5 x 18,5 cm (P x L x K)<\/li>\n<li>Keraamisen reunan paksuus: 4 cm<\/li>\n<li>Viem\u00e4riaukon halkaisija: 4,5 cm<\/li>\n<li>Sis\u00e4lt\u00e4\u00e4 ylivuotoaukon<\/li>\n<li><strong>Toimitus sis\u00e4lt\u00e4\u00e4:<\/strong><\/li>\n<li>1 x Kylpyhuoneen allaskaappi<\/li>\n<li>1 x sis\u00e4\u00e4nrakennettu pesuallas<\/li>\n<\/ul>\n","protected":false},"featured_media":100000175995,"comment_status":"closed","ping_status":"closed","template":"","meta":[],"product_brand":[],"product_cat":[84,8560],"product_tag":[],"class_list":{"0":"post-175995","1":"product","2":"type-product","3":"status-publish","4":"has-post-thumbnail","6":"product_cat-huonekalut","7":"product_cat-kylpyhuoneen-kalusteet","9":"first","10":"instock","11":"taxable","12":"shipping-taxable","13":"purchasable","14":"product-type-simple"},"_links":{"self":[{"href":"https:\/\/www.otiumhome.fi\/index.php\/wp-json\/wp\/v2\/product\/175995","targetHints":{"allow":["GET"]}}],"collection":[{"href":"https:\/\/www.otiumhome.fi\/index.php\/wp-json\/wp\/v2\/product"}],"about":[{"href":"https:\/\/www.otiumhome.fi\/index.php\/wp-json\/wp\/v2\/types\/product"}],"replies":[{"embeddable":true,"href":"https:\/\/www.otiumhome.fi\/index.php\/wp-json\/wp\/v2\/comments?post=175995"}],"wp:featuredmedia":[{"embeddable":true,"href":"https:\/\/www.otiumhome.fi\/index.php\/wp-json\/"}],"wp:attachment":[{"href":"https:\/\/www.otiumhome.fi\/index.php\/wp-json\/wp\/v2\/media?parent=175995"}],"wp:term":[{"taxonomy":"product_brand","embeddable":true,"href":"https:\/\/www.otiumhome.fi\/index.php\/wp-json\/wp\/v2\/product_brand?post=175995"},{"taxonomy":"product_cat","embeddable":true,"href":"https:\/\/www.otiumhome.fi\/index.php\/wp-json\/wp\/v2\/product_cat?post=175995"},{"taxonomy":"product_tag","embeddable":true,"href":"https:\/\/www.otiumhome.fi\/index.php\/wp-json\/wp\/v2\/product_tag?post=175995"}],"curies":[{"name":"wp","href":"https:\/\/api.w.org\/{rel}","templated":true}]}}