{"id":175907,"date":"2025-10-15T00:35:47","date_gmt":"2025-10-15T00:35:47","guid":{"rendered":"https:\/\/www.otiumhome.fi\/?p=175907"},"modified":"2025-10-15T08:55:25","modified_gmt":"2025-10-15T08:55:25","slug":"jakkarat-2-kpl-taysi-tiikki","status":"publish","type":"product","link":"https:\/\/www.otiumhome.fi\/index.php\/tuote\/jakkarat-2-kpl-taysi-tiikki\/","title":{"rendered":"Jakkarat 2 kpl t\u00e4ysi tiikki"},"content":{"rendered":"<p>Lis\u00e4\u00e4 maalaismaista vieh\u00e4tysvoimaa sisustukseesi tyylikk\u00e4\u00e4ll\u00e4 t\u00e4yspuisella jakkaralla!<\/p>\n<\/p>\n<p>Eritt\u00e4in kest\u00e4v\u00e4st\u00e4 tiikkikovapuusta valmistettu huonekalu on uunikuivattu ja hienohiottu sile\u00e4n pinnan saamiseksi. Tiikki tunnetaan poikkeuksellisesta lujuudestaan ja se on t\u00e4ydellinen valinta, jotta saat pitk\u00e4\u00e4n kest\u00e4v\u00e4n huonekalun. Jalat on valmistettu kest\u00e4v\u00e4st\u00e4 raudasta, joka tekee niist\u00e4 vankat ja helposti puhdistettavat. Toimituksessa mukana kaksi jakkaraa.<\/p>\n<\/p>\n<p>T\u00e4rke\u00e4 huomio: V\u00e4rit ja pintakuviot vaihtelevat kappaleittain, mik\u00e4 tekee jokaisesta jakkarasta ainutlaatuisen; toimitus on sattumanvarainen.<\/p>\n<ul>\n<li>Materiaali: hienohiottu tiikkikovapuu tiikki\u00f6ljy pinnoitettu + jauhemaalatut rautajalat<\/li>\n<li>Kokonaismitat: 40 x 40 x 46 cm (L x S x K)<\/li>\n<li>Toimitus sis\u00e4lt\u00e4\u00e4 2 jakkaraa<\/li>\n<\/ul>\n","protected":false},"excerpt":{"rendered":"<ul>\n<li>Materiaali: hienohiottu tiikkikovapuu tiikki\u00f6ljy pinnoitettu + jauhemaalatut rautajalat<\/li>\n<li>Kokonaismitat: 40 x 40 x 46 cm (L x S x K)<\/li>\n<li>Toimitus sis\u00e4lt\u00e4\u00e4 2 jakkaraa<\/li>\n<\/ul>\n","protected":false},"featured_media":100000175907,"comment_status":"closed","ping_status":"closed","template":"","meta":[],"product_brand":[],"product_cat":[84,8558],"product_tag":[],"class_list":{"0":"post-175907","1":"product","2":"type-product","3":"status-publish","4":"has-post-thumbnail","6":"product_cat-huonekalut","7":"product_cat-kokoontaitettavat-tuolit-jakkarat","9":"first","10":"instock","11":"taxable","12":"shipping-taxable","13":"purchasable","14":"product-type-simple"},"_links":{"self":[{"href":"https:\/\/www.otiumhome.fi\/index.php\/wp-json\/wp\/v2\/product\/175907","targetHints":{"allow":["GET"]}}],"collection":[{"href":"https:\/\/www.otiumhome.fi\/index.php\/wp-json\/wp\/v2\/product"}],"about":[{"href":"https:\/\/www.otiumhome.fi\/index.php\/wp-json\/wp\/v2\/types\/product"}],"replies":[{"embeddable":true,"href":"https:\/\/www.otiumhome.fi\/index.php\/wp-json\/wp\/v2\/comments?post=175907"}],"wp:featuredmedia":[{"embeddable":true,"href":"https:\/\/www.otiumhome.fi\/index.php\/wp-json\/"}],"wp:attachment":[{"href":"https:\/\/www.otiumhome.fi\/index.php\/wp-json\/wp\/v2\/media?parent=175907"}],"wp:term":[{"taxonomy":"product_brand","embeddable":true,"href":"https:\/\/www.otiumhome.fi\/index.php\/wp-json\/wp\/v2\/product_brand?post=175907"},{"taxonomy":"product_cat","embeddable":true,"href":"https:\/\/www.otiumhome.fi\/index.php\/wp-json\/wp\/v2\/product_cat?post=175907"},{"taxonomy":"product_tag","embeddable":true,"href":"https:\/\/www.otiumhome.fi\/index.php\/wp-json\/wp\/v2\/product_tag?post=175907"}],"curies":[{"name":"wp","href":"https:\/\/api.w.org\/{rel}","templated":true}]}}