{"id":175904,"date":"2025-10-15T00:35:20","date_gmt":"2025-10-15T00:35:20","guid":{"rendered":"https:\/\/www.otiumhome.fi\/?p=175904"},"modified":"2025-10-15T09:55:49","modified_gmt":"2025-10-15T09:55:49","slug":"kulmapoyta-4-hyllylla-tammi","status":"publish","type":"product","link":"https:\/\/www.otiumhome.fi\/index.php\/tuote\/kulmapoyta-4-hyllylla-tammi\/","title":{"rendered":"Kulmap\u00f6yt\u00e4 4 hyllyll\u00e4 Tammi"},"content":{"rendered":"<p>T\u00e4m\u00e4 tyylik\u00e4s, k\u00e4yt\u00e4nn\u00f6llinen toimistop\u00f6yt\u00e4 on upea lis\u00e4 mihin tahansa kotiin tai toimistoon.<\/p>\n<\/p>\n<p>T\u00e4ss\u00e4 modernissa tietokonep\u00f6yd\u00e4ss\u00e4 on 1 p\u00f6yt\u00e4 ja 1 kirjahylly 4:ll\u00e4 hyllyll\u00e4. Se voidaan koota p\u00f6yd\u00e4ksi kirjahyllyll\u00e4 tai L-muotoiseksi p\u00f6yd\u00e4ksi. Helppo koota. T\u00e4m\u00e4 kulmap\u00f6yt\u00e4 on valmistettu laadukkaista materiaaleista, siksi se on vakaa ja kest\u00e4v\u00e4. Kaapissa on 4 hylly\u00e4 ja reilusti varastotilaa.<\/p>\n<ul>\n<li>V\u00e4ri: tammi<\/li>\n<li>Materiaali: tekninen puu<\/li>\n<li>P\u00f6yd\u00e4n mitat: 130 x 60 x 75 cm (P x L x K)<\/li>\n<li>Kirjahyllyn mitat: 126 x 28 x 69 cm (L x S x K)<\/li>\n<\/ul>\n","protected":false},"excerpt":{"rendered":"<ul>\n<li>V\u00e4ri: tammi<\/li>\n<li>Materiaali: tekninen puu<\/li>\n<li>P\u00f6yd\u00e4n mitat: 130 x 60 x 75 cm (P x L x K)<\/li>\n<li>Kirjahyllyn mitat: 126 x 28 x 69 cm (L x S x K)<\/li>\n<\/ul>\n","protected":false},"featured_media":100000175904,"comment_status":"closed","ping_status":"closed","template":"","meta":[],"product_brand":[],"product_cat":[84,8551],"product_tag":[],"class_list":{"0":"post-175904","1":"product","2":"type-product","3":"status-publish","4":"has-post-thumbnail","6":"product_cat-huonekalut","7":"product_cat-kirjoituspoydat","9":"first","10":"outofstock","11":"taxable","12":"shipping-taxable","13":"purchasable","14":"product-type-simple"},"_links":{"self":[{"href":"https:\/\/www.otiumhome.fi\/index.php\/wp-json\/wp\/v2\/product\/175904","targetHints":{"allow":["GET"]}}],"collection":[{"href":"https:\/\/www.otiumhome.fi\/index.php\/wp-json\/wp\/v2\/product"}],"about":[{"href":"https:\/\/www.otiumhome.fi\/index.php\/wp-json\/wp\/v2\/types\/product"}],"replies":[{"embeddable":true,"href":"https:\/\/www.otiumhome.fi\/index.php\/wp-json\/wp\/v2\/comments?post=175904"}],"wp:featuredmedia":[{"embeddable":true,"href":"https:\/\/www.otiumhome.fi\/index.php\/wp-json\/"}],"wp:attachment":[{"href":"https:\/\/www.otiumhome.fi\/index.php\/wp-json\/wp\/v2\/media?parent=175904"}],"wp:term":[{"taxonomy":"product_brand","embeddable":true,"href":"https:\/\/www.otiumhome.fi\/index.php\/wp-json\/wp\/v2\/product_brand?post=175904"},{"taxonomy":"product_cat","embeddable":true,"href":"https:\/\/www.otiumhome.fi\/index.php\/wp-json\/wp\/v2\/product_cat?post=175904"},{"taxonomy":"product_tag","embeddable":true,"href":"https:\/\/www.otiumhome.fi\/index.php\/wp-json\/wp\/v2\/product_tag?post=175904"}],"curies":[{"name":"wp","href":"https:\/\/api.w.org\/{rel}","templated":true}]}}