{"id":175894,"date":"2025-10-15T00:26:49","date_gmt":"2025-10-15T00:26:49","guid":{"rendered":"https:\/\/www.otiumhome.fi\/?p=175894"},"modified":"2025-12-14T05:39:40","modified_gmt":"2025-12-14T05:39:40","slug":"ruokatuolit-6-kpl-valkoinen-pp","status":"publish","type":"product","link":"https:\/\/www.otiumhome.fi\/index.php\/tuote\/ruokatuolit-6-kpl-valkoinen-pp\/","title":{"rendered":"Ruokatuolit 6 kpl valkoinen PP"},"content":{"rendered":"<p>Tuo nykyaikaista vieh\u00e4tysvoimaa sisustukseesi n\u00e4ill\u00e4 minimalistisilla ruokatuoleilla!<\/p>\n<\/p>\n<p>N\u00e4m\u00e4 ruokatuolit on valmistettu polypropeenista, joten niiden puhdistus k\u00e4y helposti. Metallijalat lis\u00e4\u00e4v\u00e4t keitti\u00f6tuolien tukevuutta ja vakautta. Ergonomisella selk\u00e4nojalla suunnitellut tuolit takaavat parhaan mahdollisen istumamukavuuden.<\/p>\n<ul>\n<li>V\u00e4ri: valkoinen<\/li>\n<li>Materiaali: PP (polypropeeni), jauhemaalattu metalli<\/li>\n<li>Mitat: 46 x 52 x 84 cm (L x S x K)<\/li>\n<li>Istuimen syvyys: 38 cm<\/li>\n<li>Istuimen korkeus maasta: 47 cm<\/li>\n<li>Selk\u00e4nojan korkeus istuimesta: 40 cm<\/li>\n<li>Asennus vaaditaan: kyll\u00e4<\/li>\n<li><strong>Toimitus sis\u00e4lt\u00e4\u00e4:<\/strong><\/li>\n<li>6 x ruokatuoli<\/li>\n<\/ul>\n","protected":false},"excerpt":{"rendered":"<ul>\n<li>V\u00e4ri: valkoinen<\/li>\n<li>Materiaali: PP (polypropeeni), jauhemaalattu metalli<\/li>\n<li>Mitat: 46 x 52 x 84 cm (L x S x K)<\/li>\n<li>Istuimen syvyys: 38 cm<\/li>\n<li>Istuimen korkeus maasta: 47 cm<\/li>\n<li>Selk\u00e4nojan korkeus istuimesta: 40 cm<\/li>\n<li>Asennus vaaditaan: kyll\u00e4<\/li>\n<li><strong>Toimitus sis\u00e4lt\u00e4\u00e4:<\/strong><\/li>\n<li>6 x ruokatuoli<\/li>\n<\/ul>\n","protected":false},"featured_media":100000175894,"comment_status":"closed","ping_status":"closed","template":"","meta":[],"product_brand":[],"product_cat":[84,8542],"product_tag":[],"class_list":{"0":"post-175894","1":"product","2":"type-product","3":"status-publish","4":"has-post-thumbnail","6":"product_cat-huonekalut","7":"product_cat-keittion-ruokapoydan-tuolit","9":"first","10":"instock","11":"taxable","12":"shipping-taxable","13":"purchasable","14":"product-type-simple"},"_links":{"self":[{"href":"https:\/\/www.otiumhome.fi\/index.php\/wp-json\/wp\/v2\/product\/175894","targetHints":{"allow":["GET"]}}],"collection":[{"href":"https:\/\/www.otiumhome.fi\/index.php\/wp-json\/wp\/v2\/product"}],"about":[{"href":"https:\/\/www.otiumhome.fi\/index.php\/wp-json\/wp\/v2\/types\/product"}],"replies":[{"embeddable":true,"href":"https:\/\/www.otiumhome.fi\/index.php\/wp-json\/wp\/v2\/comments?post=175894"}],"wp:featuredmedia":[{"embeddable":true,"href":"https:\/\/www.otiumhome.fi\/index.php\/wp-json\/"}],"wp:attachment":[{"href":"https:\/\/www.otiumhome.fi\/index.php\/wp-json\/wp\/v2\/media?parent=175894"}],"wp:term":[{"taxonomy":"product_brand","embeddable":true,"href":"https:\/\/www.otiumhome.fi\/index.php\/wp-json\/wp\/v2\/product_brand?post=175894"},{"taxonomy":"product_cat","embeddable":true,"href":"https:\/\/www.otiumhome.fi\/index.php\/wp-json\/wp\/v2\/product_cat?post=175894"},{"taxonomy":"product_tag","embeddable":true,"href":"https:\/\/www.otiumhome.fi\/index.php\/wp-json\/wp\/v2\/product_tag?post=175894"}],"curies":[{"name":"wp","href":"https:\/\/api.w.org\/{rel}","templated":true}]}}