{"id":175885,"date":"2025-10-15T00:08:24","date_gmt":"2025-10-15T00:08:24","guid":{"rendered":"https:\/\/www.otiumhome.fi\/?p=175885"},"modified":"2025-10-15T18:29:35","modified_gmt":"2025-10-15T18:29:35","slug":"tv-taso-145x35x35-cm-taysi-akasiapuu","status":"publish","type":"product","link":"https:\/\/www.otiumhome.fi\/index.php\/tuote\/tv-taso-145x35x35-cm-taysi-akasiapuu\/","title":{"rendered":"TV-taso 145x35x35 cm t\u00e4ysi akasiapuu"},"content":{"rendered":"<p>T\u00e4m\u00e4 ainutlaatuinen puinen TV-taso on erinomainen valinta makuu- tai olohuoneeseen!<\/p>\n<\/p>\n<p>Hifi-kaappi on valmistettu t\u00e4ydest\u00e4 akasiapuusta, trooppisesta lehtipuusta, joka on s\u00e4\u00e4nkest\u00e4v\u00e4 ja pitk\u00e4ik\u00e4inen. Jokainen ty\u00f6vaihe on tehty erityisen huolellisesti, olipa kyseess\u00e4 sitten kiillotus, maalaus tai lakkaus. Valmistajan ammattitaito ja kauniit puun syyt tekev\u00e4t jokaisesta huonekalusta ainutlaatuisen ja hieman erilaisen kuin muista. Tukeva p\u00f6yt\u00e4levy on ihanteellinen TV:n ja stereoj\u00e4rjestelm\u00e4n sijoittamiseen, mutta se sopii my\u00f6s koristeille, kuten maljakoille ja ruukkukasveille. TV-taso tarjoaa my\u00f6s runsaasti s\u00e4ilytystilaa DVD-soittimille, pelikonsoleille, striimauslaitteille, medialaitteille, jne. niiden siistiss\u00e4 j\u00e4rjestyksess\u00e4 pit\u00e4miseen.<\/p>\n<\/p>\n<p>T\u00e4rke\u00e4 huomio: V\u00e4rit ja puunsyyt saattavat vaihdella kappaleittain, mik\u00e4 tekee jokaisesta huonekalusta ainutlaatuisen. Toimitus on sattumanvarainen.<\/p>\n<ul>\n<li>Materiaali: luonnollisesti pintak\u00e4sitelty t\u00e4ysi akasiapuu, eri puulajien sekoitus<\/li>\n<li>Mitat: 145 x 35 x 35 cm (L x S x K)<\/li>\n<li>Runsaasti s\u00e4ilytystilaa<\/li>\n<li>Hiottu, maalattu ja lakattu<\/li>\n<li>Asennus vaaditaan: kyll\u00e4<\/li>\n<\/ul>\n","protected":false},"excerpt":{"rendered":"<ul>\n<li>Materiaali: luonnollisesti pintak\u00e4sitelty t\u00e4ysi akasiapuu, eri puulajien sekoitus<\/li>\n<li>Mitat: 145 x 35 x 35 cm (L x S x K)<\/li>\n<li>Runsaasti s\u00e4ilytystilaa<\/li>\n<li>Hiottu, maalattu ja lakattu<\/li>\n<li>Asennus vaaditaan: kyll\u00e4<\/li>\n<\/ul>\n","protected":false},"featured_media":100000175885,"comment_status":"closed","ping_status":"closed","template":"","meta":[],"product_brand":[],"product_cat":[84],"product_tag":[],"class_list":{"0":"post-175885","1":"product","2":"type-product","3":"status-publish","4":"has-post-thumbnail","6":"product_cat-huonekalut","8":"first","9":"instock","10":"taxable","11":"shipping-taxable","12":"purchasable","13":"product-type-simple"},"_links":{"self":[{"href":"https:\/\/www.otiumhome.fi\/index.php\/wp-json\/wp\/v2\/product\/175885","targetHints":{"allow":["GET"]}}],"collection":[{"href":"https:\/\/www.otiumhome.fi\/index.php\/wp-json\/wp\/v2\/product"}],"about":[{"href":"https:\/\/www.otiumhome.fi\/index.php\/wp-json\/wp\/v2\/types\/product"}],"replies":[{"embeddable":true,"href":"https:\/\/www.otiumhome.fi\/index.php\/wp-json\/wp\/v2\/comments?post=175885"}],"wp:featuredmedia":[{"embeddable":true,"href":"https:\/\/www.otiumhome.fi\/index.php\/wp-json\/"}],"wp:attachment":[{"href":"https:\/\/www.otiumhome.fi\/index.php\/wp-json\/wp\/v2\/media?parent=175885"}],"wp:term":[{"taxonomy":"product_brand","embeddable":true,"href":"https:\/\/www.otiumhome.fi\/index.php\/wp-json\/wp\/v2\/product_brand?post=175885"},{"taxonomy":"product_cat","embeddable":true,"href":"https:\/\/www.otiumhome.fi\/index.php\/wp-json\/wp\/v2\/product_cat?post=175885"},{"taxonomy":"product_tag","embeddable":true,"href":"https:\/\/www.otiumhome.fi\/index.php\/wp-json\/wp\/v2\/product_tag?post=175885"}],"curies":[{"name":"wp","href":"https:\/\/api.w.org\/{rel}","templated":true}]}}