{"id":175881,"date":"2025-10-15T00:07:26","date_gmt":"2025-10-15T00:07:26","guid":{"rendered":"https:\/\/www.otiumhome.fi\/?p=175881"},"modified":"2025-10-15T13:12:27","modified_gmt":"2025-10-15T13:12:27","slug":"baarijakkara-sinapinkeltainen-sametti","status":"publish","type":"product","link":"https:\/\/www.otiumhome.fi\/index.php\/tuote\/baarijakkara-sinapinkeltainen-sametti\/","title":{"rendered":"Baarijakkara sinapinkeltainen sametti"},"content":{"rendered":"<p>Nauti lasillinen viini\u00e4, haukkaa v\u00e4lipala tai rentoudu istuen t\u00e4ll\u00e4 trendikk\u00e4\u00e4ll\u00e4 baarijakkaralla.<\/p>\n<\/p>\n<p>Baarituoli on verhoiltu pehme\u00e4n tuntuisella sametilla optimaalisen mukavuuden takaamiseksi. Musta jauhemaalattu ter\u00e4srunko tarjoaa korkean luokan tukevuutta. Kaasunostomekanismin ansiosta t\u00e4m\u00e4 baarijakkara on korkeudeltaan s\u00e4\u00e4dett\u00e4viss\u00e4 ja t\u00e4ydellinen lis\u00e4 jokaiseen toimivaan baariin tai ruokailutilaan. Se k\u00e4\u00e4ntyy 360 astetta mahtavan joustavuuden takaamiseksi.<\/p>\n<ul>\n<li>V\u00e4ri: sinapinkeltainen<\/li>\n<li>Materiaali: Sametti (100 % polyesteri), ter\u00e4s<\/li>\n<li>Mitat: 46 x 44 x (62,5 &#8211; 77,5) cm (L x S x K)<\/li>\n<li>Istuimen leveys: 38,5 cm<\/li>\n<li>Selk\u00e4nojan korkeus: 30,5 cm<\/li>\n<li>Pohjan halkaisija: 38,5 cm<\/li>\n<li>360 asteen kierto<\/li>\n<li>Kaasujousimekanismi<\/li>\n<li>Korkeus s\u00e4\u00e4dett\u00e4viss\u00e4: kyll\u00e4<\/li>\n<li>Asennus vaaditaan: Kyll\u00e4<\/li>\n<\/ul>\n","protected":false},"excerpt":{"rendered":"<ul>\n<li>V\u00e4ri: sinapinkeltainen<\/li>\n<li>Materiaali: Sametti (100 % polyesteri), ter\u00e4s<\/li>\n<li>Mitat: 46 x 44 x (62,5 &#8211; 77,5) cm (L x S x K)<\/li>\n<li>Istuimen leveys: 38,5 cm<\/li>\n<li>Selk\u00e4nojan korkeus: 30,5 cm<\/li>\n<li>Pohjan halkaisija: 38,5 cm<\/li>\n<li>360 asteen kierto<\/li>\n<li>Kaasujousimekanismi<\/li>\n<li>Korkeus s\u00e4\u00e4dett\u00e4viss\u00e4: kyll\u00e4<\/li>\n<li>Asennus vaaditaan: Kyll\u00e4<\/li>\n<\/ul>\n","protected":false},"featured_media":100000175881,"comment_status":"closed","ping_status":"closed","template":"","meta":[],"product_brand":[],"product_cat":[8536,84],"product_tag":[],"class_list":{"0":"post-175881","1":"product","2":"type-product","3":"status-publish","4":"has-post-thumbnail","6":"product_cat-baarijakkarat","7":"product_cat-huonekalut","9":"first","10":"outofstock","11":"taxable","12":"shipping-taxable","13":"purchasable","14":"product-type-simple"},"_links":{"self":[{"href":"https:\/\/www.otiumhome.fi\/index.php\/wp-json\/wp\/v2\/product\/175881","targetHints":{"allow":["GET"]}}],"collection":[{"href":"https:\/\/www.otiumhome.fi\/index.php\/wp-json\/wp\/v2\/product"}],"about":[{"href":"https:\/\/www.otiumhome.fi\/index.php\/wp-json\/wp\/v2\/types\/product"}],"replies":[{"embeddable":true,"href":"https:\/\/www.otiumhome.fi\/index.php\/wp-json\/wp\/v2\/comments?post=175881"}],"wp:featuredmedia":[{"embeddable":true,"href":"https:\/\/www.otiumhome.fi\/index.php\/wp-json\/"}],"wp:attachment":[{"href":"https:\/\/www.otiumhome.fi\/index.php\/wp-json\/wp\/v2\/media?parent=175881"}],"wp:term":[{"taxonomy":"product_brand","embeddable":true,"href":"https:\/\/www.otiumhome.fi\/index.php\/wp-json\/wp\/v2\/product_brand?post=175881"},{"taxonomy":"product_cat","embeddable":true,"href":"https:\/\/www.otiumhome.fi\/index.php\/wp-json\/wp\/v2\/product_cat?post=175881"},{"taxonomy":"product_tag","embeddable":true,"href":"https:\/\/www.otiumhome.fi\/index.php\/wp-json\/wp\/v2\/product_tag?post=175881"}],"curies":[{"name":"wp","href":"https:\/\/api.w.org\/{rel}","templated":true}]}}